{"id":9993,"date":"2025-02-08T19:42:55","date_gmt":"2025-02-08T19:42:55","guid":{"rendered":"https:\/\/concepcion.de\/?post_type=product&#038;p=9993"},"modified":"2025-03-19T16:48:49","modified_gmt":"2025-03-19T16:48:49","slug":"der-kindsmord-zu-schoeneck","status":"publish","type":"product","link":"https:\/\/concepcion.de\/index.php\/produkt\/der-kindsmord-zu-schoeneck\/","title":{"rendered":"Der Kindsmord zu Sch\u00f6neck"},"content":{"rendered":"<p>1715 ersticht die zwanzigj\u00e4hrige Johanna Elisabeth M\u00fcller, Pfarrerstochter aus Sch\u00f6neck, ihr Neugeborenes. Inzestger\u00fcchte wabern. Wird die M\u00f6rderin hingerichtet, wie 17 Jahre vorher eine vermeintliche Brandstifterin, die 14-j\u00e4hrige Maria Meyen? Der Mord bedroht das Ansehen der evangelischen, lutherischen Landeskirche Sachsens. K\u00f6nig und Kurf\u00fcrst August der Starke greift ein.<\/p>\n<p>Die Dokumente vermitteln ein lebensnahes Bild vom Ungl\u00fcck, das \u00fcber die Pfarrersfamilie hereingebrochen war. Der Ausgang der juristischen Verfolgung des Verbrechens \u00fcberrascht.<\/p>\n","protected":false},"excerpt":{"rendered":"<p>1715 ersticht die zwanzigj\u00e4hrige Johanna Elisabeth M\u00fcller, Pfarrerstochter aus Sch\u00f6neck, ihr Neugeborenes. Inzestger\u00fcchte wabern. Wird die M\u00f6rderin hingerichtet, wie 17 Jahre vorher eine vermeintliche Brandstifterin, die 14-j\u00e4hrige Maria Meyen? Der Mord bedroht das Ansehen der evangelischen, lutherischen Landeskirche Sachsens. K\u00f6nig und Kurf\u00fcrst August der Starke greift ein. Die Dokumente vermitteln ein lebensnahes Bild vom Ungl\u00fcck, das \u00fcber die Pfarrersfamilie hereingebrochen war. Der Ausgang der juristischen Verfolgung des Verbrechens \u00fcberrascht.<\/p>\n","protected":false},"featured_media":6328,"template":"","meta":[],"product_brand":[],"product_cat":[15,25],"product_tag":[],"class_list":{"0":"post-9993","1":"product","2":"type-product","3":"status-publish","4":"has-post-thumbnail","6":"product_cat-concepcion-seidel-ohg","7":"product_cat-individuelles-geschichte-und-gegenwart","8":"product_shipping_class-buecher-bis-2kg","10":"first","11":"instock","12":"shipping-taxable","13":"purchasable","14":"product-type-simple"},"acf":[],"_links":{"self":[{"href":"https:\/\/concepcion.de\/index.php\/wp-json\/wp\/v2\/product\/9993","targetHints":{"allow":["GET"]}}],"collection":[{"href":"https:\/\/concepcion.de\/index.php\/wp-json\/wp\/v2\/product"}],"about":[{"href":"https:\/\/concepcion.de\/index.php\/wp-json\/wp\/v2\/types\/product"}],"wp:featuredmedia":[{"embeddable":true,"href":"https:\/\/concepcion.de\/index.php\/wp-json\/wp\/v2\/media\/6328"}],"wp:attachment":[{"href":"https:\/\/concepcion.de\/index.php\/wp-json\/wp\/v2\/media?parent=9993"}],"wp:term":[{"taxonomy":"product_brand","embeddable":true,"href":"https:\/\/concepcion.de\/index.php\/wp-json\/wp\/v2\/product_brand?post=9993"},{"taxonomy":"product_cat","embeddable":true,"href":"https:\/\/concepcion.de\/index.php\/wp-json\/wp\/v2\/product_cat?post=9993"},{"taxonomy":"product_tag","embeddable":true,"href":"https:\/\/concepcion.de\/index.php\/wp-json\/wp\/v2\/product_tag?post=9993"}],"curies":[{"name":"wp","href":"https:\/\/api.w.org\/{rel}","templated":true}]}}