{"id":9947,"date":"2025-02-08T19:42:41","date_gmt":"2025-02-08T19:42:41","guid":{"rendered":"https:\/\/concepcion.de\/?post_type=product&#038;p=9947"},"modified":"2025-03-19T16:48:20","modified_gmt":"2025-03-19T16:48:20","slug":"adams-apfel","status":"publish","type":"product","link":"https:\/\/concepcion.de\/index.php\/produkt\/adams-apfel\/","title":{"rendered":"Adams Apfel"},"content":{"rendered":"<p>Im Limfjord, auf der Insel Mors in D\u00e4nemark melden deutsche Urlauber das Vermieterehepaar Krister und Edda Hendrikson als vermisst. Etwa drei Wochen sp\u00e4ter wird die Leiche von Krister angetrieben, von der Frau fehlt weiterhin jede Spur.<\/p>\n<p>Die folgenden Ermittlungen von Kommissar Anders Bellund und seiner jungen, ehrgeizigen Kollegin Monika Hellerup enth\u00fcllen enge Verbindungen zur Neonazi-Szene und dubiose Verquickungen mit Medizin- und Umweltskandalen in der Dritten Welt, in der die Hendriksons viele Jahre f\u00fcr humanit\u00e4re Organisationen auf verschiedenen Kontinenten gearbeitet hatten. Allerdings finden sich keine Anhaltspunkte f\u00fcr den Mord. Nur die Befragung der deutschen Urlauber \u2013 das Arztehepaar Liebermann aus dem s\u00e4chsischen Zwickau \u2013 verspricht, Licht ins Dunkel zu bringen. Die Reise nach Sachsen bringt jedoch f\u00fcr die d\u00e4nische Kommissarin eine unerwartete Wende.<\/p>\n","protected":false},"excerpt":{"rendered":"<p>Im Limfjord, auf der Insel Mors in D\u00e4nemark melden deutsche Urlauber das Vermieterehepaar Krister und Edda Hendrikson als vermisst. Etwa drei Wochen sp\u00e4ter wird die Leiche von Krister angetrieben, von der Frau fehlt weiterhin jede Spur. Die folgenden Ermittlungen von Kommissar Anders Bellund und seiner jungen, ehrgeizigen Kollegin Monika Hellerup enth\u00fcllen enge Verbindungen zur Neonazi-Szene und dubiose Verquickungen mit Medizin- und Umweltskandalen in der Dritten Welt, in der die Hendriksons viele Jahre f\u00fcr humanit\u00e4re Organisationen auf verschiedenen Kontinenten gearbeitet hatten. Allerdings finden sich keine Anhaltspunkte f\u00fcr den Mord. Nur die Befragung der deutschen Urlauber \u2013 das Arztehepaar Liebermann aus dem s\u00e4chsischen Zwickau \u2013 verspricht, Licht ins Dunkel zu bringen. Die Reise nach Sachsen bringt jedoch f\u00fcr die d\u00e4nische Kommissarin eine unerwartete Wende.<\/p>\n","protected":false},"featured_media":6324,"template":"","meta":[],"product_brand":[],"product_cat":[42,15],"product_tag":[],"class_list":{"0":"post-9947","1":"product","2":"type-product","3":"status-publish","4":"has-post-thumbnail","6":"product_cat-allgemeines","7":"product_cat-concepcion-seidel-ohg","8":"product_shipping_class-buecher-bis-2kg","10":"first","11":"instock","12":"shipping-taxable","13":"purchasable","14":"product-type-simple"},"acf":[],"_links":{"self":[{"href":"https:\/\/concepcion.de\/index.php\/wp-json\/wp\/v2\/product\/9947","targetHints":{"allow":["GET"]}}],"collection":[{"href":"https:\/\/concepcion.de\/index.php\/wp-json\/wp\/v2\/product"}],"about":[{"href":"https:\/\/concepcion.de\/index.php\/wp-json\/wp\/v2\/types\/product"}],"wp:featuredmedia":[{"embeddable":true,"href":"https:\/\/concepcion.de\/index.php\/wp-json\/wp\/v2\/media\/6324"}],"wp:attachment":[{"href":"https:\/\/concepcion.de\/index.php\/wp-json\/wp\/v2\/media?parent=9947"}],"wp:term":[{"taxonomy":"product_brand","embeddable":true,"href":"https:\/\/concepcion.de\/index.php\/wp-json\/wp\/v2\/product_brand?post=9947"},{"taxonomy":"product_cat","embeddable":true,"href":"https:\/\/concepcion.de\/index.php\/wp-json\/wp\/v2\/product_cat?post=9947"},{"taxonomy":"product_tag","embeddable":true,"href":"https:\/\/concepcion.de\/index.php\/wp-json\/wp\/v2\/product_tag?post=9947"}],"curies":[{"name":"wp","href":"https:\/\/api.w.org\/{rel}","templated":true}]}}