{"id":9914,"date":"2025-02-08T19:42:29","date_gmt":"2025-02-08T19:42:29","guid":{"rendered":"https:\/\/concepcion.de\/?post_type=product&#038;p=9914"},"modified":"2025-03-19T16:46:10","modified_gmt":"2025-03-19T16:46:10","slug":"mauerfall-deutsche-einheit-gott-sei-dank-2-auflage","status":"publish","type":"product","link":"https:\/\/concepcion.de\/index.php\/produkt\/mauerfall-deutsche-einheit-gott-sei-dank-2-auflage\/","title":{"rendered":"Mauerfall, Deutsche Einheit &#8211; Gott sei Dank!"},"content":{"rendered":"<p><strong>Das Buch &#8211; nach 30 Jahren<\/strong><\/p>\n<p>Helmut Matthies, J\u00f6rg Swoboda, Michael Kretschmer (MP Sachsen), Harald Bretschneider, Prof. Dr. Dr. Thomas Schirrmacher u.v.a. berichten von ihren Erlebnissen in der Zeit der Wende.<\/p>\n<p><strong>Peter Hahne (TV-Mod. u. Bestseller-Autor):<\/strong><br \/>\n<em>\u201eEs ist mein sch\u00f6nstes Geburtstagsgeschenk: Am Abend des 9. November 1989 sa\u00df ich tr\u00e4nen\u00fcberstr\u00f6mt am Fernseher, um kein Bild dieser Wundernacht zu verpassen.<br \/>\nDie namhaften Zeitzeugen dieses Buches sind Beweis, dass Zukunft Herkunft ist.<br \/>\nWenn wir nicht vergessen, was wir wann, wie erk\u00e4mpft haben, k\u00f6nnen wir begreifen, dass \u201eder Osten\u201c anders tickt. Dass er das, was er mit hohem Einsatz gewonnen hat, nicht verlieren will. Ein wichtiges Buch also f\u00fcr Ossis UND Wessis!\u201c<\/em><\/p>\n","protected":false},"excerpt":{"rendered":"<p>Das Buch &#8211; nach 30 Jahren Helmut Matthies, J\u00f6rg Swoboda, Michael Kretschmer (MP Sachsen), Harald Bretschneider, Prof. Dr. Dr. Thomas Schirrmacher u.v.a. berichten von ihren Erlebnissen in der Zeit der Wende. Peter Hahne (TV-Mod. u. Bestseller-Autor): \u201eEs ist mein sch\u00f6nstes Geburtstagsgeschenk: Am Abend des 9. November 1989 sa\u00df ich tr\u00e4nen\u00fcberstr\u00f6mt am Fernseher, um kein Bild dieser Wundernacht zu verpassen. Die namhaften Zeitzeugen dieses Buches sind Beweis, dass Zukunft Herkunft ist. Wenn wir nicht vergessen, was wir wann, wie erk\u00e4mpft haben, k\u00f6nnen wir begreifen, dass \u201eder Osten\u201c anders tickt. Dass er das, was er mit hohem Einsatz gewonnen hat, nicht verlieren will. Ein wichtiges Buch also f\u00fcr Ossis UND Wessis!\u201c<\/p>\n","protected":false},"featured_media":6321,"template":"","meta":[],"product_brand":[],"product_cat":[15,25],"product_tag":[],"class_list":{"0":"post-9914","1":"product","2":"type-product","3":"status-publish","4":"has-post-thumbnail","6":"product_cat-concepcion-seidel-ohg","7":"product_cat-individuelles-geschichte-und-gegenwart","8":"product_shipping_class-buecher-bis-2kg","10":"first","11":"instock","12":"shipping-taxable","13":"purchasable","14":"product-type-simple"},"acf":[],"_links":{"self":[{"href":"https:\/\/concepcion.de\/index.php\/wp-json\/wp\/v2\/product\/9914","targetHints":{"allow":["GET"]}}],"collection":[{"href":"https:\/\/concepcion.de\/index.php\/wp-json\/wp\/v2\/product"}],"about":[{"href":"https:\/\/concepcion.de\/index.php\/wp-json\/wp\/v2\/types\/product"}],"wp:featuredmedia":[{"embeddable":true,"href":"https:\/\/concepcion.de\/index.php\/wp-json\/wp\/v2\/media\/6321"}],"wp:attachment":[{"href":"https:\/\/concepcion.de\/index.php\/wp-json\/wp\/v2\/media?parent=9914"}],"wp:term":[{"taxonomy":"product_brand","embeddable":true,"href":"https:\/\/concepcion.de\/index.php\/wp-json\/wp\/v2\/product_brand?post=9914"},{"taxonomy":"product_cat","embeddable":true,"href":"https:\/\/concepcion.de\/index.php\/wp-json\/wp\/v2\/product_cat?post=9914"},{"taxonomy":"product_tag","embeddable":true,"href":"https:\/\/concepcion.de\/index.php\/wp-json\/wp\/v2\/product_tag?post=9914"}],"curies":[{"name":"wp","href":"https:\/\/api.w.org\/{rel}","templated":true}]}}