{"id":9913,"date":"2025-02-08T19:42:29","date_gmt":"2025-02-08T19:42:29","guid":{"rendered":"https:\/\/concepcion.de\/?post_type=product&#038;p=9913"},"modified":"2025-02-11T17:35:37","modified_gmt":"2025-02-11T17:35:37","slug":"grusskartenbox-baeume-im-winter","status":"publish","type":"product","link":"https:\/\/concepcion.de\/index.php\/produkt\/grusskartenbox-baeume-im-winter\/","title":{"rendered":"Gru\u00dfkartenbox-B\u00e4ume im Winter"},"content":{"rendered":"<p>Gru\u00dfkartenbox-B\u00e4ume im Winter<\/p>\n","protected":false},"excerpt":{"rendered":"<p>Gru\u00dfkartenbox-B\u00e4ume im Winter<\/p>\n","protected":false},"featured_media":7004,"template":"","meta":[],"product_brand":[],"product_cat":[53],"product_tag":[],"class_list":{"0":"post-9913","1":"product","2":"type-product","3":"status-publish","4":"has-post-thumbnail","6":"product_cat-weihnachten","7":"product_shipping_class-buecher-bis-2kg","9":"first","10":"instock","11":"shipping-taxable","12":"purchasable","13":"product-type-simple"},"acf":[],"_links":{"self":[{"href":"https:\/\/concepcion.de\/index.php\/wp-json\/wp\/v2\/product\/9913","targetHints":{"allow":["GET"]}}],"collection":[{"href":"https:\/\/concepcion.de\/index.php\/wp-json\/wp\/v2\/product"}],"about":[{"href":"https:\/\/concepcion.de\/index.php\/wp-json\/wp\/v2\/types\/product"}],"wp:featuredmedia":[{"embeddable":true,"href":"https:\/\/concepcion.de\/index.php\/wp-json\/wp\/v2\/media\/7004"}],"wp:attachment":[{"href":"https:\/\/concepcion.de\/index.php\/wp-json\/wp\/v2\/media?parent=9913"}],"wp:term":[{"taxonomy":"product_brand","embeddable":true,"href":"https:\/\/concepcion.de\/index.php\/wp-json\/wp\/v2\/product_brand?post=9913"},{"taxonomy":"product_cat","embeddable":true,"href":"https:\/\/concepcion.de\/index.php\/wp-json\/wp\/v2\/product_cat?post=9913"},{"taxonomy":"product_tag","embeddable":true,"href":"https:\/\/concepcion.de\/index.php\/wp-json\/wp\/v2\/product_tag?post=9913"}],"curies":[{"name":"wp","href":"https:\/\/api.w.org\/{rel}","templated":true}]}}