{"id":9903,"date":"2025-02-08T19:42:18","date_gmt":"2025-02-08T19:42:18","guid":{"rendered":"https:\/\/concepcion.de\/?post_type=product&#038;p=9903"},"modified":"2025-03-19T16:43:50","modified_gmt":"2025-03-19T16:43:50","slug":"jesus-in-bibel-und-koran","status":"publish","type":"product","link":"https:\/\/concepcion.de\/index.php\/produkt\/jesus-in-bibel-und-koran\/","title":{"rendered":"Jesus in Bibel und Koran"},"content":{"rendered":"<p>Wer ist Jesus?<\/p>\n<p>&#8211; Welche Bedeutung hat er f\u00fcr uns Menschen? Das sind Fragen, auf die das Christentum und der Islam unterschiedliche Antworten geben. Aber welche Antworten sind richtig, welche Antworten sind wahr? &#8211;<\/p>\n<p>Der Verfasser macht in seinem Buch eine Gegen\u00fcberstellung der Aussagen \u00fcber Jesus in Bibel und Koran und verarbeitet diese. Er schreibt sehr verst\u00e4ndlich und fundiert und hilft dem Leser, besser durchzublicken, denn nur wer mit m\u00f6glichst allen Fakten vertraut ist, kann auch die richtigen Schl\u00fcsse f\u00fcr sich ziehen.<br \/>\n<em>Dietmar Rieger (Hg.)<\/em><\/p>\n","protected":false},"excerpt":{"rendered":"<p>Wer ist Jesus? &#8211; Welche Bedeutung hat er f\u00fcr uns Menschen? Das sind Fragen, auf die das Christentum und der Islam unterschiedliche Antworten geben. Aber welche Antworten sind richtig, welche Antworten sind wahr? &#8211; Der Verfasser macht in seinem Buch eine Gegen\u00fcberstellung der Aussagen \u00fcber Jesus in Bibel und Koran und verarbeitet diese. Er schreibt sehr verst\u00e4ndlich und fundiert und hilft dem Leser, besser durchzublicken, denn nur wer mit m\u00f6glichst allen Fakten vertraut ist, kann auch die richtigen Schl\u00fcsse f\u00fcr sich ziehen. Dietmar Rieger (Hg.)<\/p>\n","protected":false},"featured_media":6663,"template":"","meta":[],"product_brand":[],"product_cat":[82,15],"product_tag":[],"class_list":{"0":"post-9903","1":"product","2":"type-product","3":"status-publish","4":"has-post-thumbnail","6":"product_cat-bibel-grundsaetzliches","7":"product_cat-concepcion-seidel-ohg","8":"product_shipping_class-buecher-bis-2kg","10":"first","11":"instock","12":"shipping-taxable","13":"purchasable","14":"product-type-simple"},"acf":[],"_links":{"self":[{"href":"https:\/\/concepcion.de\/index.php\/wp-json\/wp\/v2\/product\/9903","targetHints":{"allow":["GET"]}}],"collection":[{"href":"https:\/\/concepcion.de\/index.php\/wp-json\/wp\/v2\/product"}],"about":[{"href":"https:\/\/concepcion.de\/index.php\/wp-json\/wp\/v2\/types\/product"}],"wp:featuredmedia":[{"embeddable":true,"href":"https:\/\/concepcion.de\/index.php\/wp-json\/wp\/v2\/media\/6663"}],"wp:attachment":[{"href":"https:\/\/concepcion.de\/index.php\/wp-json\/wp\/v2\/media?parent=9903"}],"wp:term":[{"taxonomy":"product_brand","embeddable":true,"href":"https:\/\/concepcion.de\/index.php\/wp-json\/wp\/v2\/product_brand?post=9903"},{"taxonomy":"product_cat","embeddable":true,"href":"https:\/\/concepcion.de\/index.php\/wp-json\/wp\/v2\/product_cat?post=9903"},{"taxonomy":"product_tag","embeddable":true,"href":"https:\/\/concepcion.de\/index.php\/wp-json\/wp\/v2\/product_tag?post=9903"}],"curies":[{"name":"wp","href":"https:\/\/api.w.org\/{rel}","templated":true}]}}