{"id":9870,"date":"2025-02-08T19:42:06","date_gmt":"2025-02-08T19:42:06","guid":{"rendered":"https:\/\/concepcion.de\/?post_type=product&#038;p=9870"},"modified":"2025-03-19T16:42:55","modified_gmt":"2025-03-19T16:42:55","slug":"pastor-im-funkenflug","status":"publish","type":"product","link":"https:\/\/concepcion.de\/index.php\/produkt\/pastor-im-funkenflug\/","title":{"rendered":"Pastor im Funkenflug"},"content":{"rendered":"<p>Die Ober\u00e4rztin Dr. Sandra Brunner verliebt sich in einen geheilten Patienten, der nach langer Krankheit ganz unten auf der sozialen Abstiegsleiter angekommen ist, aber aus eigener Anstrengung den R\u00fcckweg in ein selbstfinanziertes Leben schafft. Obwohl Sandra die Frau seiner Tr\u00e4ume ist, scheint f\u00fcr Joel kein gemeinsamer Weg m\u00f6glich zu sein.<\/p>\n<p>Gehen Sie den emotionsgeladenen Weg von Sandra und Joel mit, f\u00fcr die Vergebung, wie Jesus Christus sie anbietet, zum Schl\u00fcssel einer wundersch\u00f6nen Liebesbeziehung wird.<\/p>\n","protected":false},"excerpt":{"rendered":"<p>Die Ober\u00e4rztin Dr. Sandra Brunner verliebt sich in einen geheilten Patienten, der nach langer Krankheit ganz unten auf der sozialen Abstiegsleiter angekommen ist, aber aus eigener Anstrengung den R\u00fcckweg in ein selbstfinanziertes Leben schafft. Obwohl Sandra die Frau seiner Tr\u00e4ume ist, scheint f\u00fcr Joel kein gemeinsamer Weg m\u00f6glich zu sein. Gehen Sie den emotionsgeladenen Weg von Sandra und Joel mit, f\u00fcr die Vergebung, wie Jesus Christus sie anbietet, zum Schl\u00fcssel einer wundersch\u00f6nen Liebesbeziehung wird.<\/p>\n","protected":false},"featured_media":6317,"template":"","meta":[],"product_brand":[],"product_cat":[42,15],"product_tag":[],"class_list":{"0":"post-9870","1":"product","2":"type-product","3":"status-publish","4":"has-post-thumbnail","6":"product_cat-allgemeines","7":"product_cat-concepcion-seidel-ohg","8":"product_shipping_class-buecher-bis-2kg","10":"first","11":"instock","12":"shipping-taxable","13":"purchasable","14":"product-type-simple"},"acf":[],"_links":{"self":[{"href":"https:\/\/concepcion.de\/index.php\/wp-json\/wp\/v2\/product\/9870","targetHints":{"allow":["GET"]}}],"collection":[{"href":"https:\/\/concepcion.de\/index.php\/wp-json\/wp\/v2\/product"}],"about":[{"href":"https:\/\/concepcion.de\/index.php\/wp-json\/wp\/v2\/types\/product"}],"wp:featuredmedia":[{"embeddable":true,"href":"https:\/\/concepcion.de\/index.php\/wp-json\/wp\/v2\/media\/6317"}],"wp:attachment":[{"href":"https:\/\/concepcion.de\/index.php\/wp-json\/wp\/v2\/media?parent=9870"}],"wp:term":[{"taxonomy":"product_brand","embeddable":true,"href":"https:\/\/concepcion.de\/index.php\/wp-json\/wp\/v2\/product_brand?post=9870"},{"taxonomy":"product_cat","embeddable":true,"href":"https:\/\/concepcion.de\/index.php\/wp-json\/wp\/v2\/product_cat?post=9870"},{"taxonomy":"product_tag","embeddable":true,"href":"https:\/\/concepcion.de\/index.php\/wp-json\/wp\/v2\/product_tag?post=9870"}],"curies":[{"name":"wp","href":"https:\/\/api.w.org\/{rel}","templated":true}]}}