{"id":9865,"date":"2025-02-08T19:42:06","date_gmt":"2025-02-08T19:42:06","guid":{"rendered":"https:\/\/concepcion.de\/?post_type=product&#038;p=9865"},"modified":"2025-02-11T17:35:02","modified_gmt":"2025-02-11T17:35:02","slug":"karte-mit-mini-grussbuechlein-fuer-das-brautpaar-aus-95950-3","status":"publish","type":"product","link":"https:\/\/concepcion.de\/index.php\/produkt\/karte-mit-mini-grussbuechlein-fuer-das-brautpaar-aus-95950-3\/","title":{"rendered":"Karte mit Mini-Gru\u00dfb\u00fcchlein-F\u00fcr das Brautpaar &#8211; aus 95950\/3"},"content":{"rendered":"<p>Karte mit Mini-Gru\u00dfb\u00fcchlein-F\u00fcr das Brautpaar &#8211; aus 95950\/3<\/p>\n","protected":false},"excerpt":{"rendered":"<p>Karte mit Mini-Gru\u00dfb\u00fcchlein-F\u00fcr das Brautpaar &#8211; aus 95950\/3<\/p>\n","protected":false},"featured_media":6940,"template":"","meta":[],"product_brand":[],"product_cat":[46],"product_tag":[],"class_list":{"0":"post-9865","1":"product","2":"type-product","3":"status-publish","4":"has-post-thumbnail","6":"product_cat-karte","7":"product_shipping_class-buecher-bis-2kg","9":"first","10":"instock","11":"shipping-taxable","12":"purchasable","13":"product-type-simple"},"acf":[],"_links":{"self":[{"href":"https:\/\/concepcion.de\/index.php\/wp-json\/wp\/v2\/product\/9865","targetHints":{"allow":["GET"]}}],"collection":[{"href":"https:\/\/concepcion.de\/index.php\/wp-json\/wp\/v2\/product"}],"about":[{"href":"https:\/\/concepcion.de\/index.php\/wp-json\/wp\/v2\/types\/product"}],"wp:featuredmedia":[{"embeddable":true,"href":"https:\/\/concepcion.de\/index.php\/wp-json\/wp\/v2\/media\/6940"}],"wp:attachment":[{"href":"https:\/\/concepcion.de\/index.php\/wp-json\/wp\/v2\/media?parent=9865"}],"wp:term":[{"taxonomy":"product_brand","embeddable":true,"href":"https:\/\/concepcion.de\/index.php\/wp-json\/wp\/v2\/product_brand?post=9865"},{"taxonomy":"product_cat","embeddable":true,"href":"https:\/\/concepcion.de\/index.php\/wp-json\/wp\/v2\/product_cat?post=9865"},{"taxonomy":"product_tag","embeddable":true,"href":"https:\/\/concepcion.de\/index.php\/wp-json\/wp\/v2\/product_tag?post=9865"}],"curies":[{"name":"wp","href":"https:\/\/api.w.org\/{rel}","templated":true}]}}