{"id":9858,"date":"2025-02-08T19:42:06","date_gmt":"2025-02-08T19:42:06","guid":{"rendered":"https:\/\/concepcion.de\/?post_type=product&#038;p=9858"},"modified":"2025-03-19T16:43:11","modified_gmt":"2025-03-19T16:43:11","slug":"die-bibel-verstehst-du-was-du-da-liest","status":"publish","type":"product","link":"https:\/\/concepcion.de\/index.php\/produkt\/die-bibel-verstehst-du-was-du-da-liest\/","title":{"rendered":"Die Bibel &#8211; verstehst du, was du da liest?"},"content":{"rendered":"<p>Gott spricht durch die Bibel auch heute noch in unsere Zeit, ja sogar in unser Leben. Verstehen wir denn auch, was wir da lesen?<\/p>\n<p>Wenn ich einem Gespr\u00e4ch lausche, besonders in einer Fremdsprache, dann ist es enorm hilfreich, wenn ich wei\u00df, wor\u00fcber sich die Gespr\u00e4chspartner unterhalten. Kenne ich das Thema, dann f\u00e4llt es mir viel leichter, die einzelnen S\u00e4tze zu verstehen und sie einzuordnen.<\/p>\n<p>So \u00e4hnlich ist es, wenn ich Gottes Reden mit seinem Volk Israel, mit Abraham, Mose, den Propheten, der Gemeinde usw. zuh\u00f6re. Zeitliche Distanz und kulturelle Unterschiede lassen in mir leicht das Gef\u00fchl aufkommen, Gott rede in einer Fremdsprache. Ich verstehe sein Reden viel besser, wenn ich wei\u00df, worum es im Wesentlichen in einem biblischen Buch geht. Es sind deren sechsundsechzig, die als Bibel zusammengefasst sind.<\/p>\n<p>M\u00f6ge dir dieses kleine Heft eine gro\u00dfe Hilfe werden, damit du noch besser verstehst, wer Gott ist und was er uns mitteilen m\u00f6chte. Der Fokus auf das Essentielle hilft zum Verstehen des Ganzen.<\/p>\n","protected":false},"excerpt":{"rendered":"<p>Gott spricht durch die Bibel auch heute noch in unsere Zeit, ja sogar in unser Leben. Verstehen wir denn auch, was wir da lesen? Wenn ich einem Gespr\u00e4ch lausche, besonders in einer Fremdsprache, dann ist es enorm hilfreich, wenn ich wei\u00df, wor\u00fcber sich die Gespr\u00e4chspartner unterhalten. Kenne ich das Thema, dann f\u00e4llt es mir viel leichter, die einzelnen S\u00e4tze zu verstehen und sie einzuordnen. So \u00e4hnlich ist es, wenn ich Gottes Reden mit seinem Volk Israel, mit Abraham, Mose, den Propheten, der Gemeinde usw. zuh\u00f6re. Zeitliche Distanz und kulturelle Unterschiede lassen in mir leicht das Gef\u00fchl aufkommen, Gott rede in einer Fremdsprache. Ich verstehe sein Reden viel besser, wenn ich wei\u00df, worum es im Wesentlichen in einem biblischen Buch geht. Es sind deren sechsundsechzig, die als Bibel zusammengefasst sind. M\u00f6ge dir dieses kleine Heft eine gro\u00dfe Hilfe werden, damit du noch besser verstehst, wer Gott ist und was er uns mitteilen m\u00f6chte. Der Fokus auf das Essentielle hilft zum Verstehen des Ganzen.<\/p>\n","protected":false},"featured_media":6251,"template":"","meta":[],"product_brand":[],"product_cat":[82,15],"product_tag":[],"class_list":{"0":"post-9858","1":"product","2":"type-product","3":"status-publish","4":"has-post-thumbnail","6":"product_cat-bibel-grundsaetzliches","7":"product_cat-concepcion-seidel-ohg","8":"product_shipping_class-buecher-bis-2kg","10":"first","11":"instock","12":"shipping-taxable","13":"purchasable","14":"product-type-simple"},"acf":[],"_links":{"self":[{"href":"https:\/\/concepcion.de\/index.php\/wp-json\/wp\/v2\/product\/9858","targetHints":{"allow":["GET"]}}],"collection":[{"href":"https:\/\/concepcion.de\/index.php\/wp-json\/wp\/v2\/product"}],"about":[{"href":"https:\/\/concepcion.de\/index.php\/wp-json\/wp\/v2\/types\/product"}],"wp:featuredmedia":[{"embeddable":true,"href":"https:\/\/concepcion.de\/index.php\/wp-json\/wp\/v2\/media\/6251"}],"wp:attachment":[{"href":"https:\/\/concepcion.de\/index.php\/wp-json\/wp\/v2\/media?parent=9858"}],"wp:term":[{"taxonomy":"product_brand","embeddable":true,"href":"https:\/\/concepcion.de\/index.php\/wp-json\/wp\/v2\/product_brand?post=9858"},{"taxonomy":"product_cat","embeddable":true,"href":"https:\/\/concepcion.de\/index.php\/wp-json\/wp\/v2\/product_cat?post=9858"},{"taxonomy":"product_tag","embeddable":true,"href":"https:\/\/concepcion.de\/index.php\/wp-json\/wp\/v2\/product_tag?post=9858"}],"curies":[{"name":"wp","href":"https:\/\/api.w.org\/{rel}","templated":true}]}}