{"id":9770,"date":"2025-02-08T19:41:30","date_gmt":"2025-02-08T19:41:30","guid":{"rendered":"https:\/\/concepcion.de\/?post_type=product&#038;p=9770"},"modified":"2025-03-19T16:39:18","modified_gmt":"2025-03-19T16:39:18","slug":"wunder-weihnacht","status":"publish","type":"product","link":"https:\/\/concepcion.de\/index.php\/produkt\/wunder-weihnacht\/","title":{"rendered":"Wunder Weihnacht"},"content":{"rendered":"<p>So sehr haben wir uns in unserer westlichen Kultur an die Rituale, Feierlichkeiten, Schmuckst\u00fccke und Geschenke des Weihnachtsfestes gew\u00f6hnt, dass das Eigentliche an Weihnachten leicht in Vergessenheit ger\u00e4t. Wenn diese Geschichte wahr ist, wenn die Jungfrauengeburt, der Engelsgesang, der Stern \u00fcber Bethlehem wirklich passiert sind, dann muss es mein Leben tief und nachhaltig ber\u00fchren, ver\u00e4ndern, auf den Kopf stellen.<\/p>\n<p>Genau in diese tiefen, pers\u00f6nlichen Schichten des Weihnachtsgeschehens m\u00f6chten uns diese Texte f\u00fchren, in die Geschichte hinter der Geschichte \u2013 in deine und meine Geschichte.<\/p>\n","protected":false},"excerpt":{"rendered":"<p>So sehr haben wir uns in unserer westlichen Kultur an die Rituale, Feierlichkeiten, Schmuckst\u00fccke und Geschenke des Weihnachtsfestes gew\u00f6hnt, dass das Eigentliche an Weihnachten leicht in Vergessenheit ger\u00e4t. Wenn diese Geschichte wahr ist, wenn die Jungfrauengeburt, der Engelsgesang, der Stern \u00fcber Bethlehem wirklich passiert sind, dann muss es mein Leben tief und nachhaltig ber\u00fchren, ver\u00e4ndern, auf den Kopf stellen. Genau in diese tiefen, pers\u00f6nlichen Schichten des Weihnachtsgeschehens m\u00f6chten uns diese Texte f\u00fchren, in die Geschichte hinter der Geschichte \u2013 in deine und meine Geschichte.<\/p>\n","protected":false},"featured_media":6308,"template":"","meta":[],"product_brand":[],"product_cat":[42,15],"product_tag":[],"class_list":{"0":"post-9770","1":"product","2":"type-product","3":"status-publish","4":"has-post-thumbnail","6":"product_cat-allgemeines","7":"product_cat-concepcion-seidel-ohg","8":"product_shipping_class-buecher-bis-2kg","10":"first","11":"instock","12":"shipping-taxable","13":"purchasable","14":"product-type-simple"},"acf":[],"_links":{"self":[{"href":"https:\/\/concepcion.de\/index.php\/wp-json\/wp\/v2\/product\/9770","targetHints":{"allow":["GET"]}}],"collection":[{"href":"https:\/\/concepcion.de\/index.php\/wp-json\/wp\/v2\/product"}],"about":[{"href":"https:\/\/concepcion.de\/index.php\/wp-json\/wp\/v2\/types\/product"}],"wp:featuredmedia":[{"embeddable":true,"href":"https:\/\/concepcion.de\/index.php\/wp-json\/wp\/v2\/media\/6308"}],"wp:attachment":[{"href":"https:\/\/concepcion.de\/index.php\/wp-json\/wp\/v2\/media?parent=9770"}],"wp:term":[{"taxonomy":"product_brand","embeddable":true,"href":"https:\/\/concepcion.de\/index.php\/wp-json\/wp\/v2\/product_brand?post=9770"},{"taxonomy":"product_cat","embeddable":true,"href":"https:\/\/concepcion.de\/index.php\/wp-json\/wp\/v2\/product_cat?post=9770"},{"taxonomy":"product_tag","embeddable":true,"href":"https:\/\/concepcion.de\/index.php\/wp-json\/wp\/v2\/product_tag?post=9770"}],"curies":[{"name":"wp","href":"https:\/\/api.w.org\/{rel}","templated":true}]}}