{"id":9681,"date":"2025-02-08T19:40:56","date_gmt":"2025-02-08T19:40:56","guid":{"rendered":"https:\/\/concepcion.de\/?post_type=product&#038;p=9681"},"modified":"2025-03-19T16:37:02","modified_gmt":"2025-03-19T16:37:02","slug":"widerspruch-war-nicht-erwuenscht","status":"publish","type":"product","link":"https:\/\/concepcion.de\/index.php\/produkt\/widerspruch-war-nicht-erwuenscht\/","title":{"rendered":"Widerspruch war nicht erw\u00fcnscht"},"content":{"rendered":"<p>Es bleibt f\u00fcr mich eine Schl\u00fcsselfrage der historischen Betrachtung, besser zu erkennen, warum viele Menschen das System der SED-Herrschaft, der kommunistischen Diktatur, so lange mitgetragen haben. 40 Jahre lang haben sich Menschen mit einem System arrangiert, das ihre Freiheiten beschnitt und diejenigen, die sich nicht den Vorgaben der alleinherrschenden Partei unterordneten oder im mindesten das Notwendige mitspielten, unerbittlich und oft brutal, nicht selten t\u00f6dlich verfolgte.<\/p>\n<p>Mit seinen Erinnerungen an die Kindheit und Jugend im ostdeutschen Nachkriegs-Deutschland tr\u00e4gt Jens Motschmann genau zu dieser Spurensuche bei. Pr\u00e4zise und aufmerksam erz\u00e4hlt er chronologisch, wie er aus den Kriegswirren in die neu gegr\u00fcndete DDR hineinw\u00e4chst und wie er sie erlebt. Ein gut sortiertes Familien-Archiv hilft ihm, an enorm viele Details aus diesen fr\u00fchen Jahren seiner Biografie, aber auch der DDR zu erinnern.<\/p>\n<p><em>Roland Jahn<br \/>\nBundesbeauftragter f\u00fcr die Stasi-Unterlagen<\/em><\/p>\n","protected":false},"excerpt":{"rendered":"<p>Es bleibt f\u00fcr mich eine Schl\u00fcsselfrage der historischen Betrachtung, besser zu erkennen, warum viele Menschen das System der SED-Herrschaft, der kommunistischen Diktatur, so lange mitgetragen haben. 40 Jahre lang haben sich Menschen mit einem System arrangiert, das ihre Freiheiten beschnitt und diejenigen, die sich nicht den Vorgaben der alleinherrschenden Partei unterordneten oder im mindesten das Notwendige mitspielten, unerbittlich und oft brutal, nicht selten t\u00f6dlich verfolgte. Mit seinen Erinnerungen an die Kindheit und Jugend im ostdeutschen Nachkriegs-Deutschland tr\u00e4gt Jens Motschmann genau zu dieser Spurensuche bei. Pr\u00e4zise und aufmerksam erz\u00e4hlt er chronologisch, wie er aus den Kriegswirren in die neu gegr\u00fcndete DDR hineinw\u00e4chst und wie er sie erlebt. Ein gut sortiertes Familien-Archiv hilft ihm, an enorm viele Details aus diesen fr\u00fchen Jahren seiner Biografie, aber auch der DDR zu erinnern. Roland Jahn Bundesbeauftragter f\u00fcr die Stasi-Unterlagen<\/p>\n","protected":false},"featured_media":6300,"template":"","meta":[],"product_brand":[],"product_cat":[15,25],"product_tag":[],"class_list":{"0":"post-9681","1":"product","2":"type-product","3":"status-publish","4":"has-post-thumbnail","6":"product_cat-concepcion-seidel-ohg","7":"product_cat-individuelles-geschichte-und-gegenwart","8":"product_shipping_class-buecher-bis-2kg","10":"first","11":"instock","12":"shipping-taxable","13":"purchasable","14":"product-type-simple"},"acf":[],"_links":{"self":[{"href":"https:\/\/concepcion.de\/index.php\/wp-json\/wp\/v2\/product\/9681","targetHints":{"allow":["GET"]}}],"collection":[{"href":"https:\/\/concepcion.de\/index.php\/wp-json\/wp\/v2\/product"}],"about":[{"href":"https:\/\/concepcion.de\/index.php\/wp-json\/wp\/v2\/types\/product"}],"wp:featuredmedia":[{"embeddable":true,"href":"https:\/\/concepcion.de\/index.php\/wp-json\/wp\/v2\/media\/6300"}],"wp:attachment":[{"href":"https:\/\/concepcion.de\/index.php\/wp-json\/wp\/v2\/media?parent=9681"}],"wp:term":[{"taxonomy":"product_brand","embeddable":true,"href":"https:\/\/concepcion.de\/index.php\/wp-json\/wp\/v2\/product_brand?post=9681"},{"taxonomy":"product_cat","embeddable":true,"href":"https:\/\/concepcion.de\/index.php\/wp-json\/wp\/v2\/product_cat?post=9681"},{"taxonomy":"product_tag","embeddable":true,"href":"https:\/\/concepcion.de\/index.php\/wp-json\/wp\/v2\/product_tag?post=9681"}],"curies":[{"name":"wp","href":"https:\/\/api.w.org\/{rel}","templated":true}]}}