{"id":9659,"date":"2025-02-08T19:40:45","date_gmt":"2025-02-08T19:40:45","guid":{"rendered":"https:\/\/concepcion.de\/?post_type=product&#038;p=9659"},"modified":"2025-03-19T16:35:14","modified_gmt":"2025-03-19T16:35:14","slug":"auf-gott-hoeren-4","status":"publish","type":"product","link":"https:\/\/concepcion.de\/index.php\/produkt\/auf-gott-hoeren-4\/","title":{"rendered":"Auf Gott h\u00f6ren 4"},"content":{"rendered":"<p>Rechnest du damit, dass Gottes Wort lebendig ist und Kraft hat? In deinem Leben?<\/p>\n<p>Schnapp dir deine Bibel und einen Stift, und mach dich bereit f\u00fcr das Abenteuer, auf den Ewigen, Allm\u00e4chtigen, Unfassbaren zu h\u00f6ren.<\/p>\n","protected":false},"excerpt":{"rendered":"<p>Rechnest du damit, dass Gottes Wort lebendig ist und Kraft hat? In deinem Leben? Schnapp dir deine Bibel und einen Stift, und mach dich bereit f\u00fcr das Abenteuer, auf den Ewigen, Allm\u00e4chtigen, Unfassbaren zu h\u00f6ren.<\/p>\n","protected":false},"featured_media":6298,"template":"","meta":[],"product_brand":[],"product_cat":[15,21],"product_tag":[],"class_list":{"0":"post-9659","1":"product","2":"type-product","3":"status-publish","4":"has-post-thumbnail","6":"product_cat-concepcion-seidel-ohg","7":"product_cat-kinderundjuegendliteratur","8":"product_shipping_class-buecher-bis-2kg","10":"first","11":"instock","12":"shipping-taxable","13":"purchasable","14":"product-type-simple"},"acf":[],"_links":{"self":[{"href":"https:\/\/concepcion.de\/index.php\/wp-json\/wp\/v2\/product\/9659","targetHints":{"allow":["GET"]}}],"collection":[{"href":"https:\/\/concepcion.de\/index.php\/wp-json\/wp\/v2\/product"}],"about":[{"href":"https:\/\/concepcion.de\/index.php\/wp-json\/wp\/v2\/types\/product"}],"wp:featuredmedia":[{"embeddable":true,"href":"https:\/\/concepcion.de\/index.php\/wp-json\/wp\/v2\/media\/6298"}],"wp:attachment":[{"href":"https:\/\/concepcion.de\/index.php\/wp-json\/wp\/v2\/media?parent=9659"}],"wp:term":[{"taxonomy":"product_brand","embeddable":true,"href":"https:\/\/concepcion.de\/index.php\/wp-json\/wp\/v2\/product_brand?post=9659"},{"taxonomy":"product_cat","embeddable":true,"href":"https:\/\/concepcion.de\/index.php\/wp-json\/wp\/v2\/product_cat?post=9659"},{"taxonomy":"product_tag","embeddable":true,"href":"https:\/\/concepcion.de\/index.php\/wp-json\/wp\/v2\/product_tag?post=9659"}],"curies":[{"name":"wp","href":"https:\/\/api.w.org\/{rel}","templated":true}]}}