{"id":9658,"date":"2025-02-08T19:40:45","date_gmt":"2025-02-08T19:40:45","guid":{"rendered":"https:\/\/concepcion.de\/?post_type=product&#038;p=9658"},"modified":"2025-03-25T12:57:58","modified_gmt":"2025-03-25T12:57:58","slug":"unbeachtet-beachtet-geachtet","status":"publish","type":"product","link":"https:\/\/concepcion.de\/index.php\/produkt\/unbeachtet-beachtet-geachtet\/","title":{"rendered":"unbeachtet &#8211; beachtet &#8211; geachtet"},"content":{"rendered":"<p>Der Arbeitszweig Suchtkrankenhilfe im Bund Evangelisch-Freikirchlicher Gemeinden (BEFG) geh\u00f6rt bereits zur Geschichte freikirchlicher Einrichtungen. Die drei Autoren des Bandes waren selbst in verschiedenen Bereichen dieser oft unbeachteten diakonischen Arbeit engagiert. Sie erinnern an die Entstehung und Entwicklung der Suchtkrankenhilfe im BEFG und den \u00fcber 50-j\u00e4hrigen Einsatz vieler Mitwirkender.<br \/>\nDer vorliegende Band dokumentiert die vielf\u00e4ltigen Dienste und Einrichtungen der Suchtkrankenhilfe im BEFG und ordnet sie in ihren jeweiligen gesellschaftlichen und kirchlichen Kontext ein. Schwerpunkt ist die Arbeit in den Baptisten- und Br\u00fcdergemeinden des BEFG in der DDR, die sich bereits seit 1970 etablierte.<br \/>\nDie in ihrer Form sehr unterschiedlichen Beitr\u00e4ge lassen vielfach die lebendigen pers\u00f6nlichen Erfahrungen der Autoren erkennen. Sie sind Inspiration, diesen wichtigen Bereich gemeindenaher Diakonie nicht aus dem Blick zu verlieren.<\/p>\n","protected":false},"excerpt":{"rendered":"<p>Der Arbeitszweig Suchtkrankenhilfe im Bund Evangelisch-Freikirchlicher Gemeinden (BEFG) geh\u00f6rt bereits zur Geschichte freikirchlicher Einrichtungen. Die drei Autoren des Bandes waren selbst in verschiedenen Bereichen dieser oft unbeachteten diakonischen Arbeit engagiert. Sie erinnern an die Entstehung und Entwicklung der Suchtkrankenhilfe im BEFG und den \u00fcber 50-j\u00e4hrigen Einsatz vieler Mitwirkender. Der vorliegende Band dokumentiert die vielf\u00e4ltigen Dienste und Einrichtungen der Suchtkrankenhilfe im BEFG und ordnet sie in ihren jeweiligen gesellschaftlichen und kirchlichen Kontext ein. Schwerpunkt ist die Arbeit in den Baptisten- und Br\u00fcdergemeinden des BEFG in der DDR, die sich bereits seit 1970 etablierte. Die in ihrer Form sehr unterschiedlichen Beitr\u00e4ge lassen vielfach die lebendigen pers\u00f6nlichen Erfahrungen der Autoren erkennen. Sie sind Inspiration, diesen wichtigen Bereich gemeindenaher Diakonie nicht aus dem Blick zu verlieren.<\/p>\n","protected":false},"featured_media":6772,"template":"","meta":[],"product_brand":[],"product_cat":[34],"product_tag":[],"class_list":{"0":"post-9658","1":"product","2":"type-product","3":"status-publish","4":"has-post-thumbnail","6":"product_cat-sonstiges","7":"product_shipping_class-buecher-bis-2kg","9":"first","10":"instock","11":"shipping-taxable","12":"purchasable","13":"product-type-simple"},"acf":[],"_links":{"self":[{"href":"https:\/\/concepcion.de\/index.php\/wp-json\/wp\/v2\/product\/9658","targetHints":{"allow":["GET"]}}],"collection":[{"href":"https:\/\/concepcion.de\/index.php\/wp-json\/wp\/v2\/product"}],"about":[{"href":"https:\/\/concepcion.de\/index.php\/wp-json\/wp\/v2\/types\/product"}],"wp:featuredmedia":[{"embeddable":true,"href":"https:\/\/concepcion.de\/index.php\/wp-json\/wp\/v2\/media\/6772"}],"wp:attachment":[{"href":"https:\/\/concepcion.de\/index.php\/wp-json\/wp\/v2\/media?parent=9658"}],"wp:term":[{"taxonomy":"product_brand","embeddable":true,"href":"https:\/\/concepcion.de\/index.php\/wp-json\/wp\/v2\/product_brand?post=9658"},{"taxonomy":"product_cat","embeddable":true,"href":"https:\/\/concepcion.de\/index.php\/wp-json\/wp\/v2\/product_cat?post=9658"},{"taxonomy":"product_tag","embeddable":true,"href":"https:\/\/concepcion.de\/index.php\/wp-json\/wp\/v2\/product_tag?post=9658"}],"curies":[{"name":"wp","href":"https:\/\/api.w.org\/{rel}","templated":true}]}}