{"id":9651,"date":"2025-02-08T19:40:44","date_gmt":"2025-02-08T19:40:44","guid":{"rendered":"https:\/\/concepcion.de\/?post_type=product&#038;p=9651"},"modified":"2025-03-25T13:00:46","modified_gmt":"2025-03-25T13:00:46","slug":"miteinander-fuereinander","status":"publish","type":"product","link":"https:\/\/concepcion.de\/index.php\/produkt\/miteinander-fuereinander\/","title":{"rendered":"Miteinander &#8211; F\u00fcreinander"},"content":{"rendered":"<p>Gemeinschaft ist nicht immer einfach. Der Zeittrend des Individualismus fordert auch unsere Gemeinden heraus. Alfred Kuen zeigt in diesem Buch auf, wie viel Wert die Bibel auf ein gutes Miteinander legt. Briefe des Neuen Testamentes schildern verschiedene Spannungen, zum Teil sogar sehr umfangreich. Noch wichtiger sind bew\u00e4hrte L\u00f6sungsans\u00e4tze und L\u00f6sungen. Dabei greifen die Apostel ein zentrales Anliegen Jesu auf \u2013 die Bruderliebe. Kuen untersucht die neutestamentlichen Begriffsverbindungen mit \u201eeinander\u201c. Diese praktische Bibelstudie legt eine gute Grundlage f\u00fcr ein gesundes und attraktives Miteinander in unseren Gemeinden und weist gangbare Wege zu ihrer Verwirklichung. Jeweils am Schluss eines jeden Kapitels gibt es Anregungen zu konkreten Schritten. Dar\u00fcber l\u00e4sst sich auch in kleinen Gruppen der Gemeinde nachdenken.<\/p>\n","protected":false},"excerpt":{"rendered":"<p>Gemeinschaft ist nicht immer einfach. Der Zeittrend des Individualismus fordert auch unsere Gemeinden heraus. Alfred Kuen zeigt in diesem Buch auf, wie viel Wert die Bibel auf ein gutes Miteinander legt. Briefe des Neuen Testamentes schildern verschiedene Spannungen, zum Teil sogar sehr umfangreich. Noch wichtiger sind bew\u00e4hrte L\u00f6sungsans\u00e4tze und L\u00f6sungen. Dabei greifen die Apostel ein zentrales Anliegen Jesu auf \u2013 die Bruderliebe. Kuen untersucht die neutestamentlichen Begriffsverbindungen mit \u201eeinander\u201c. Diese praktische Bibelstudie legt eine gute Grundlage f\u00fcr ein gesundes und attraktives Miteinander in unseren Gemeinden und weist gangbare Wege zu ihrer Verwirklichung. Jeweils am Schluss eines jeden Kapitels gibt es Anregungen zu konkreten Schritten. Dar\u00fcber l\u00e4sst sich auch in kleinen Gruppen der Gemeinde nachdenken.<\/p>\n","protected":false},"featured_media":6765,"template":"","meta":[],"product_brand":[],"product_cat":[30],"product_tag":[],"class_list":{"0":"post-9651","1":"product","2":"type-product","3":"status-publish","4":"has-post-thumbnail","6":"product_cat-gemeindeforum","7":"product_shipping_class-buecher-bis-2kg","9":"first","10":"instock","11":"shipping-taxable","12":"purchasable","13":"product-type-simple"},"acf":[],"_links":{"self":[{"href":"https:\/\/concepcion.de\/index.php\/wp-json\/wp\/v2\/product\/9651","targetHints":{"allow":["GET"]}}],"collection":[{"href":"https:\/\/concepcion.de\/index.php\/wp-json\/wp\/v2\/product"}],"about":[{"href":"https:\/\/concepcion.de\/index.php\/wp-json\/wp\/v2\/types\/product"}],"wp:featuredmedia":[{"embeddable":true,"href":"https:\/\/concepcion.de\/index.php\/wp-json\/wp\/v2\/media\/6765"}],"wp:attachment":[{"href":"https:\/\/concepcion.de\/index.php\/wp-json\/wp\/v2\/media?parent=9651"}],"wp:term":[{"taxonomy":"product_brand","embeddable":true,"href":"https:\/\/concepcion.de\/index.php\/wp-json\/wp\/v2\/product_brand?post=9651"},{"taxonomy":"product_cat","embeddable":true,"href":"https:\/\/concepcion.de\/index.php\/wp-json\/wp\/v2\/product_cat?post=9651"},{"taxonomy":"product_tag","embeddable":true,"href":"https:\/\/concepcion.de\/index.php\/wp-json\/wp\/v2\/product_tag?post=9651"}],"curies":[{"name":"wp","href":"https:\/\/api.w.org\/{rel}","templated":true}]}}