{"id":9650,"date":"2025-02-08T19:40:44","date_gmt":"2025-02-08T19:40:44","guid":{"rendered":"https:\/\/concepcion.de\/?post_type=product&#038;p=9650"},"modified":"2025-03-25T13:16:31","modified_gmt":"2025-03-25T13:16:31","slug":"steht-jesus-dem-glauben-im-weg","status":"publish","type":"product","link":"https:\/\/concepcion.de\/index.php\/produkt\/steht-jesus-dem-glauben-im-weg\/","title":{"rendered":"Steht Jesus dem Glauben im Weg?"},"content":{"rendered":"<p>In der Ausgabe Nr. 50 vom Dezember 1999 ver\u00f6ffentlichte der SPIEGEL unter dem Titel \u00bbIst Jesus dem Glauben im Weg?\u00ab ein Gespr\u00e4ch mit dem renommierten evangelischen Neutestamentler Andreas Lindemann \u00fcber die Widerspr\u00fcche zwischen der Leben-Jesu-Forschung und der kirchlichen Lehre \u00fcber Jesus. Anlass f\u00fcr dieses Interview war das neu bearbeitete Buch \u00bbJesus Menschensohn\u00ab von Rudolf Augstein.<\/p>\n<p>In der evangelikalen Zeitschrift \u00bbBibel und Gemeinde\u00ab nahm Gottfried Schr\u00f6ter dazu Stellung, worauf ein Disput zwischen Andreas Lindemann und Armin Baum folgte.<\/p>\n<p>Der Leser hat hier nicht nur die M\u00f6glichkeit die jeweils kritischen Argumente zu \u00fcberpr\u00fcfen, sondern kann auch verfolgen, wie Theologen, die von v\u00f6llig unterschiedlichen Ans\u00e4tzen ausgehen, zu unterschiedlichen Ergebnissen kommen.<\/p>\n","protected":false},"excerpt":{"rendered":"<p>In der Ausgabe Nr. 50 vom Dezember 1999 ver\u00f6ffentlichte der SPIEGEL unter dem Titel \u00bbIst Jesus dem Glauben im Weg?\u00ab ein Gespr\u00e4ch mit dem renommierten evangelischen Neutestamentler Andreas Lindemann \u00fcber die Widerspr\u00fcche zwischen der Leben-Jesu-Forschung und der kirchlichen Lehre \u00fcber Jesus. Anlass f\u00fcr dieses Interview war das neu bearbeitete Buch \u00bbJesus Menschensohn\u00ab von Rudolf Augstein. In der evangelikalen Zeitschrift \u00bbBibel und Gemeinde\u00ab nahm Gottfried Schr\u00f6ter dazu Stellung, worauf ein Disput zwischen Andreas Lindemann und Armin Baum folgte. Der Leser hat hier nicht nur die M\u00f6glichkeit die jeweils kritischen Argumente zu \u00fcberpr\u00fcfen, sondern kann auch verfolgen, wie Theologen, die von v\u00f6llig unterschiedlichen Ans\u00e4tzen ausgehen, zu unterschiedlichen Ergebnissen kommen.<\/p>\n","protected":false},"featured_media":6764,"template":"","meta":[],"product_brand":[],"product_cat":[32],"product_tag":[],"class_list":{"0":"post-9650","1":"product","2":"type-product","3":"status-publish","4":"has-post-thumbnail","6":"product_cat-grundlagen","7":"product_shipping_class-buecher-bis-2kg","9":"first","10":"instock","11":"shipping-taxable","12":"purchasable","13":"product-type-simple"},"acf":[],"_links":{"self":[{"href":"https:\/\/concepcion.de\/index.php\/wp-json\/wp\/v2\/product\/9650","targetHints":{"allow":["GET"]}}],"collection":[{"href":"https:\/\/concepcion.de\/index.php\/wp-json\/wp\/v2\/product"}],"about":[{"href":"https:\/\/concepcion.de\/index.php\/wp-json\/wp\/v2\/types\/product"}],"wp:featuredmedia":[{"embeddable":true,"href":"https:\/\/concepcion.de\/index.php\/wp-json\/wp\/v2\/media\/6764"}],"wp:attachment":[{"href":"https:\/\/concepcion.de\/index.php\/wp-json\/wp\/v2\/media?parent=9650"}],"wp:term":[{"taxonomy":"product_brand","embeddable":true,"href":"https:\/\/concepcion.de\/index.php\/wp-json\/wp\/v2\/product_brand?post=9650"},{"taxonomy":"product_cat","embeddable":true,"href":"https:\/\/concepcion.de\/index.php\/wp-json\/wp\/v2\/product_cat?post=9650"},{"taxonomy":"product_tag","embeddable":true,"href":"https:\/\/concepcion.de\/index.php\/wp-json\/wp\/v2\/product_tag?post=9650"}],"curies":[{"name":"wp","href":"https:\/\/api.w.org\/{rel}","templated":true}]}}