{"id":9644,"date":"2025-02-08T19:40:44","date_gmt":"2025-02-08T19:40:44","guid":{"rendered":"https:\/\/concepcion.de\/?post_type=product&#038;p=9644"},"modified":"2025-03-25T13:07:16","modified_gmt":"2025-03-25T13:07:16","slug":"weihnachten-herkunft-sinn-und-unsinn-von-weihnachtsbraeuchen","status":"publish","type":"product","link":"https:\/\/concepcion.de\/index.php\/produkt\/weihnachten-herkunft-sinn-und-unsinn-von-weihnachtsbraeuchen\/","title":{"rendered":"Weihnachten Herkunft, Sinn und Unsinn von Weihnachtsbr\u00e4uchen"},"content":{"rendered":"<p>Sind Weihnachtsbr\u00e4uche heidnisch? Der Verfasser zeigt, woher die Gegner des Weihnachtsfestes ihre Argumente wirklich bekamen, erkl\u00e4rt Herkunft und Entwicklung jedes einzelnen Brauchs und macht Vorschl\u00e4ge, wie man das Fest evangelistisch nutzen kann.<\/p>\n","protected":false},"excerpt":{"rendered":"<p>Sind Weihnachtsbr\u00e4uche heidnisch? Der Verfasser zeigt, woher die Gegner des Weihnachtsfestes ihre Argumente wirklich bekamen, erkl\u00e4rt Herkunft und Entwicklung jedes einzelnen Brauchs und macht Vorschl\u00e4ge, wie man das Fest evangelistisch nutzen kann.<\/p>\n","protected":false},"featured_media":6759,"template":"","meta":[],"product_brand":[],"product_cat":[32],"product_tag":[],"class_list":{"0":"post-9644","1":"product","2":"type-product","3":"status-publish","4":"has-post-thumbnail","6":"product_cat-grundlagen","7":"product_shipping_class-buecher-bis-2kg","9":"first","10":"instock","11":"shipping-taxable","12":"purchasable","13":"product-type-simple"},"acf":[],"_links":{"self":[{"href":"https:\/\/concepcion.de\/index.php\/wp-json\/wp\/v2\/product\/9644","targetHints":{"allow":["GET"]}}],"collection":[{"href":"https:\/\/concepcion.de\/index.php\/wp-json\/wp\/v2\/product"}],"about":[{"href":"https:\/\/concepcion.de\/index.php\/wp-json\/wp\/v2\/types\/product"}],"wp:featuredmedia":[{"embeddable":true,"href":"https:\/\/concepcion.de\/index.php\/wp-json\/wp\/v2\/media\/6759"}],"wp:attachment":[{"href":"https:\/\/concepcion.de\/index.php\/wp-json\/wp\/v2\/media?parent=9644"}],"wp:term":[{"taxonomy":"product_brand","embeddable":true,"href":"https:\/\/concepcion.de\/index.php\/wp-json\/wp\/v2\/product_brand?post=9644"},{"taxonomy":"product_cat","embeddable":true,"href":"https:\/\/concepcion.de\/index.php\/wp-json\/wp\/v2\/product_cat?post=9644"},{"taxonomy":"product_tag","embeddable":true,"href":"https:\/\/concepcion.de\/index.php\/wp-json\/wp\/v2\/product_tag?post=9644"}],"curies":[{"name":"wp","href":"https:\/\/api.w.org\/{rel}","templated":true}]}}