{"id":9640,"date":"2025-02-08T19:40:44","date_gmt":"2025-02-08T19:40:44","guid":{"rendered":"https:\/\/concepcion.de\/?post_type=product&#038;p=9640"},"modified":"2025-03-25T13:03:19","modified_gmt":"2025-03-25T13:03:19","slug":"systemtreu-oder-bibeltreu","status":"publish","type":"product","link":"https:\/\/concepcion.de\/index.php\/produkt\/systemtreu-oder-bibeltreu\/","title":{"rendered":"Systemtreu oder Bibeltreu"},"content":{"rendered":"<p>Die Autoren untersuchen fragw\u00fcrdige Lehrentscheidungen und ihre Auswirkungen. Die Verfallstheorie ist eng mit John Nelson Darby, einem der herausragenden V\u00e4ter der Br\u00fcderbewegung, verbunden. Diese Lehre behauptet eine nicht reparierbare Besch\u00e4digung der Kirche im 1. Jh. n.Chr., die weitreichende Folgen f\u00fcr Gemeindeverst\u00e4ndnis, Leitungsstruktur und Hermeneutik der Br\u00fcder-Gemeinden hatte. Aber die biblische Begr\u00fcndung dieser Lehre ist fragw\u00fcrdig &#8230; Systemtreu oder bibeltreu? Welche Rolle spielen theologische Systeme in unserem Denken? Wie soll man die Wahrheiten der Bibel in wichtige und weniger wichtige aufteilen? Wie verhalten wir uns bei abweichenden Meinungen und Praktiken? In diesem Aufsatz werden die Grenzen geistlicher Kompromisse aufgezeigt und es wird das gef\u00e4hrliche Denken im System, das jede Abweichung vom Schema verurteilen muss, dem biblischen Denken gegen\u00fcbergestellt.<\/p>\n","protected":false},"excerpt":{"rendered":"<p>Die Autoren untersuchen fragw\u00fcrdige Lehrentscheidungen und ihre Auswirkungen. Die Verfallstheorie ist eng mit John Nelson Darby, einem der herausragenden V\u00e4ter der Br\u00fcderbewegung, verbunden. Diese Lehre behauptet eine nicht reparierbare Besch\u00e4digung der Kirche im 1. Jh. n.Chr., die weitreichende Folgen f\u00fcr Gemeindeverst\u00e4ndnis, Leitungsstruktur und Hermeneutik der Br\u00fcder-Gemeinden hatte. Aber die biblische Begr\u00fcndung dieser Lehre ist fragw\u00fcrdig &#8230; Systemtreu oder bibeltreu? Welche Rolle spielen theologische Systeme in unserem Denken? Wie soll man die Wahrheiten der Bibel in wichtige und weniger wichtige aufteilen? Wie verhalten wir uns bei abweichenden Meinungen und Praktiken? In diesem Aufsatz werden die Grenzen geistlicher Kompromisse aufgezeigt und es wird das gef\u00e4hrliche Denken im System, das jede Abweichung vom Schema verurteilen muss, dem biblischen Denken gegen\u00fcbergestellt.<\/p>\n","protected":false},"featured_media":6755,"template":"","meta":[],"product_brand":[],"product_cat":[32],"product_tag":[],"class_list":{"0":"post-9640","1":"product","2":"type-product","3":"status-publish","4":"has-post-thumbnail","6":"product_cat-grundlagen","7":"product_shipping_class-buecher-bis-2kg","9":"first","10":"instock","11":"shipping-taxable","12":"purchasable","13":"product-type-simple"},"acf":[],"_links":{"self":[{"href":"https:\/\/concepcion.de\/index.php\/wp-json\/wp\/v2\/product\/9640","targetHints":{"allow":["GET"]}}],"collection":[{"href":"https:\/\/concepcion.de\/index.php\/wp-json\/wp\/v2\/product"}],"about":[{"href":"https:\/\/concepcion.de\/index.php\/wp-json\/wp\/v2\/types\/product"}],"wp:featuredmedia":[{"embeddable":true,"href":"https:\/\/concepcion.de\/index.php\/wp-json\/wp\/v2\/media\/6755"}],"wp:attachment":[{"href":"https:\/\/concepcion.de\/index.php\/wp-json\/wp\/v2\/media?parent=9640"}],"wp:term":[{"taxonomy":"product_brand","embeddable":true,"href":"https:\/\/concepcion.de\/index.php\/wp-json\/wp\/v2\/product_brand?post=9640"},{"taxonomy":"product_cat","embeddable":true,"href":"https:\/\/concepcion.de\/index.php\/wp-json\/wp\/v2\/product_cat?post=9640"},{"taxonomy":"product_tag","embeddable":true,"href":"https:\/\/concepcion.de\/index.php\/wp-json\/wp\/v2\/product_tag?post=9640"}],"curies":[{"name":"wp","href":"https:\/\/api.w.org\/{rel}","templated":true}]}}