{"id":9638,"date":"2025-02-08T19:40:44","date_gmt":"2025-02-08T19:40:44","guid":{"rendered":"https:\/\/concepcion.de\/?post_type=product&#038;p=9638"},"modified":"2025-03-25T13:01:43","modified_gmt":"2025-03-25T13:01:43","slug":"grundlagen-biblischer-glaubenslehre","status":"publish","type":"product","link":"https:\/\/concepcion.de\/index.php\/produkt\/grundlagen-biblischer-glaubenslehre\/","title":{"rendered":"Grundlagen biblischer Glaubenslehre"},"content":{"rendered":"<p>Das Buch richtet sich an Gemeindeglieder, die Interesse an den grundlegenden biblischen Lehren haben. Es eignet sich als Grundkurs f\u00fcr Menschen, die zum Glauben an Christus gefunden haben und eine Einf\u00fchrung in den Glauben w\u00fcnschen. Es werden auch Studenten der Theologie Gewinn aus der Lekt\u00fcre ziehen!<\/p>\n","protected":false},"excerpt":{"rendered":"<p>Das Buch richtet sich an Gemeindeglieder, die Interesse an den grundlegenden biblischen Lehren haben. Es eignet sich als Grundkurs f\u00fcr Menschen, die zum Glauben an Christus gefunden haben und eine Einf\u00fchrung in den Glauben w\u00fcnschen. Es werden auch Studenten der Theologie Gewinn aus der Lekt\u00fcre ziehen!<\/p>\n","protected":false},"featured_media":6753,"template":"","meta":[],"product_brand":[],"product_cat":[32],"product_tag":[],"class_list":{"0":"post-9638","1":"product","2":"type-product","3":"status-publish","4":"has-post-thumbnail","6":"product_cat-grundlagen","7":"product_shipping_class-buecher-bis-2kg","9":"first","10":"instock","11":"shipping-taxable","12":"purchasable","13":"product-type-simple"},"acf":[],"_links":{"self":[{"href":"https:\/\/concepcion.de\/index.php\/wp-json\/wp\/v2\/product\/9638","targetHints":{"allow":["GET"]}}],"collection":[{"href":"https:\/\/concepcion.de\/index.php\/wp-json\/wp\/v2\/product"}],"about":[{"href":"https:\/\/concepcion.de\/index.php\/wp-json\/wp\/v2\/types\/product"}],"wp:featuredmedia":[{"embeddable":true,"href":"https:\/\/concepcion.de\/index.php\/wp-json\/wp\/v2\/media\/6753"}],"wp:attachment":[{"href":"https:\/\/concepcion.de\/index.php\/wp-json\/wp\/v2\/media?parent=9638"}],"wp:term":[{"taxonomy":"product_brand","embeddable":true,"href":"https:\/\/concepcion.de\/index.php\/wp-json\/wp\/v2\/product_brand?post=9638"},{"taxonomy":"product_cat","embeddable":true,"href":"https:\/\/concepcion.de\/index.php\/wp-json\/wp\/v2\/product_cat?post=9638"},{"taxonomy":"product_tag","embeddable":true,"href":"https:\/\/concepcion.de\/index.php\/wp-json\/wp\/v2\/product_tag?post=9638"}],"curies":[{"name":"wp","href":"https:\/\/api.w.org\/{rel}","templated":true}]}}