{"id":9630,"date":"2025-02-08T19:40:34","date_gmt":"2025-02-08T19:40:34","guid":{"rendered":"https:\/\/concepcion.de\/?post_type=product&#038;p=9630"},"modified":"2025-09-09T09:38:57","modified_gmt":"2025-09-09T09:38:57","slug":"freiheit-fuer-deine-gemeinde","status":"publish","type":"product","link":"https:\/\/concepcion.de\/index.php\/produkt\/freiheit-fuer-deine-gemeinde\/","title":{"rendered":"Freiheit f\u00fcr deine Gemeinde"},"content":{"rendered":"<p>Gemeinden m\u00fcssen, genau wie Menschen, von geistlichen Fesseln befreit werden.<br \/>\nGeistliche Konflikte und gemeinschaftliche S\u00fcnden rauben die geistliche Vitalit\u00e4t und Fruchtbarkeit unserer Gemeinde und hindern sie daran, in Christus frei zu sein.<br \/>\nIn diesem Arbeitsbuch \u201eFreiheit f\u00fcr deine Gemeinde\u201c bieten Neil T. Anderson und Charles Mylander praktische und lebensf\u00f6rdernde Werkzeuge f\u00fcr den biblischen Umgang mit gemeinschaftlichen S\u00fcnden und Konflikten in der Gemeinde.<br \/>\nMit der herausfordernden Frage \u201eWie w\u00e4re es, wenn Jesus heute einen Brief an unsere Gemeinde schreiben w\u00fcrde?\u201c zeigen sie anhand der sieben Sendschreiben im Buch der Offenbarung Schritte auf, wie Leiter und Mitglieder einer Gemeinde in eine von \u201eAltlasten\u201c befreite hoffnungsvolle Zukunft gehen k\u00f6nnen.<br \/>\nDieses einzigartige Buch bietet einen ausgewogenen Ansatz, der sowohl die Realit\u00e4t der geistlichen Welt als auch die Notwendigkeit der Korrektur von Leitungs- und Verwaltungsproblemen ber\u00fccksichtigt.<\/p>\n<p>Entdecke, wie eine Gemeindeleitung<br \/>\n\u2022 mit der Macht der Ereignisse in der Vergangenheit der Gemeindegeschichte umgeht, die Gegenwart und Zukunft der Gemeinde beeinflussen.<br \/>\n\u2022 die Angriffe Satans abwehrt.<br \/>\n\u2022 mit einem starken, effektiven Aktionsplan vorankommt.<br \/>\n\u2022 sich neu auf ein gemeinsames Ziel ausrichtet.<\/p>\n<p>Gemeinden, die diese Schritte in die Praxis umsetzten, wurden aus der Knechtschaft vergangener S\u00fcnden und Konflikte befreit, um in der Freiheit zu leben, die Christus bietet.<\/p>\n","protected":false},"excerpt":{"rendered":"<p>Gemeinden m\u00fcssen, genau wie Menschen, von geistlichen Fesseln befreit werden. Geistliche Konflikte und gemeinschaftliche S\u00fcnden rauben die geistliche Vitalit\u00e4t und Fruchtbarkeit unserer Gemeinde und hindern sie daran, in Christus frei zu sein. In diesem Arbeitsbuch \u201eFreiheit f\u00fcr deine Gemeinde\u201c bieten Neil T. Anderson und Charles Mylander praktische und lebensf\u00f6rdernde Werkzeuge f\u00fcr den biblischen Umgang mit gemeinschaftlichen S\u00fcnden und Konflikten in der Gemeinde. Mit der herausfordernden Frage \u201eWie w\u00e4re es, wenn Jesus heute einen Brief an unsere Gemeinde schreiben w\u00fcrde?\u201c zeigen sie anhand der sieben Sendschreiben im Buch der Offenbarung Schritte auf, wie Leiter und Mitglieder einer Gemeinde in eine von \u201eAltlasten\u201c befreite hoffnungsvolle Zukunft gehen k\u00f6nnen. Dieses einzigartige Buch bietet einen ausgewogenen Ansatz, der sowohl die Realit\u00e4t der geistlichen Welt als auch die Notwendigkeit der Korrektur von Leitungs- und Verwaltungsproblemen ber\u00fccksichtigt. Entdecke, wie eine Gemeindeleitung \u2022 mit der Macht der Ereignisse in der Vergangenheit der Gemeindegeschichte umgeht, die Gegenwart und Zukunft der Gemeinde beeinflussen. \u2022 die Angriffe Satans abwehrt. \u2022 mit einem starken, effektiven Aktionsplan vorankommt. \u2022 sich neu auf ein gemeinsames Ziel ausrichtet. Gemeinden, die diese Schritte in die Praxis umsetzten, wurden aus der Knechtschaft vergangener S\u00fcnden und Konflikte befreit, um in der Freiheit zu leben, die Christus bietet.<\/p>\n","protected":false},"featured_media":6746,"template":"","meta":[],"product_brand":[],"product_cat":[32],"product_tag":[],"class_list":{"0":"post-9630","1":"product","2":"type-product","3":"status-publish","4":"has-post-thumbnail","6":"product_cat-grundlagen","7":"product_shipping_class-buecher-bis-2kg","9":"first","10":"instock","11":"shipping-taxable","12":"purchasable","13":"product-type-simple"},"acf":[],"_links":{"self":[{"href":"https:\/\/concepcion.de\/index.php\/wp-json\/wp\/v2\/product\/9630","targetHints":{"allow":["GET"]}}],"collection":[{"href":"https:\/\/concepcion.de\/index.php\/wp-json\/wp\/v2\/product"}],"about":[{"href":"https:\/\/concepcion.de\/index.php\/wp-json\/wp\/v2\/types\/product"}],"wp:featuredmedia":[{"embeddable":true,"href":"https:\/\/concepcion.de\/index.php\/wp-json\/wp\/v2\/media\/6746"}],"wp:attachment":[{"href":"https:\/\/concepcion.de\/index.php\/wp-json\/wp\/v2\/media?parent=9630"}],"wp:term":[{"taxonomy":"product_brand","embeddable":true,"href":"https:\/\/concepcion.de\/index.php\/wp-json\/wp\/v2\/product_brand?post=9630"},{"taxonomy":"product_cat","embeddable":true,"href":"https:\/\/concepcion.de\/index.php\/wp-json\/wp\/v2\/product_cat?post=9630"},{"taxonomy":"product_tag","embeddable":true,"href":"https:\/\/concepcion.de\/index.php\/wp-json\/wp\/v2\/product_tag?post=9630"}],"curies":[{"name":"wp","href":"https:\/\/api.w.org\/{rel}","templated":true}]}}