{"id":9629,"date":"2025-02-08T19:40:34","date_gmt":"2025-02-08T19:40:34","guid":{"rendered":"https:\/\/concepcion.de\/?post_type=product&#038;p=9629"},"modified":"2025-03-25T14:00:25","modified_gmt":"2025-03-25T14:00:25","slug":"randfiguren-der-bibel","status":"publish","type":"product","link":"https:\/\/concepcion.de\/index.php\/produkt\/randfiguren-der-bibel\/","title":{"rendered":"Randfiguren der Bibel"},"content":{"rendered":"<p>Viele kennen David, Elia und Salomo, aber wer hat schon von Barsillai, einem Schafan oder Hiel von Bethel geh\u00f6rt? Der Autor sp\u00fcrt diesen und \u00e4hnlichen Randfiguren der Bibel nach. Wer sich mit ihm auf die Spurensuche begibt, wird geistlichen Gewinn haben. Peter Engler arbeitete viele Jahre im Gemeindedienst und als Bibelschullehrer. Heute steht er in einem freiberuflichen Lehr- und Vortragsdienst (www.pengler.de)<\/p>\n","protected":false},"excerpt":{"rendered":"<p>Viele kennen David, Elia und Salomo, aber wer hat schon von Barsillai, einem Schafan oder Hiel von Bethel geh\u00f6rt? Der Autor sp\u00fcrt diesen und \u00e4hnlichen Randfiguren der Bibel nach. Wer sich mit ihm auf die Spurensuche begibt, wird geistlichen Gewinn haben. Peter Engler arbeitete viele Jahre im Gemeindedienst und als Bibelschullehrer. Heute steht er in einem freiberuflichen Lehr- und Vortragsdienst (www.pengler.de)<\/p>\n","protected":false},"featured_media":6745,"template":"","meta":[],"product_brand":[],"product_cat":[34],"product_tag":[],"class_list":{"0":"post-9629","1":"product","2":"type-product","3":"status-publish","4":"has-post-thumbnail","6":"product_cat-sonstiges","7":"product_shipping_class-buecher-bis-2kg","9":"first","10":"instock","11":"shipping-taxable","12":"purchasable","13":"product-type-simple"},"acf":[],"_links":{"self":[{"href":"https:\/\/concepcion.de\/index.php\/wp-json\/wp\/v2\/product\/9629","targetHints":{"allow":["GET"]}}],"collection":[{"href":"https:\/\/concepcion.de\/index.php\/wp-json\/wp\/v2\/product"}],"about":[{"href":"https:\/\/concepcion.de\/index.php\/wp-json\/wp\/v2\/types\/product"}],"wp:featuredmedia":[{"embeddable":true,"href":"https:\/\/concepcion.de\/index.php\/wp-json\/wp\/v2\/media\/6745"}],"wp:attachment":[{"href":"https:\/\/concepcion.de\/index.php\/wp-json\/wp\/v2\/media?parent=9629"}],"wp:term":[{"taxonomy":"product_brand","embeddable":true,"href":"https:\/\/concepcion.de\/index.php\/wp-json\/wp\/v2\/product_brand?post=9629"},{"taxonomy":"product_cat","embeddable":true,"href":"https:\/\/concepcion.de\/index.php\/wp-json\/wp\/v2\/product_cat?post=9629"},{"taxonomy":"product_tag","embeddable":true,"href":"https:\/\/concepcion.de\/index.php\/wp-json\/wp\/v2\/product_tag?post=9629"}],"curies":[{"name":"wp","href":"https:\/\/api.w.org\/{rel}","templated":true}]}}