{"id":9627,"date":"2025-02-08T19:40:34","date_gmt":"2025-02-08T19:40:34","guid":{"rendered":"https:\/\/concepcion.de\/?post_type=product&#038;p=9627"},"modified":"2025-03-25T13:49:31","modified_gmt":"2025-03-25T13:49:31","slug":"israel-und-die-gemeinde","status":"publish","type":"product","link":"https:\/\/concepcion.de\/index.php\/produkt\/israel-und-die-gemeinde\/","title":{"rendered":"Israel und die Gemeinde"},"content":{"rendered":"<p>\u201eJahrhundertlang ist die christliche Kirche am Volk Israel schuldig geworden, indem sie mit ihrer Substitutionstheorie Israel als Volk Gottes entehrt und sich selbst an dessen Stelle gesetzt hat. F\u00fcr diese Christen ist die R\u00fcckkehr der Juden ins verhei\u00dfene Land lediglich ein Zufall der Geschichte. Andere sind grenzenlos Israelbegeistert und sehen in jedem Israeli einen automatisch auf ewig geretteten Menschen, nur weil er zum richtigen Volk geh\u00f6rt. Wie anders h\u00e4tte Paulus gedacht! In dieser Situation legt der Rektor der Staatsunabh\u00e4ngigen Theologischen Hochschule Basel, Dr. Jacob Thiessen, einen wichtigen Beitrag zum Thema \u201aIsrael\u2018 vor. Ausgewogen und immer nah an der Bibel setzt er sich mit der Substitutionstheorie auseinander, entfaltet die verhei\u00dfene Wiederherstellung Israels aus der Sicht des Neuen Testaments, zeigt, wie Israel und Gemeinde, Volk Gottes und Reich Gottes verstanden werden k\u00f6nnen, und zeichnet wesentliche Linien biblischer Prophetie nach. Freundlich, aber doch klar und bestimmt, setzt er sich mit unterschiedlichen Standpunkten auseinander.\u201c <\/p>\n<p><em>Aus dem Geleitwort von Prof. Dr. Helge Stadelmann<\/em><\/p>\n","protected":false},"excerpt":{"rendered":"<p>\u201eJahrhundertlang ist die christliche Kirche am Volk Israel schuldig geworden, indem sie mit ihrer Substitutionstheorie Israel als Volk Gottes entehrt und sich selbst an dessen Stelle gesetzt hat. F\u00fcr diese Christen ist die R\u00fcckkehr der Juden ins verhei\u00dfene Land lediglich ein Zufall der Geschichte. Andere sind grenzenlos Israelbegeistert und sehen in jedem Israeli einen automatisch auf ewig geretteten Menschen, nur weil er zum richtigen Volk geh\u00f6rt. Wie anders h\u00e4tte Paulus gedacht! In dieser Situation legt der Rektor der Staatsunabh\u00e4ngigen Theologischen Hochschule Basel, Dr. Jacob Thiessen, einen wichtigen Beitrag zum Thema \u201aIsrael\u2018 vor. Ausgewogen und immer nah an der Bibel setzt er sich mit der Substitutionstheorie auseinander, entfaltet die verhei\u00dfene Wiederherstellung Israels aus der Sicht des Neuen Testaments, zeigt, wie Israel und Gemeinde, Volk Gottes und Reich Gottes verstanden werden k\u00f6nnen, und zeichnet wesentliche Linien biblischer Prophetie nach. Freundlich, aber doch klar und bestimmt, setzt er sich mit unterschiedlichen Standpunkten auseinander.\u201c Aus dem Geleitwort von Prof. Dr. Helge Stadelmann<\/p>\n","protected":false},"featured_media":6743,"template":"","meta":[],"product_brand":[],"product_cat":[32],"product_tag":[],"class_list":{"0":"post-9627","1":"product","2":"type-product","3":"status-publish","4":"has-post-thumbnail","6":"product_cat-grundlagen","7":"product_shipping_class-buecher-bis-2kg","9":"first","10":"instock","11":"shipping-taxable","12":"purchasable","13":"product-type-simple"},"acf":[],"_links":{"self":[{"href":"https:\/\/concepcion.de\/index.php\/wp-json\/wp\/v2\/product\/9627","targetHints":{"allow":["GET"]}}],"collection":[{"href":"https:\/\/concepcion.de\/index.php\/wp-json\/wp\/v2\/product"}],"about":[{"href":"https:\/\/concepcion.de\/index.php\/wp-json\/wp\/v2\/types\/product"}],"wp:featuredmedia":[{"embeddable":true,"href":"https:\/\/concepcion.de\/index.php\/wp-json\/wp\/v2\/media\/6743"}],"wp:attachment":[{"href":"https:\/\/concepcion.de\/index.php\/wp-json\/wp\/v2\/media?parent=9627"}],"wp:term":[{"taxonomy":"product_brand","embeddable":true,"href":"https:\/\/concepcion.de\/index.php\/wp-json\/wp\/v2\/product_brand?post=9627"},{"taxonomy":"product_cat","embeddable":true,"href":"https:\/\/concepcion.de\/index.php\/wp-json\/wp\/v2\/product_cat?post=9627"},{"taxonomy":"product_tag","embeddable":true,"href":"https:\/\/concepcion.de\/index.php\/wp-json\/wp\/v2\/product_tag?post=9627"}],"curies":[{"name":"wp","href":"https:\/\/api.w.org\/{rel}","templated":true}]}}