{"id":9625,"date":"2025-02-08T19:40:34","date_gmt":"2025-02-08T19:40:34","guid":{"rendered":"https:\/\/concepcion.de\/?post_type=product&#038;p=9625"},"modified":"2025-03-25T13:55:39","modified_gmt":"2025-03-25T13:55:39","slug":"zwischen-ruvuma-und-kilimanjaro","status":"publish","type":"product","link":"https:\/\/concepcion.de\/index.php\/produkt\/zwischen-ruvuma-und-kilimanjaro\/","title":{"rendered":"Zwischen Ruvuma und Kilimanjaro"},"content":{"rendered":"<p>Der neue Reisebericht reicht vom Ruvuma, dem Grenzfluss nach Mosambik, bis zum Kilimanjaro, dem n\u00f6rdlichen Grenzgebiet zu Kenia. Die Gegens\u00e4tze k\u00f6nnen nicht gr\u00f6\u00dfer sein. Spannend sind nicht nur die menschlichen Begegnungen, sondern auch das kulturelle und religi\u00f6se Umfeld.<\/p>\n<p>Im Zentrum steht jedoch immer die Arbeit der Missionsstationen und die medizinische und soziale Unterst\u00fctzung der Bev\u00f6lkerung. Un\u00fcbersehbar gipfelt die Safari in der Besteigung des h\u00f6chsten Berges Afrikas, des Kilimanjaros.<\/p>\n","protected":false},"excerpt":{"rendered":"<p>Der neue Reisebericht reicht vom Ruvuma, dem Grenzfluss nach Mosambik, bis zum Kilimanjaro, dem n\u00f6rdlichen Grenzgebiet zu Kenia. Die Gegens\u00e4tze k\u00f6nnen nicht gr\u00f6\u00dfer sein. Spannend sind nicht nur die menschlichen Begegnungen, sondern auch das kulturelle und religi\u00f6se Umfeld. Im Zentrum steht jedoch immer die Arbeit der Missionsstationen und die medizinische und soziale Unterst\u00fctzung der Bev\u00f6lkerung. Un\u00fcbersehbar gipfelt die Safari in der Besteigung des h\u00f6chsten Berges Afrikas, des Kilimanjaros.<\/p>\n","protected":false},"featured_media":6742,"template":"","meta":[],"product_brand":[],"product_cat":[33],"product_tag":[],"class_list":{"0":"post-9625","1":"product","2":"type-product","3":"status-publish","4":"has-post-thumbnail","6":"product_cat-mission","7":"product_shipping_class-buecher-bis-2kg","9":"first","10":"instock","11":"shipping-taxable","12":"purchasable","13":"product-type-simple"},"acf":[],"_links":{"self":[{"href":"https:\/\/concepcion.de\/index.php\/wp-json\/wp\/v2\/product\/9625","targetHints":{"allow":["GET"]}}],"collection":[{"href":"https:\/\/concepcion.de\/index.php\/wp-json\/wp\/v2\/product"}],"about":[{"href":"https:\/\/concepcion.de\/index.php\/wp-json\/wp\/v2\/types\/product"}],"wp:featuredmedia":[{"embeddable":true,"href":"https:\/\/concepcion.de\/index.php\/wp-json\/wp\/v2\/media\/6742"}],"wp:attachment":[{"href":"https:\/\/concepcion.de\/index.php\/wp-json\/wp\/v2\/media?parent=9625"}],"wp:term":[{"taxonomy":"product_brand","embeddable":true,"href":"https:\/\/concepcion.de\/index.php\/wp-json\/wp\/v2\/product_brand?post=9625"},{"taxonomy":"product_cat","embeddable":true,"href":"https:\/\/concepcion.de\/index.php\/wp-json\/wp\/v2\/product_cat?post=9625"},{"taxonomy":"product_tag","embeddable":true,"href":"https:\/\/concepcion.de\/index.php\/wp-json\/wp\/v2\/product_tag?post=9625"}],"curies":[{"name":"wp","href":"https:\/\/api.w.org\/{rel}","templated":true}]}}