{"id":9609,"date":"2025-02-08T19:40:33","date_gmt":"2025-02-08T19:40:33","guid":{"rendered":"https:\/\/concepcion.de\/?post_type=product&#038;p=9609"},"modified":"2025-05-23T08:55:03","modified_gmt":"2025-05-23T08:55:03","slug":"spuren-gottes-entdecken","status":"publish","type":"product","link":"https:\/\/concepcion.de\/index.php\/produkt\/spuren-gottes-entdecken\/","title":{"rendered":"Spuren Gottes entdecken"},"content":{"rendered":"<p>Gott ist da und hinterl\u00e4sst seine Spuren im Leben von Menschen. Facettenreich und tiefgehend begibt sich der Autor auf die Spurensuche nach Gott und berichtet, wie Menschen ihn in unterschiedlichen Situationen erlebt haben. Erfrischend, herzergreifend, tr\u00f6stend, aufbauend, gehaltvoll und interessant \u2013 eine Schatzkammer voller guter Gedanken! Der Autor: Wilhelm Kunz geh\u00f6rte zu den ersten Missionaren, die vom Missionshaus Bibelschule Wiedenest nach Tansania ausgesendet wurden. Im Jahr 2003 erschien das autobiographische Buch &#8222;Jambo Afrika&#8220; &#8211; ein eindr\u00fccklicher Bericht \u00fcber Pionierarbeit in Tansania. Der weltweite Horizont der Spuren Gottes spielt auch in diesem Buch eine gro\u00dfe Rolle.<\/p>\n","protected":false},"excerpt":{"rendered":"<p>Gott ist da und hinterl\u00e4sst seine Spuren im Leben von Menschen. Facettenreich und tiefgehend begibt sich der Autor auf die Spurensuche nach Gott und berichtet, wie Menschen ihn in unterschiedlichen Situationen erlebt haben. Erfrischend, herzergreifend, tr\u00f6stend, aufbauend, gehaltvoll und interessant \u2013 eine Schatzkammer voller guter Gedanken! Der Autor: Wilhelm Kunz geh\u00f6rte zu den ersten Missionaren, die vom Missionshaus Bibelschule Wiedenest nach Tansania ausgesendet wurden. Im Jahr 2003 erschien das autobiographische Buch &#8222;Jambo Afrika&#8220; &#8211; ein eindr\u00fccklicher Bericht \u00fcber Pionierarbeit in Tansania. Der weltweite Horizont der Spuren Gottes spielt auch in diesem Buch eine gro\u00dfe Rolle.<\/p>\n","protected":false},"featured_media":6724,"template":"","meta":[],"product_brand":[],"product_cat":[34],"product_tag":[],"class_list":{"0":"post-9609","1":"product","2":"type-product","3":"status-publish","4":"has-post-thumbnail","6":"product_cat-sonstiges","7":"product_shipping_class-buecher-bis-2kg","9":"first","10":"instock","11":"shipping-taxable","12":"purchasable","13":"product-type-simple"},"acf":[],"_links":{"self":[{"href":"https:\/\/concepcion.de\/index.php\/wp-json\/wp\/v2\/product\/9609","targetHints":{"allow":["GET"]}}],"collection":[{"href":"https:\/\/concepcion.de\/index.php\/wp-json\/wp\/v2\/product"}],"about":[{"href":"https:\/\/concepcion.de\/index.php\/wp-json\/wp\/v2\/types\/product"}],"wp:featuredmedia":[{"embeddable":true,"href":"https:\/\/concepcion.de\/index.php\/wp-json\/wp\/v2\/media\/6724"}],"wp:attachment":[{"href":"https:\/\/concepcion.de\/index.php\/wp-json\/wp\/v2\/media?parent=9609"}],"wp:term":[{"taxonomy":"product_brand","embeddable":true,"href":"https:\/\/concepcion.de\/index.php\/wp-json\/wp\/v2\/product_brand?post=9609"},{"taxonomy":"product_cat","embeddable":true,"href":"https:\/\/concepcion.de\/index.php\/wp-json\/wp\/v2\/product_cat?post=9609"},{"taxonomy":"product_tag","embeddable":true,"href":"https:\/\/concepcion.de\/index.php\/wp-json\/wp\/v2\/product_tag?post=9609"}],"curies":[{"name":"wp","href":"https:\/\/api.w.org\/{rel}","templated":true}]}}