{"id":9604,"date":"2025-02-08T19:40:22","date_gmt":"2025-02-08T19:40:22","guid":{"rendered":"https:\/\/concepcion.de\/?post_type=product&#038;p=9604"},"modified":"2025-03-19T16:32:48","modified_gmt":"2025-03-19T16:32:48","slug":"psalm-104-gott-erschuf-die-welt","status":"publish","type":"product","link":"https:\/\/concepcion.de\/index.php\/produkt\/psalm-104-gott-erschuf-die-welt\/","title":{"rendered":"Psalm 104: Gott erschuf die Welt!"},"content":{"rendered":"<p>\u201eHerr, mein Gott, du bist sehr gro\u00df\u201c \u2013 dieser staunende Ausruf zieht sich durch den Psalm 104. Der Dichter des Psalms entdeckt in der Natur die Gr\u00f6\u00dfe des Sch\u00f6pfers. Im Schauen und Staunen hat er zur Anbetung gefunden. Auch Paulus sieht die Natur als einen Fingerabdruck Gottes und als Beleg f\u00fcr seine Existenz: Die Sch\u00f6pfung ist so gro\u00dfartig, dass kein Mensch sagen kann, es gebe keinen<\/p>\n","protected":false},"excerpt":{"rendered":"<p>\u201eHerr, mein Gott, du bist sehr gro\u00df\u201c \u2013 dieser staunende Ausruf zieht sich durch den Psalm 104. Der Dichter des Psalms entdeckt in der Natur die Gr\u00f6\u00dfe des Sch\u00f6pfers. Im Schauen und Staunen hat er zur Anbetung gefunden. Auch Paulus sieht die Natur als einen Fingerabdruck Gottes und als Beleg f\u00fcr seine Existenz: Die Sch\u00f6pfung ist so gro\u00dfartig, dass kein Mensch sagen kann, es gebe keinen<\/p>\n","protected":false},"featured_media":6293,"template":"","meta":[],"product_brand":[],"product_cat":[42,15],"product_tag":[],"class_list":{"0":"post-9604","1":"product","2":"type-product","3":"status-publish","4":"has-post-thumbnail","6":"product_cat-allgemeines","7":"product_cat-concepcion-seidel-ohg","8":"product_shipping_class-buecher-bis-2kg","10":"first","11":"instock","12":"shipping-taxable","13":"purchasable","14":"product-type-simple"},"acf":[],"_links":{"self":[{"href":"https:\/\/concepcion.de\/index.php\/wp-json\/wp\/v2\/product\/9604","targetHints":{"allow":["GET"]}}],"collection":[{"href":"https:\/\/concepcion.de\/index.php\/wp-json\/wp\/v2\/product"}],"about":[{"href":"https:\/\/concepcion.de\/index.php\/wp-json\/wp\/v2\/types\/product"}],"wp:featuredmedia":[{"embeddable":true,"href":"https:\/\/concepcion.de\/index.php\/wp-json\/wp\/v2\/media\/6293"}],"wp:attachment":[{"href":"https:\/\/concepcion.de\/index.php\/wp-json\/wp\/v2\/media?parent=9604"}],"wp:term":[{"taxonomy":"product_brand","embeddable":true,"href":"https:\/\/concepcion.de\/index.php\/wp-json\/wp\/v2\/product_brand?post=9604"},{"taxonomy":"product_cat","embeddable":true,"href":"https:\/\/concepcion.de\/index.php\/wp-json\/wp\/v2\/product_cat?post=9604"},{"taxonomy":"product_tag","embeddable":true,"href":"https:\/\/concepcion.de\/index.php\/wp-json\/wp\/v2\/product_tag?post=9604"}],"curies":[{"name":"wp","href":"https:\/\/api.w.org\/{rel}","templated":true}]}}