{"id":9594,"date":"2025-02-08T19:40:21","date_gmt":"2025-02-08T19:40:21","guid":{"rendered":"https:\/\/concepcion.de\/?post_type=product&#038;p=9594"},"modified":"2025-05-23T09:24:36","modified_gmt":"2025-05-23T09:24:36","slug":"hermeneutik-der-bibel","status":"publish","type":"product","link":"https:\/\/concepcion.de\/index.php\/produkt\/hermeneutik-der-bibel\/","title":{"rendered":"Hermeneutik der Bibel"},"content":{"rendered":"<p>Die Auslegung der verschiedenen Schriften der Bibel, geschrieben von Menschen in unterschiedlichen Situationen, Kulturen und Sprachen einerseits, der Anspruch, Gottes Wort und Offenbarung zu sein andererseits ist die stete Spannung f\u00fcr den Ausleger und Anwender der Heiligen Schrift. Grundlegende Themen zu Bibel und Bibelverst\u00e4ndnis, Inspiration und Autorit\u00e4t, den Beziehungen zwischen Bibel\u00fcbersetzung und -auslegung sind die Inhalte dieses Lehrbuches.<\/p>\n","protected":false},"excerpt":{"rendered":"<p>Die Auslegung der verschiedenen Schriften der Bibel, geschrieben von Menschen in unterschiedlichen Situationen, Kulturen und Sprachen einerseits, der Anspruch, Gottes Wort und Offenbarung zu sein andererseits ist die stete Spannung f\u00fcr den Ausleger und Anwender der Heiligen Schrift. Grundlegende Themen zu Bibel und Bibelverst\u00e4ndnis, Inspiration und Autorit\u00e4t, den Beziehungen zwischen Bibel\u00fcbersetzung und -auslegung sind die Inhalte dieses Lehrbuches.<\/p>\n","protected":false},"featured_media":6710,"template":"","meta":[],"product_brand":[],"product_cat":[32],"product_tag":[],"class_list":{"0":"post-9594","1":"product","2":"type-product","3":"status-publish","4":"has-post-thumbnail","6":"product_cat-grundlagen","7":"product_shipping_class-buecher-bis-2kg","9":"first","10":"instock","11":"shipping-taxable","12":"purchasable","13":"product-type-simple"},"acf":[],"_links":{"self":[{"href":"https:\/\/concepcion.de\/index.php\/wp-json\/wp\/v2\/product\/9594","targetHints":{"allow":["GET"]}}],"collection":[{"href":"https:\/\/concepcion.de\/index.php\/wp-json\/wp\/v2\/product"}],"about":[{"href":"https:\/\/concepcion.de\/index.php\/wp-json\/wp\/v2\/types\/product"}],"wp:featuredmedia":[{"embeddable":true,"href":"https:\/\/concepcion.de\/index.php\/wp-json\/wp\/v2\/media\/6710"}],"wp:attachment":[{"href":"https:\/\/concepcion.de\/index.php\/wp-json\/wp\/v2\/media?parent=9594"}],"wp:term":[{"taxonomy":"product_brand","embeddable":true,"href":"https:\/\/concepcion.de\/index.php\/wp-json\/wp\/v2\/product_brand?post=9594"},{"taxonomy":"product_cat","embeddable":true,"href":"https:\/\/concepcion.de\/index.php\/wp-json\/wp\/v2\/product_cat?post=9594"},{"taxonomy":"product_tag","embeddable":true,"href":"https:\/\/concepcion.de\/index.php\/wp-json\/wp\/v2\/product_tag?post=9594"}],"curies":[{"name":"wp","href":"https:\/\/api.w.org\/{rel}","templated":true}]}}