{"id":9589,"date":"2025-02-08T19:40:21","date_gmt":"2025-02-08T19:40:21","guid":{"rendered":"https:\/\/concepcion.de\/?post_type=product&#038;p=9589"},"modified":"2025-05-23T09:31:54","modified_gmt":"2025-05-23T09:31:54","slug":"sechsmal-bethlehem-und-zurueck","status":"publish","type":"product","link":"https:\/\/concepcion.de\/index.php\/produkt\/sechsmal-bethlehem-und-zurueck\/","title":{"rendered":"Sechsmal Bethlehem und zur\u00fcck"},"content":{"rendered":"<p>Wer die Nase voll hat von R\u00e4ucherkerzchen und Tannenduft, von Kitsch und Glitzer und der Gier nach ein bisschen Frieden, sollte sich auf die Suche machen. Jesus hei\u00dft das Programm Gottes f\u00fcr eine Menschheit ohne Ziel. Denn Gott ist auf der Suche nach uns \u2013 und das nicht nur zur Weihnachtszeit. Die sechs Weihnachtspredigten von Theo Lehmann sind voller Freude \u00fcber das herrlichste Geschenk Gottes f\u00fcr uns. Gott schickt seine Weihnachtssendung, gr\u00f6\u00dfter Wert im Kleinformat. Er ist ganz verr\u00fcckt vor Liebe, gibt das Beste, was er hat.<\/p>\n<p>Dr. Theo Lehmann, Chemnitz, geb. 1934 in Dresden, war viele Jahre Jugendevangelist der s\u00e4chsischen Landeskirche. Seine Gottesdienste und Evangelisationswochen sind l\u00e4ngst nicht mehr auf Sachsen begrenzt. Viele lieben die Lieder, die er getextet hat \u2013 und er liebt die Musik der Schwarzamerikaner.<\/p>\n","protected":false},"excerpt":{"rendered":"<p>Wer die Nase voll hat von R\u00e4ucherkerzchen und Tannenduft, von Kitsch und Glitzer und der Gier nach ein bisschen Frieden, sollte sich auf die Suche machen. Jesus hei\u00dft das Programm Gottes f\u00fcr eine Menschheit ohne Ziel. Denn Gott ist auf der Suche nach uns \u2013 und das nicht nur zur Weihnachtszeit. Die sechs Weihnachtspredigten von Theo Lehmann sind voller Freude \u00fcber das herrlichste Geschenk Gottes f\u00fcr uns. Gott schickt seine Weihnachtssendung, gr\u00f6\u00dfter Wert im Kleinformat. Er ist ganz verr\u00fcckt vor Liebe, gibt das Beste, was er hat. Dr. Theo Lehmann, Chemnitz, geb. 1934 in Dresden, war viele Jahre Jugendevangelist der s\u00e4chsischen Landeskirche. Seine Gottesdienste und Evangelisationswochen sind l\u00e4ngst nicht mehr auf Sachsen begrenzt. Viele lieben die Lieder, die er getextet hat \u2013 und er liebt die Musik der Schwarzamerikaner.<\/p>\n","protected":false},"featured_media":6706,"template":"","meta":[],"product_brand":[],"product_cat":[34],"product_tag":[],"class_list":{"0":"post-9589","1":"product","2":"type-product","3":"status-publish","4":"has-post-thumbnail","6":"product_cat-sonstiges","7":"product_shipping_class-buecher-bis-2kg","9":"first","10":"instock","11":"shipping-taxable","12":"purchasable","13":"product-type-simple"},"acf":[],"_links":{"self":[{"href":"https:\/\/concepcion.de\/index.php\/wp-json\/wp\/v2\/product\/9589","targetHints":{"allow":["GET"]}}],"collection":[{"href":"https:\/\/concepcion.de\/index.php\/wp-json\/wp\/v2\/product"}],"about":[{"href":"https:\/\/concepcion.de\/index.php\/wp-json\/wp\/v2\/types\/product"}],"wp:featuredmedia":[{"embeddable":true,"href":"https:\/\/concepcion.de\/index.php\/wp-json\/wp\/v2\/media\/6706"}],"wp:attachment":[{"href":"https:\/\/concepcion.de\/index.php\/wp-json\/wp\/v2\/media?parent=9589"}],"wp:term":[{"taxonomy":"product_brand","embeddable":true,"href":"https:\/\/concepcion.de\/index.php\/wp-json\/wp\/v2\/product_brand?post=9589"},{"taxonomy":"product_cat","embeddable":true,"href":"https:\/\/concepcion.de\/index.php\/wp-json\/wp\/v2\/product_cat?post=9589"},{"taxonomy":"product_tag","embeddable":true,"href":"https:\/\/concepcion.de\/index.php\/wp-json\/wp\/v2\/product_tag?post=9589"}],"curies":[{"name":"wp","href":"https:\/\/api.w.org\/{rel}","templated":true}]}}