{"id":9588,"date":"2025-02-08T19:40:21","date_gmt":"2025-02-08T19:40:21","guid":{"rendered":"https:\/\/concepcion.de\/?post_type=product&#038;p=9588"},"modified":"2025-05-23T09:20:29","modified_gmt":"2025-05-23T09:20:29","slug":"apologetik","status":"publish","type":"product","link":"https:\/\/concepcion.de\/index.php\/produkt\/apologetik\/","title":{"rendered":"Apologetik"},"content":{"rendered":"<p>Der christliche Glaube ist seit einiger Zeit heftigen Angriffen ausgesetzt. Grund genug, dass Christen wieder lernen, ihren Glauben zu begr\u00fcnden und zu verteidigen. Das war schon immer die Aufgabe der \u201eApologetik\u201c. In einer Zeit, in der Christentum nicht mehr selbstverst\u00e4ndlich ist, braucht es Leute, die mit guten Argumenten und mit einem glaubw\u00fcrdigen Lebensstil Denkbarrieren aus dem Weg r\u00e4umen, damit der Blick auf den Glauben wieder frei wird. Es gibt gute Gr\u00fcnde f\u00fcr den Glauben! Sie zu finden, dabei will dieses Buch helfen.<\/p>\n","protected":false},"excerpt":{"rendered":"<p>Der christliche Glaube ist seit einiger Zeit heftigen Angriffen ausgesetzt. Grund genug, dass Christen wieder lernen, ihren Glauben zu begr\u00fcnden und zu verteidigen. Das war schon immer die Aufgabe der \u201eApologetik\u201c. In einer Zeit, in der Christentum nicht mehr selbstverst\u00e4ndlich ist, braucht es Leute, die mit guten Argumenten und mit einem glaubw\u00fcrdigen Lebensstil Denkbarrieren aus dem Weg r\u00e4umen, damit der Blick auf den Glauben wieder frei wird. Es gibt gute Gr\u00fcnde f\u00fcr den Glauben! Sie zu finden, dabei will dieses Buch helfen.<\/p>\n","protected":false},"featured_media":6705,"template":"","meta":[],"product_brand":[],"product_cat":[32],"product_tag":[],"class_list":{"0":"post-9588","1":"product","2":"type-product","3":"status-publish","4":"has-post-thumbnail","6":"product_cat-grundlagen","7":"product_shipping_class-buecher-bis-2kg","9":"first","10":"instock","11":"shipping-taxable","12":"purchasable","13":"product-type-simple"},"acf":[],"_links":{"self":[{"href":"https:\/\/concepcion.de\/index.php\/wp-json\/wp\/v2\/product\/9588","targetHints":{"allow":["GET"]}}],"collection":[{"href":"https:\/\/concepcion.de\/index.php\/wp-json\/wp\/v2\/product"}],"about":[{"href":"https:\/\/concepcion.de\/index.php\/wp-json\/wp\/v2\/types\/product"}],"wp:featuredmedia":[{"embeddable":true,"href":"https:\/\/concepcion.de\/index.php\/wp-json\/wp\/v2\/media\/6705"}],"wp:attachment":[{"href":"https:\/\/concepcion.de\/index.php\/wp-json\/wp\/v2\/media?parent=9588"}],"wp:term":[{"taxonomy":"product_brand","embeddable":true,"href":"https:\/\/concepcion.de\/index.php\/wp-json\/wp\/v2\/product_brand?post=9588"},{"taxonomy":"product_cat","embeddable":true,"href":"https:\/\/concepcion.de\/index.php\/wp-json\/wp\/v2\/product_cat?post=9588"},{"taxonomy":"product_tag","embeddable":true,"href":"https:\/\/concepcion.de\/index.php\/wp-json\/wp\/v2\/product_tag?post=9588"}],"curies":[{"name":"wp","href":"https:\/\/api.w.org\/{rel}","templated":true}]}}