{"id":9571,"date":"2025-02-08T19:40:11","date_gmt":"2025-02-08T19:40:11","guid":{"rendered":"https:\/\/concepcion.de\/?post_type=product&#038;p=9571"},"modified":"2025-03-19T16:31:56","modified_gmt":"2025-03-19T16:31:56","slug":"paket-mut-mach-buecher-psalmen-5-buecher","status":"publish","type":"product","link":"https:\/\/concepcion.de\/index.php\/produkt\/paket-mut-mach-buecher-psalmen-5-buecher\/","title":{"rendered":"Paket Mut-mach-B\u00fccher Psalmen &#8211; 5 Hefte-"},"content":{"rendered":"<p>Die Welt h\u00e4lt den Atem an: Ein Virus l\u00e4hmt nicht nur das soziale Leben, sondern auch die Wirtschaft. In diesen unsicheren Zeiten kommt Gottes Wort ganz neue Bedeutung zu. Die Worte der Bibel geben festen Boden unter die F\u00fc\u00dfe und schenken neue Zuversicht: \u201eDer Herr ist mein Hirte, mir wird nichts mangeln\u201c. Wer sich auf Gott verl\u00e4sst, hat keinen Grund zur Sorge. Das ist die ermutigende Botschaft des Psalm 23. Die Brosch\u00fcren mit Texten zu bekannten Psalmen m\u00f6chten Menschen ermutigen auch in der Krise Gott zu vertrauen. Nutzen Sie die starken Mutmacher und geben Sie sie an Menschen in Ihrem pers\u00f6nlichen Umfeld weiter.<\/p>\n","protected":false},"excerpt":{"rendered":"<p>Die Welt h\u00e4lt den Atem an: Ein Virus l\u00e4hmt nicht nur das soziale Leben, sondern auch die Wirtschaft. In diesen unsicheren Zeiten kommt Gottes Wort ganz neue Bedeutung zu. Die Worte der Bibel geben festen Boden unter die F\u00fc\u00dfe und schenken neue Zuversicht: \u201eDer Herr ist mein Hirte, mir wird nichts mangeln\u201c. Wer sich auf Gott verl\u00e4sst, hat keinen Grund zur Sorge. Das ist die ermutigende Botschaft des Psalm 23. Die Brosch\u00fcren mit Texten zu bekannten Psalmen m\u00f6chten Menschen ermutigen auch in der Krise Gott zu vertrauen. Nutzen Sie die starken Mutmacher und geben Sie sie an Menschen in Ihrem pers\u00f6nlichen Umfeld weiter.<\/p>\n","protected":false},"featured_media":6290,"template":"","meta":[],"product_brand":[],"product_cat":[42,15],"product_tag":[],"class_list":{"0":"post-9571","1":"product","2":"type-product","3":"status-publish","4":"has-post-thumbnail","6":"product_cat-allgemeines","7":"product_cat-concepcion-seidel-ohg","8":"product_shipping_class-buecher-bis-2kg","10":"first","11":"instock","12":"shipping-taxable","13":"purchasable","14":"product-type-simple"},"acf":[],"_links":{"self":[{"href":"https:\/\/concepcion.de\/index.php\/wp-json\/wp\/v2\/product\/9571","targetHints":{"allow":["GET"]}}],"collection":[{"href":"https:\/\/concepcion.de\/index.php\/wp-json\/wp\/v2\/product"}],"about":[{"href":"https:\/\/concepcion.de\/index.php\/wp-json\/wp\/v2\/types\/product"}],"wp:featuredmedia":[{"embeddable":true,"href":"https:\/\/concepcion.de\/index.php\/wp-json\/wp\/v2\/media\/6290"}],"wp:attachment":[{"href":"https:\/\/concepcion.de\/index.php\/wp-json\/wp\/v2\/media?parent=9571"}],"wp:term":[{"taxonomy":"product_brand","embeddable":true,"href":"https:\/\/concepcion.de\/index.php\/wp-json\/wp\/v2\/product_brand?post=9571"},{"taxonomy":"product_cat","embeddable":true,"href":"https:\/\/concepcion.de\/index.php\/wp-json\/wp\/v2\/product_cat?post=9571"},{"taxonomy":"product_tag","embeddable":true,"href":"https:\/\/concepcion.de\/index.php\/wp-json\/wp\/v2\/product_tag?post=9571"}],"curies":[{"name":"wp","href":"https:\/\/api.w.org\/{rel}","templated":true}]}}