{"id":9567,"date":"2025-02-08T19:40:10","date_gmt":"2025-02-08T19:40:10","guid":{"rendered":"https:\/\/concepcion.de\/?post_type=product&#038;p=9567"},"modified":"2025-05-23T10:20:36","modified_gmt":"2025-05-23T10:20:36","slug":"gepflanzt-an-wasserbaechen","status":"publish","type":"product","link":"https:\/\/concepcion.de\/index.php\/produkt\/gepflanzt-an-wasserbaechen\/","title":{"rendered":"Gepflanzt an Wasserb\u00e4chen"},"content":{"rendered":"<p>Als Journalist liest Johannes Gerloff die Bibel. In seiner theologischen Arbeit begleitet ihn die jahrzehntelange Erfahrung als Berichterstatter aus dem Nahen Osten. Klassische christliche Bibelausleger kommen in dieser Psalmen-Auslegung genauso zu Wort, wie alte, in christlichen Kreisen nur selten beachtete, rabbinische Exegeten.<\/p>\n<p>Dabei entsteht ein erstaunlich rundes Bild, das verbl\u00fcffend aktuell ist. Psalm 2 ist eine Prophetie auf Leiden und Auferstehung Jesu. Das bezeugt das Neue Testament. Urspr\u00fcnglich ist er ein Zeugnis aus dem Leben des K\u00f6nigs David. Heute spricht er konkret in das Leben von Menschen im 21. Jahrhundert hinein. Das wird auf besondere Weise klar, wenn man bedenkt, dass die ersten beiden Psalmen der Bibel literarisch eine Einheit bilden.<\/p>\n","protected":false},"excerpt":{"rendered":"<p>Als Journalist liest Johannes Gerloff die Bibel. In seiner theologischen Arbeit begleitet ihn die jahrzehntelange Erfahrung als Berichterstatter aus dem Nahen Osten. Klassische christliche Bibelausleger kommen in dieser Psalmen-Auslegung genauso zu Wort, wie alte, in christlichen Kreisen nur selten beachtete, rabbinische Exegeten. Dabei entsteht ein erstaunlich rundes Bild, das verbl\u00fcffend aktuell ist. Psalm 2 ist eine Prophetie auf Leiden und Auferstehung Jesu. Das bezeugt das Neue Testament. Urspr\u00fcnglich ist er ein Zeugnis aus dem Leben des K\u00f6nigs David. Heute spricht er konkret in das Leben von Menschen im 21. Jahrhundert hinein. Das wird auf besondere Weise klar, wenn man bedenkt, dass die ersten beiden Psalmen der Bibel literarisch eine Einheit bilden.<\/p>\n","protected":false},"featured_media":6686,"template":"","meta":[],"product_brand":[],"product_cat":[32],"product_tag":[],"class_list":{"0":"post-9567","1":"product","2":"type-product","3":"status-publish","4":"has-post-thumbnail","6":"product_cat-grundlagen","7":"product_shipping_class-buecher-bis-2kg","9":"first","10":"instock","11":"shipping-taxable","12":"purchasable","13":"product-type-simple"},"acf":[],"_links":{"self":[{"href":"https:\/\/concepcion.de\/index.php\/wp-json\/wp\/v2\/product\/9567","targetHints":{"allow":["GET"]}}],"collection":[{"href":"https:\/\/concepcion.de\/index.php\/wp-json\/wp\/v2\/product"}],"about":[{"href":"https:\/\/concepcion.de\/index.php\/wp-json\/wp\/v2\/types\/product"}],"wp:featuredmedia":[{"embeddable":true,"href":"https:\/\/concepcion.de\/index.php\/wp-json\/wp\/v2\/media\/6686"}],"wp:attachment":[{"href":"https:\/\/concepcion.de\/index.php\/wp-json\/wp\/v2\/media?parent=9567"}],"wp:term":[{"taxonomy":"product_brand","embeddable":true,"href":"https:\/\/concepcion.de\/index.php\/wp-json\/wp\/v2\/product_brand?post=9567"},{"taxonomy":"product_cat","embeddable":true,"href":"https:\/\/concepcion.de\/index.php\/wp-json\/wp\/v2\/product_cat?post=9567"},{"taxonomy":"product_tag","embeddable":true,"href":"https:\/\/concepcion.de\/index.php\/wp-json\/wp\/v2\/product_tag?post=9567"}],"curies":[{"name":"wp","href":"https:\/\/api.w.org\/{rel}","templated":true}]}}