{"id":9564,"date":"2025-02-08T19:40:10","date_gmt":"2025-02-08T19:40:10","guid":{"rendered":"https:\/\/concepcion.de\/?post_type=product&#038;p=9564"},"modified":"2025-05-23T09:48:24","modified_gmt":"2025-05-23T09:48:24","slug":"was-gemeinden-heute-brauchen","status":"publish","type":"product","link":"https:\/\/concepcion.de\/index.php\/produkt\/was-gemeinden-heute-brauchen\/","title":{"rendered":"Was Gemeinden heute brauchen"},"content":{"rendered":"<p>Dieses Buch kann ich allen Gemeindepraktikern nur w\u00e4rmstens empfehlen. Es enth\u00e4lt die zentralen Prinzipien f\u00fcr gesunden Gemeindebau. Ich bewundere den Mut des Autors, Vorstellungen in Frage zu stellen und \u2013 theologisch begr\u00fcndet \u2013 neue Wege aufzuzeigen. Dem Buch sp\u00fcrt man die Leidenschaft f\u00fcr gesundes Gemeindewachstum, geistliche Gemeindeerneuerung und eine f\u00f6rderliche Leitung der Gemeinde ab. Artur Siegert &#8211; Pastor der Kirche f\u00fcr Oberberg (KfO), Gummersbach. Gerd Goldmann ist von der Leidenschaft gepr\u00e4gt, Menschen f\u00fcr Jesus zu gewinnen. Wer sich als Mitarbeiter von dieser Perspektive anstecken lassen m\u00f6chte, f\u00fcr den gibt dieses Buch eine F\u00fclle von Anregungen. Es lebt von der Erwartung, dass Gott auch unter uns in Deutschland Neues wirken kann, so wie es in vielen L\u00e4ndern heute schon geschieht. <\/p>\n<p><em>Horst Engelmann &#8211; Leiter des Bereichs Weltweite Mission bei Forum Wiedenest, Bergneustadt<\/em><\/p>\n","protected":false},"excerpt":{"rendered":"<p>Dieses Buch kann ich allen Gemeindepraktikern nur w\u00e4rmstens empfehlen. Es enth\u00e4lt die zentralen Prinzipien f\u00fcr gesunden Gemeindebau. Ich bewundere den Mut des Autors, Vorstellungen in Frage zu stellen und \u2013 theologisch begr\u00fcndet \u2013 neue Wege aufzuzeigen. Dem Buch sp\u00fcrt man die Leidenschaft f\u00fcr gesundes Gemeindewachstum, geistliche Gemeindeerneuerung und eine f\u00f6rderliche Leitung der Gemeinde ab. Artur Siegert &#8211; Pastor der Kirche f\u00fcr Oberberg (KfO), Gummersbach. Gerd Goldmann ist von der Leidenschaft gepr\u00e4gt, Menschen f\u00fcr Jesus zu gewinnen. Wer sich als Mitarbeiter von dieser Perspektive anstecken lassen m\u00f6chte, f\u00fcr den gibt dieses Buch eine F\u00fclle von Anregungen. Es lebt von der Erwartung, dass Gott auch unter uns in Deutschland Neues wirken kann, so wie es in vielen L\u00e4ndern heute schon geschieht. Horst Engelmann &#8211; Leiter des Bereichs Weltweite Mission bei Forum Wiedenest, Bergneustadt<\/p>\n","protected":false},"featured_media":6683,"template":"","meta":[],"product_brand":[],"product_cat":[30],"product_tag":[],"class_list":{"0":"post-9564","1":"product","2":"type-product","3":"status-publish","4":"has-post-thumbnail","6":"product_cat-gemeindeforum","7":"product_shipping_class-buecher-bis-2kg","9":"first","10":"instock","11":"shipping-taxable","12":"purchasable","13":"product-type-simple"},"acf":[],"_links":{"self":[{"href":"https:\/\/concepcion.de\/index.php\/wp-json\/wp\/v2\/product\/9564","targetHints":{"allow":["GET"]}}],"collection":[{"href":"https:\/\/concepcion.de\/index.php\/wp-json\/wp\/v2\/product"}],"about":[{"href":"https:\/\/concepcion.de\/index.php\/wp-json\/wp\/v2\/types\/product"}],"wp:featuredmedia":[{"embeddable":true,"href":"https:\/\/concepcion.de\/index.php\/wp-json\/wp\/v2\/media\/6683"}],"wp:attachment":[{"href":"https:\/\/concepcion.de\/index.php\/wp-json\/wp\/v2\/media?parent=9564"}],"wp:term":[{"taxonomy":"product_brand","embeddable":true,"href":"https:\/\/concepcion.de\/index.php\/wp-json\/wp\/v2\/product_brand?post=9564"},{"taxonomy":"product_cat","embeddable":true,"href":"https:\/\/concepcion.de\/index.php\/wp-json\/wp\/v2\/product_cat?post=9564"},{"taxonomy":"product_tag","embeddable":true,"href":"https:\/\/concepcion.de\/index.php\/wp-json\/wp\/v2\/product_tag?post=9564"}],"curies":[{"name":"wp","href":"https:\/\/api.w.org\/{rel}","templated":true}]}}