{"id":9563,"date":"2025-02-08T19:40:10","date_gmt":"2025-02-08T19:40:10","guid":{"rendered":"https:\/\/concepcion.de\/?post_type=product&#038;p=9563"},"modified":"2025-05-23T10:08:29","modified_gmt":"2025-05-23T10:08:29","slug":"weil-der-koenig-kommt","status":"publish","type":"product","link":"https:\/\/concepcion.de\/index.php\/produkt\/weil-der-koenig-kommt\/","title":{"rendered":"Weil der K\u00f6nig kommt"},"content":{"rendered":"<p>\u201eMit dieser gr\u00fcndlichen und gut verstehbaren Einf\u00fchrung in die \u201aletzten Dinge\u2018, wie sie sowohl in der Bibel selbst als auch im gesellschaftlichen Umfeld zur Zeit ihrer Entstehung verstanden wurden, lenkt Markus Sch\u00e4ller den Blick auf das, was wirklich z\u00e4hlt: Jesus kommt wieder.<br \/>\nOhne sich in unn\u00f6tigen Streitfragen zu verlieren, macht er deutlich, dass es am Ende nicht um Fachfragen und Dogmatik geht, sondern um meinen ganz pers\u00f6nlichen Lebensstil. Dieser wird von der Aussicht auf die Begegnung mit dem K\u00f6nig gepr\u00e4gt und gestaltet.<br \/>\nDieses Buch macht Hoffnung und Mut, sich mit seinem ganzen Leben auf Jesus Christus einzustellen.\u201c<br \/>\n<em>Ulrich Neuenhausen, Leiter Forum Wiedenest e. V.<\/em><\/p>\n<p>Markus Sch\u00e4ller, Doctor of Theology (UNISA), leitet gemeinsam mit seiner Frau Antje die Ehe- und Familienarbeit bEHErzt im ChristusForum Deutschland und ist Autor mehrerer B\u00fccher zur Sexualethik. Er hat am Department of Biblical and Ancient Studies der University of South Africa promoviert und arbeitet am Aufbau des \u201eCBE-Ethikprojekts\u201c im Christlichen Bildungszentrum Erzgebirge e. V.<\/p>\n","protected":false},"excerpt":{"rendered":"<p>\u201eMit dieser gr\u00fcndlichen und gut verstehbaren Einf\u00fchrung in die \u201aletzten Dinge\u2018, wie sie sowohl in der Bibel selbst als auch im gesellschaftlichen Umfeld zur Zeit ihrer Entstehung verstanden wurden, lenkt Markus Sch\u00e4ller den Blick auf das, was wirklich z\u00e4hlt: Jesus kommt wieder. Ohne sich in unn\u00f6tigen Streitfragen zu verlieren, macht er deutlich, dass es am Ende nicht um Fachfragen und Dogmatik geht, sondern um meinen ganz pers\u00f6nlichen Lebensstil. Dieser wird von der Aussicht auf die Begegnung mit dem K\u00f6nig gepr\u00e4gt und gestaltet. Dieses Buch macht Hoffnung und Mut, sich mit seinem ganzen Leben auf Jesus Christus einzustellen.\u201c Ulrich Neuenhausen, Leiter Forum Wiedenest e. V. Markus Sch\u00e4ller, Doctor of Theology (UNISA), leitet gemeinsam mit seiner Frau Antje die Ehe- und Familienarbeit bEHErzt im ChristusForum Deutschland und ist Autor mehrerer B\u00fccher zur Sexualethik. Er hat am Department of Biblical and Ancient Studies der University of South Africa promoviert und arbeitet am Aufbau des \u201eCBE-Ethikprojekts\u201c im Christlichen Bildungszentrum Erzgebirge e. V.<\/p>\n","protected":false},"featured_media":6682,"template":"","meta":[],"product_brand":[],"product_cat":[32],"product_tag":[],"class_list":{"0":"post-9563","1":"product","2":"type-product","3":"status-publish","4":"has-post-thumbnail","6":"product_cat-grundlagen","7":"product_shipping_class-buecher-bis-2kg","9":"first","10":"instock","11":"shipping-taxable","12":"purchasable","13":"product-type-simple"},"acf":[],"_links":{"self":[{"href":"https:\/\/concepcion.de\/index.php\/wp-json\/wp\/v2\/product\/9563","targetHints":{"allow":["GET"]}}],"collection":[{"href":"https:\/\/concepcion.de\/index.php\/wp-json\/wp\/v2\/product"}],"about":[{"href":"https:\/\/concepcion.de\/index.php\/wp-json\/wp\/v2\/types\/product"}],"wp:featuredmedia":[{"embeddable":true,"href":"https:\/\/concepcion.de\/index.php\/wp-json\/wp\/v2\/media\/6682"}],"wp:attachment":[{"href":"https:\/\/concepcion.de\/index.php\/wp-json\/wp\/v2\/media?parent=9563"}],"wp:term":[{"taxonomy":"product_brand","embeddable":true,"href":"https:\/\/concepcion.de\/index.php\/wp-json\/wp\/v2\/product_brand?post=9563"},{"taxonomy":"product_cat","embeddable":true,"href":"https:\/\/concepcion.de\/index.php\/wp-json\/wp\/v2\/product_cat?post=9563"},{"taxonomy":"product_tag","embeddable":true,"href":"https:\/\/concepcion.de\/index.php\/wp-json\/wp\/v2\/product_tag?post=9563"}],"curies":[{"name":"wp","href":"https:\/\/api.w.org\/{rel}","templated":true}]}}