{"id":9556,"date":"2025-02-08T19:40:10","date_gmt":"2025-02-08T19:40:10","guid":{"rendered":"https:\/\/concepcion.de\/?post_type=product&#038;p=9556"},"modified":"2025-05-23T10:03:57","modified_gmt":"2025-05-23T10:03:57","slug":"komm-folge-mir-nach","status":"publish","type":"product","link":"https:\/\/concepcion.de\/index.php\/produkt\/komm-folge-mir-nach\/","title":{"rendered":"Komm, folge mir nach"},"content":{"rendered":"<p>Dr. Tim Green: &#8222;Als ich in Pakistan lebte, lernte ich Menschen der dortigen Mehrheitsreligion kennen, die begonnen hatten, Jesus, dem Messias, nachzufolgen. Mir wurde klar, welch langer, schwerer Weg das f\u00fcr sie sein konnte, abgelehnt von ihrer bisherigen Gemeinschaft und noch nicht von einer neuen akzeptiert. Wir wurden Freunde, ich konnte viel von ihnen lernen und versuchte, ihnen ein guter Freund zu sein. Das liegt nun Jahrzehnte zur\u00fcck. Seitdem habe ich hunderte solcher Gl\u00e4ubige in vielen L\u00e4ndern kennengelernt. Es werden immer mehr und &#8211; Sie brauchen Gemeinden, die sie willkommen hei\u00dfen; &#8211; Sie brauchen christliche Mentoren, die sie auf ihrem Glaubensweg begleiten und ihnen Christus vor Augen malen; &#8211; Sie sollen im Wort Gottes gegr\u00fcndet werden und es auf ihr Leben anwenden k\u00f6nnen. Ich habe Komm, folge mir nach geschrieben, um eine Br\u00fccke zu bauen zwischen Gemeinde\/Kirche, Mentor und dem Wort Gottes. \u00dcbersetzungen des Kurses sind in \u00fcber 10 Sprachen fertig oder in Bearbeitung. Mit dieser deutschen Version k\u00f6nnen auch deutsche Christen neuen Jesus-Nachfolgern helfen, im Glauben zu wachsen. Mein Wunsch und Gebet ist, dass diese Gl\u00e4ubigen ein verwandeltes Leben in Christus f\u00fchren und ihre Heimat in seiner Gemeinde finden.&#8220;<\/p>\n","protected":false},"excerpt":{"rendered":"<p>Dr. Tim Green: &#8222;Als ich in Pakistan lebte, lernte ich Menschen der dortigen Mehrheitsreligion kennen, die begonnen hatten, Jesus, dem Messias, nachzufolgen. Mir wurde klar, welch langer, schwerer Weg das f\u00fcr sie sein konnte, abgelehnt von ihrer bisherigen Gemeinschaft und noch nicht von einer neuen akzeptiert. Wir wurden Freunde, ich konnte viel von ihnen lernen und versuchte, ihnen ein guter Freund zu sein. Das liegt nun Jahrzehnte zur\u00fcck. Seitdem habe ich hunderte solcher Gl\u00e4ubige in vielen L\u00e4ndern kennengelernt. Es werden immer mehr und &#8211; Sie brauchen Gemeinden, die sie willkommen hei\u00dfen; &#8211; Sie brauchen christliche Mentoren, die sie auf ihrem Glaubensweg begleiten und ihnen Christus vor Augen malen; &#8211; Sie sollen im Wort Gottes gegr\u00fcndet werden und es auf ihr Leben anwenden k\u00f6nnen. Ich habe Komm, folge mir nach geschrieben, um eine Br\u00fccke zu bauen zwischen Gemeinde\/Kirche, Mentor und dem Wort Gottes. \u00dcbersetzungen des Kurses sind in \u00fcber 10 Sprachen fertig oder in Bearbeitung. Mit dieser deutschen Version k\u00f6nnen auch deutsche Christen neuen Jesus-Nachfolgern helfen, im Glauben zu wachsen. Mein Wunsch und Gebet ist, dass diese Gl\u00e4ubigen ein verwandeltes Leben in Christus f\u00fchren und ihre Heimat in seiner Gemeinde finden.&#8220;<\/p>\n","protected":false},"featured_media":6676,"template":"","meta":[],"product_brand":[],"product_cat":[32],"product_tag":[],"class_list":{"0":"post-9556","1":"product","2":"type-product","3":"status-publish","4":"has-post-thumbnail","6":"product_cat-grundlagen","7":"product_shipping_class-buecher-bis-2kg","9":"first","10":"instock","11":"shipping-taxable","12":"purchasable","13":"product-type-simple"},"acf":[],"_links":{"self":[{"href":"https:\/\/concepcion.de\/index.php\/wp-json\/wp\/v2\/product\/9556","targetHints":{"allow":["GET"]}}],"collection":[{"href":"https:\/\/concepcion.de\/index.php\/wp-json\/wp\/v2\/product"}],"about":[{"href":"https:\/\/concepcion.de\/index.php\/wp-json\/wp\/v2\/types\/product"}],"wp:featuredmedia":[{"embeddable":true,"href":"https:\/\/concepcion.de\/index.php\/wp-json\/wp\/v2\/media\/6676"}],"wp:attachment":[{"href":"https:\/\/concepcion.de\/index.php\/wp-json\/wp\/v2\/media?parent=9556"}],"wp:term":[{"taxonomy":"product_brand","embeddable":true,"href":"https:\/\/concepcion.de\/index.php\/wp-json\/wp\/v2\/product_brand?post=9556"},{"taxonomy":"product_cat","embeddable":true,"href":"https:\/\/concepcion.de\/index.php\/wp-json\/wp\/v2\/product_cat?post=9556"},{"taxonomy":"product_tag","embeddable":true,"href":"https:\/\/concepcion.de\/index.php\/wp-json\/wp\/v2\/product_tag?post=9556"}],"curies":[{"name":"wp","href":"https:\/\/api.w.org\/{rel}","templated":true}]}}