{"id":9555,"date":"2025-02-08T19:40:10","date_gmt":"2025-02-08T19:40:10","guid":{"rendered":"https:\/\/concepcion.de\/?post_type=product&#038;p=9555"},"modified":"2025-05-23T10:22:48","modified_gmt":"2025-05-23T10:22:48","slug":"wenn-leid-zum-himmel-schreit","status":"publish","type":"product","link":"https:\/\/concepcion.de\/index.php\/produkt\/wenn-leid-zum-himmel-schreit\/","title":{"rendered":"Wenn Leid zum Himmel schreit"},"content":{"rendered":"<p>Stefanie Helzel greift mit ihrem Buch ein oft vernachl\u00e4ssigtes Thema auf. Aus eigener Erfahrung beschreibt sie wie Anbetung in schweren Zeiten zur Herausforderung f\u00fcr das pers\u00f6nliche Glaubensleben werden kann und erz\u00e4hlt von ihrem Weg zur Anbetung aus tiefer Krankheitsnot heraus. Dabei gelingt es ihr, biblische Grundlage und pers\u00f6nliches Erleben miteinander zu verbinden. Anhand biblischer Gestalten, wie Hanna oder Hiob, arbeitet sie heraus, dass wir in Gottes Wort eine breite Palette von Anbetungsformen vorfinden. Dazu geh\u00f6ren auch ehrliches Fragen und Klagen. Das k\u00f6nnen wir auch bei den Verfassern von Psalmen beobachten. Wohltuende theologische Ausgewogenheit und Einblicke in das pers\u00f6nliche Ringen der Autorin auf dem Weg zur Anbetung im Leid helfen dem Leser, sich kritisch mit heutigen Anbetungspraktiken auseinanderzusetzen.<\/p>\n<p>Das Buch kann Menschen in schwierigen Zeiten helfen, bei Gott zu bleiben und ihn zu ehren. Es will aber auch \u201eAnbetungsleiter\u201c daf\u00fcr sensibilisieren, die Thematik Leid st\u00e4rker zu ber\u00fccksichtigen.<\/p>\n","protected":false},"excerpt":{"rendered":"<p>Stefanie Helzel greift mit ihrem Buch ein oft vernachl\u00e4ssigtes Thema auf. Aus eigener Erfahrung beschreibt sie wie Anbetung in schweren Zeiten zur Herausforderung f\u00fcr das pers\u00f6nliche Glaubensleben werden kann und erz\u00e4hlt von ihrem Weg zur Anbetung aus tiefer Krankheitsnot heraus. Dabei gelingt es ihr, biblische Grundlage und pers\u00f6nliches Erleben miteinander zu verbinden. Anhand biblischer Gestalten, wie Hanna oder Hiob, arbeitet sie heraus, dass wir in Gottes Wort eine breite Palette von Anbetungsformen vorfinden. Dazu geh\u00f6ren auch ehrliches Fragen und Klagen. Das k\u00f6nnen wir auch bei den Verfassern von Psalmen beobachten. Wohltuende theologische Ausgewogenheit und Einblicke in das pers\u00f6nliche Ringen der Autorin auf dem Weg zur Anbetung im Leid helfen dem Leser, sich kritisch mit heutigen Anbetungspraktiken auseinanderzusetzen. Das Buch kann Menschen in schwierigen Zeiten helfen, bei Gott zu bleiben und ihn zu ehren. Es will aber auch \u201eAnbetungsleiter\u201c daf\u00fcr sensibilisieren, die Thematik Leid st\u00e4rker zu ber\u00fccksichtigen.<\/p>\n","protected":false},"featured_media":6675,"template":"","meta":[],"product_brand":[],"product_cat":[34],"product_tag":[],"class_list":{"0":"post-9555","1":"product","2":"type-product","3":"status-publish","4":"has-post-thumbnail","6":"product_cat-sonstiges","7":"product_shipping_class-buecher-bis-2kg","9":"first","10":"instock","11":"shipping-taxable","12":"purchasable","13":"product-type-simple"},"acf":[],"_links":{"self":[{"href":"https:\/\/concepcion.de\/index.php\/wp-json\/wp\/v2\/product\/9555","targetHints":{"allow":["GET"]}}],"collection":[{"href":"https:\/\/concepcion.de\/index.php\/wp-json\/wp\/v2\/product"}],"about":[{"href":"https:\/\/concepcion.de\/index.php\/wp-json\/wp\/v2\/types\/product"}],"wp:featuredmedia":[{"embeddable":true,"href":"https:\/\/concepcion.de\/index.php\/wp-json\/wp\/v2\/media\/6675"}],"wp:attachment":[{"href":"https:\/\/concepcion.de\/index.php\/wp-json\/wp\/v2\/media?parent=9555"}],"wp:term":[{"taxonomy":"product_brand","embeddable":true,"href":"https:\/\/concepcion.de\/index.php\/wp-json\/wp\/v2\/product_brand?post=9555"},{"taxonomy":"product_cat","embeddable":true,"href":"https:\/\/concepcion.de\/index.php\/wp-json\/wp\/v2\/product_cat?post=9555"},{"taxonomy":"product_tag","embeddable":true,"href":"https:\/\/concepcion.de\/index.php\/wp-json\/wp\/v2\/product_tag?post=9555"}],"curies":[{"name":"wp","href":"https:\/\/api.w.org\/{rel}","templated":true}]}}