{"id":9543,"date":"2025-02-08T19:39:59","date_gmt":"2025-02-08T19:39:59","guid":{"rendered":"https:\/\/concepcion.de\/?post_type=product&#038;p=9543"},"modified":"2025-05-23T13:19:14","modified_gmt":"2025-05-23T13:19:14","slug":"grenzenloses-israel-ein-land-wird-geteilt","status":"publish","type":"product","link":"https:\/\/concepcion.de\/index.php\/produkt\/grenzenloses-israel-ein-land-wird-geteilt\/","title":{"rendered":"Grenzenloses Israel &#8211; Ein Land wird geteilt"},"content":{"rendered":"<p>Seit Jahrhunderten betet das j\u00fcdische Volk um die M\u00f6glichkeit der R\u00fcckkehr nach Zion, dem Herzen Israels, dem gelobten Land. Diese tiefe Sehnsucht des j\u00fcdischen Volkes wurde zu Beginn des 19. Jahrhunderts Wirklichkeit. Seitdem sind Millionen von Juden \u2018heimgekehrt\u2019, und Israel hat seiner Geschichte eine Reihe besonderer Kapitel hinzuf\u00fcgen k\u00f6nnen. Die Gr\u00fcndung des Staates Israel im Jahr 1948 gilt als der H\u00f6hepunkt. Seitdem hat sich Israel zu einer reifen und modernen Demokratie in einem geteilten Nahen Osten entwickelt. Seine Grenzen und seine Geschichte sind st\u00e4ndig umstritten, sogar in den Vereinten Nationen. Viele bestehen auf einer (erneuten) Teilung des Landes, wobei Israel unter dem Druck des \u201eV\u00f6lkerrechts\u201c gro\u00dfe Teile seines Kernlandes an die Pal\u00e4stinenser abtreten m\u00fcsste.<\/p>\n<p>In diesem Buch f\u00fchren die Autoren mit Hilfe von Karten durch die j\u00fcngste Geschichte Israels und seines Territoriums. Von der osmanischen Herrschaft im neunzehnten Jahrhundert bis zur aktuellen Situation. Es bietet eine \u00fcberraschende Perspektive und ist ein unverzichtbares Hilfsmittel zum besseren Verst\u00e4ndnis der aktuellen Konflikte um Israel.<\/p>\n","protected":false},"excerpt":{"rendered":"<p>Seit Jahrhunderten betet das j\u00fcdische Volk um die M\u00f6glichkeit der R\u00fcckkehr nach Zion, dem Herzen Israels, dem gelobten Land. Diese tiefe Sehnsucht des j\u00fcdischen Volkes wurde zu Beginn des 19. Jahrhunderts Wirklichkeit. Seitdem sind Millionen von Juden \u2018heimgekehrt\u2019, und Israel hat seiner Geschichte eine Reihe besonderer Kapitel hinzuf\u00fcgen k\u00f6nnen. Die Gr\u00fcndung des Staates Israel im Jahr 1948 gilt als der H\u00f6hepunkt. Seitdem hat sich Israel zu einer reifen und modernen Demokratie in einem geteilten Nahen Osten entwickelt. Seine Grenzen und seine Geschichte sind st\u00e4ndig umstritten, sogar in den Vereinten Nationen. Viele bestehen auf einer (erneuten) Teilung des Landes, wobei Israel unter dem Druck des \u201eV\u00f6lkerrechts\u201c gro\u00dfe Teile seines Kernlandes an die Pal\u00e4stinenser abtreten m\u00fcsste. In diesem Buch f\u00fchren die Autoren mit Hilfe von Karten durch die j\u00fcngste Geschichte Israels und seines Territoriums. Von der osmanischen Herrschaft im neunzehnten Jahrhundert bis zur aktuellen Situation. Es bietet eine \u00fcberraschende Perspektive und ist ein unverzichtbares Hilfsmittel zum besseren Verst\u00e4ndnis der aktuellen Konflikte um Israel.<\/p>\n","protected":false},"featured_media":6664,"template":"","meta":[],"product_brand":[],"product_cat":[34],"product_tag":[],"class_list":{"0":"post-9543","1":"product","2":"type-product","3":"status-publish","4":"has-post-thumbnail","6":"product_cat-sonstiges","7":"product_shipping_class-buecher-bis-2kg","9":"first","10":"instock","11":"shipping-taxable","12":"purchasable","13":"product-type-simple"},"acf":[],"_links":{"self":[{"href":"https:\/\/concepcion.de\/index.php\/wp-json\/wp\/v2\/product\/9543","targetHints":{"allow":["GET"]}}],"collection":[{"href":"https:\/\/concepcion.de\/index.php\/wp-json\/wp\/v2\/product"}],"about":[{"href":"https:\/\/concepcion.de\/index.php\/wp-json\/wp\/v2\/types\/product"}],"wp:featuredmedia":[{"embeddable":true,"href":"https:\/\/concepcion.de\/index.php\/wp-json\/wp\/v2\/media\/6664"}],"wp:attachment":[{"href":"https:\/\/concepcion.de\/index.php\/wp-json\/wp\/v2\/media?parent=9543"}],"wp:term":[{"taxonomy":"product_brand","embeddable":true,"href":"https:\/\/concepcion.de\/index.php\/wp-json\/wp\/v2\/product_brand?post=9543"},{"taxonomy":"product_cat","embeddable":true,"href":"https:\/\/concepcion.de\/index.php\/wp-json\/wp\/v2\/product_cat?post=9543"},{"taxonomy":"product_tag","embeddable":true,"href":"https:\/\/concepcion.de\/index.php\/wp-json\/wp\/v2\/product_tag?post=9543"}],"curies":[{"name":"wp","href":"https:\/\/api.w.org\/{rel}","templated":true}]}}