{"id":9536,"date":"2025-02-08T19:39:59","date_gmt":"2025-02-08T19:39:59","guid":{"rendered":"https:\/\/concepcion.de\/?post_type=product&#038;p=9536"},"modified":"2025-03-19T16:27:25","modified_gmt":"2025-03-19T16:27:25","slug":"was-stammbaeume-verschweigen-wissenswertes-ueber-die-schoepfung","status":"publish","type":"product","link":"https:\/\/concepcion.de\/index.php\/produkt\/was-stammbaeume-verschweigen-wissenswertes-ueber-die-schoepfung\/","title":{"rendered":"Was Stammb\u00e4ume verschweigen Wissenswertes \u00fcber die Sch\u00f6pfung"},"content":{"rendered":"<p>Klettere in das Baumhaus der Dedektivagentur und beginne ein sechsw\u00f6chiges Training f\u00fcr \u201einduktive Dedektive&#8220;, gemeinsam mit Max und Molly und ihrem Hund Rex. Die Agentur soll ein schwieriges R\u00e4tsel l\u00f6sen &#8211; das R\u00e4tsel, wie man selber entdecken kann, was das Wort Gottes sagt.<\/p>\n","protected":false},"excerpt":{"rendered":"<p>Klettere in das Baumhaus der Dedektivagentur und beginne ein sechsw\u00f6chiges Training f\u00fcr \u201einduktive Dedektive&#8220;, gemeinsam mit Max und Molly und ihrem Hund Rex. Die Agentur soll ein schwieriges R\u00e4tsel l\u00f6sen &#8211; das R\u00e4tsel, wie man selber entdecken kann, was das Wort Gottes sagt.<\/p>\n","protected":false},"featured_media":6658,"template":"","meta":[],"product_brand":[],"product_cat":[15,21],"product_tag":[],"class_list":{"0":"post-9536","1":"product","2":"type-product","3":"status-publish","4":"has-post-thumbnail","6":"product_cat-concepcion-seidel-ohg","7":"product_cat-kinderundjuegendliteratur","8":"product_shipping_class-buecher-bis-2kg","10":"first","11":"instock","12":"shipping-taxable","13":"purchasable","14":"product-type-simple"},"acf":[],"_links":{"self":[{"href":"https:\/\/concepcion.de\/index.php\/wp-json\/wp\/v2\/product\/9536","targetHints":{"allow":["GET"]}}],"collection":[{"href":"https:\/\/concepcion.de\/index.php\/wp-json\/wp\/v2\/product"}],"about":[{"href":"https:\/\/concepcion.de\/index.php\/wp-json\/wp\/v2\/types\/product"}],"wp:featuredmedia":[{"embeddable":true,"href":"https:\/\/concepcion.de\/index.php\/wp-json\/wp\/v2\/media\/6658"}],"wp:attachment":[{"href":"https:\/\/concepcion.de\/index.php\/wp-json\/wp\/v2\/media?parent=9536"}],"wp:term":[{"taxonomy":"product_brand","embeddable":true,"href":"https:\/\/concepcion.de\/index.php\/wp-json\/wp\/v2\/product_brand?post=9536"},{"taxonomy":"product_cat","embeddable":true,"href":"https:\/\/concepcion.de\/index.php\/wp-json\/wp\/v2\/product_cat?post=9536"},{"taxonomy":"product_tag","embeddable":true,"href":"https:\/\/concepcion.de\/index.php\/wp-json\/wp\/v2\/product_tag?post=9536"}],"curies":[{"name":"wp","href":"https:\/\/api.w.org\/{rel}","templated":true}]}}