{"id":9533,"date":"2025-02-08T19:39:59","date_gmt":"2025-02-08T19:39:59","guid":{"rendered":"https:\/\/concepcion.de\/?post_type=product&#038;p=9533"},"modified":"2025-03-19T16:27:43","modified_gmt":"2025-03-19T16:27:43","slug":"das-erste-hausaufgaben-raetsel-buch","status":"publish","type":"product","link":"https:\/\/concepcion.de\/index.php\/produkt\/das-erste-hausaufgaben-raetsel-buch\/","title":{"rendered":"Das erste Hausaufgaben R\u00e4tsel-Buch"},"content":{"rendered":"<p>Dieses Hausaufgabenheft ist vom Konzept her eine Neuheit. Auf 45 Doppelseiten mit Stundenpl\u00e4nen, sowie anderen Formularen, Tabellen und \u00fcbersichtlichen Listen, bietet das Buch eine praktische Hilfe f\u00fcr jeden Sch\u00fcler. Die Botschaft der Bibel, in 45 Karrikaturen als R\u00e4tsel gestaltet, motiviert den Sch\u00fcler in der Bibel zu bl\u00e4ttern und die Geheimnisse zu l\u00fcften.<\/p>\n<p>F\u00fcr Sch\u00fcler von 10-16 J.<\/p>\n","protected":false},"excerpt":{"rendered":"<p>Dieses Hausaufgabenheft ist vom Konzept her eine Neuheit. Auf 45 Doppelseiten mit Stundenpl\u00e4nen, sowie anderen Formularen, Tabellen und \u00fcbersichtlichen Listen, bietet das Buch eine praktische Hilfe f\u00fcr jeden Sch\u00fcler. Die Botschaft der Bibel, in 45 Karrikaturen als R\u00e4tsel gestaltet, motiviert den Sch\u00fcler in der Bibel zu bl\u00e4ttern und die Geheimnisse zu l\u00fcften. F\u00fcr Sch\u00fcler von 10-16 J.<\/p>\n","protected":false},"featured_media":6655,"template":"","meta":[],"product_brand":[],"product_cat":[15,21],"product_tag":[],"class_list":{"0":"post-9533","1":"product","2":"type-product","3":"status-publish","4":"has-post-thumbnail","6":"product_cat-concepcion-seidel-ohg","7":"product_cat-kinderundjuegendliteratur","8":"product_shipping_class-buecher-bis-2kg","10":"first","11":"instock","12":"shipping-taxable","13":"purchasable","14":"product-type-simple"},"acf":[],"_links":{"self":[{"href":"https:\/\/concepcion.de\/index.php\/wp-json\/wp\/v2\/product\/9533","targetHints":{"allow":["GET"]}}],"collection":[{"href":"https:\/\/concepcion.de\/index.php\/wp-json\/wp\/v2\/product"}],"about":[{"href":"https:\/\/concepcion.de\/index.php\/wp-json\/wp\/v2\/types\/product"}],"wp:featuredmedia":[{"embeddable":true,"href":"https:\/\/concepcion.de\/index.php\/wp-json\/wp\/v2\/media\/6655"}],"wp:attachment":[{"href":"https:\/\/concepcion.de\/index.php\/wp-json\/wp\/v2\/media?parent=9533"}],"wp:term":[{"taxonomy":"product_brand","embeddable":true,"href":"https:\/\/concepcion.de\/index.php\/wp-json\/wp\/v2\/product_brand?post=9533"},{"taxonomy":"product_cat","embeddable":true,"href":"https:\/\/concepcion.de\/index.php\/wp-json\/wp\/v2\/product_cat?post=9533"},{"taxonomy":"product_tag","embeddable":true,"href":"https:\/\/concepcion.de\/index.php\/wp-json\/wp\/v2\/product_tag?post=9533"}],"curies":[{"name":"wp","href":"https:\/\/api.w.org\/{rel}","templated":true}]}}