{"id":9532,"date":"2025-02-08T19:39:59","date_gmt":"2025-02-08T19:39:59","guid":{"rendered":"https:\/\/concepcion.de\/?post_type=product&#038;p=9532"},"modified":"2025-03-19T16:27:48","modified_gmt":"2025-03-19T16:27:48","slug":"rueckblicke","status":"publish","type":"product","link":"https:\/\/concepcion.de\/index.php\/produkt\/rueckblicke\/","title":{"rendered":"R\u00fcckblicke"},"content":{"rendered":"<p>Wachturm, Stacheldraht, Krieg und Kriegserlebnisse geh\u00f6ren f\u00fcr Deutsche zur fernen Vergangenheit. Das ist gut so. Dennoch greift ein Veteran jenes furchtbaren Krieges viele Jahrzehnte sp\u00e4ter zu Stift und Papier. Schlicht aus seinem Blickwinkel skizziert einer davon &#8211; Ehrhart P\u00f6schmann &#8211; Freund und Feind, Angst u. Rache, Leben und Tod. Aber auch Gefangenschaft und Heimkehr.<\/p>\n","protected":false},"excerpt":{"rendered":"<p>Wachturm, Stacheldraht, Krieg und Kriegserlebnisse geh\u00f6ren f\u00fcr Deutsche zur fernen Vergangenheit. Das ist gut so. Dennoch greift ein Veteran jenes furchtbaren Krieges viele Jahrzehnte sp\u00e4ter zu Stift und Papier. Schlicht aus seinem Blickwinkel skizziert einer davon &#8211; Ehrhart P\u00f6schmann &#8211; Freund und Feind, Angst u. Rache, Leben und Tod. Aber auch Gefangenschaft und Heimkehr.<\/p>\n","protected":false},"featured_media":6654,"template":"","meta":[],"product_brand":[],"product_cat":[15,25],"product_tag":[],"class_list":{"0":"post-9532","1":"product","2":"type-product","3":"status-publish","4":"has-post-thumbnail","6":"product_cat-concepcion-seidel-ohg","7":"product_cat-individuelles-geschichte-und-gegenwart","8":"product_shipping_class-buecher-bis-2kg","10":"first","11":"instock","12":"shipping-taxable","13":"purchasable","14":"product-type-simple"},"acf":[],"_links":{"self":[{"href":"https:\/\/concepcion.de\/index.php\/wp-json\/wp\/v2\/product\/9532","targetHints":{"allow":["GET"]}}],"collection":[{"href":"https:\/\/concepcion.de\/index.php\/wp-json\/wp\/v2\/product"}],"about":[{"href":"https:\/\/concepcion.de\/index.php\/wp-json\/wp\/v2\/types\/product"}],"wp:featuredmedia":[{"embeddable":true,"href":"https:\/\/concepcion.de\/index.php\/wp-json\/wp\/v2\/media\/6654"}],"wp:attachment":[{"href":"https:\/\/concepcion.de\/index.php\/wp-json\/wp\/v2\/media?parent=9532"}],"wp:term":[{"taxonomy":"product_brand","embeddable":true,"href":"https:\/\/concepcion.de\/index.php\/wp-json\/wp\/v2\/product_brand?post=9532"},{"taxonomy":"product_cat","embeddable":true,"href":"https:\/\/concepcion.de\/index.php\/wp-json\/wp\/v2\/product_cat?post=9532"},{"taxonomy":"product_tag","embeddable":true,"href":"https:\/\/concepcion.de\/index.php\/wp-json\/wp\/v2\/product_tag?post=9532"}],"curies":[{"name":"wp","href":"https:\/\/api.w.org\/{rel}","templated":true}]}}