{"id":9525,"date":"2025-02-08T19:39:59","date_gmt":"2025-02-08T19:39:59","guid":{"rendered":"https:\/\/concepcion.de\/?post_type=product&#038;p=9525"},"modified":"2026-02-20T15:14:25","modified_gmt":"2026-02-20T15:14:25","slug":"die-deutschen-bruedergemeinden-in-rumaenien-ihre-anfaenge-in-der-dobruscha-und-in-siebenbuergen","status":"publish","type":"product","link":"https:\/\/concepcion.de\/index.php\/produkt\/die-deutschen-bruedergemeinden-in-rumaenien-ihre-anfaenge-in-der-dobruscha-und-in-siebenbuergen\/","title":{"rendered":"Die deutschen Br\u00fcdergemeinden in Rum\u00e4nien Ihre Anf\u00e4nge in der Dobruscha und in Siebenb\u00fcrgen"},"content":{"rendered":"<p>Der Balkan, &#8222;der Hexenkessel Europas&#8220;, so lernten wir es 1936 im Geschichtsunterricht. Aber auch in anderen L\u00e4ndern baut Jesus Christus seine Gemeinde. Dieses Wunder wird in diesem Buch auf dem Hintergrund der oft notvollen politischen Geschichte Rum\u00e4niens verst\u00e4ndlich und sehr zum Lesen anregend beschrieben.<\/p>\n","protected":false},"excerpt":{"rendered":"<p>Der Balkan, &#8222;der Hexenkessel Europas&#8220;, so lernten wir es 1936 im Geschichtsunterricht. Aber auch in anderen L\u00e4ndern baut Jesus Christus seine Gemeinde. Dieses Wunder wird in diesem Buch auf dem Hintergrund der oft notvollen politischen Geschichte Rum\u00e4niens verst\u00e4ndlich und sehr zum Lesen anregend beschrieben.<\/p>\n","protected":false},"featured_media":6649,"template":"","meta":[],"product_brand":[],"product_cat":[15,25],"product_tag":[],"class_list":{"0":"post-9525","1":"product","2":"type-product","3":"status-publish","4":"has-post-thumbnail","6":"product_cat-concepcion-seidel-ohg","7":"product_cat-individuelles-geschichte-und-gegenwart","8":"product_shipping_class-buecher-bis-2kg","10":"first","11":"instock","12":"shipping-taxable","13":"purchasable","14":"product-type-simple"},"acf":[],"_links":{"self":[{"href":"https:\/\/concepcion.de\/index.php\/wp-json\/wp\/v2\/product\/9525","targetHints":{"allow":["GET"]}}],"collection":[{"href":"https:\/\/concepcion.de\/index.php\/wp-json\/wp\/v2\/product"}],"about":[{"href":"https:\/\/concepcion.de\/index.php\/wp-json\/wp\/v2\/types\/product"}],"wp:featuredmedia":[{"embeddable":true,"href":"https:\/\/concepcion.de\/index.php\/wp-json\/wp\/v2\/media\/6649"}],"wp:attachment":[{"href":"https:\/\/concepcion.de\/index.php\/wp-json\/wp\/v2\/media?parent=9525"}],"wp:term":[{"taxonomy":"product_brand","embeddable":true,"href":"https:\/\/concepcion.de\/index.php\/wp-json\/wp\/v2\/product_brand?post=9525"},{"taxonomy":"product_cat","embeddable":true,"href":"https:\/\/concepcion.de\/index.php\/wp-json\/wp\/v2\/product_cat?post=9525"},{"taxonomy":"product_tag","embeddable":true,"href":"https:\/\/concepcion.de\/index.php\/wp-json\/wp\/v2\/product_tag?post=9525"}],"curies":[{"name":"wp","href":"https:\/\/api.w.org\/{rel}","templated":true}]}}