{"id":9513,"date":"2025-02-08T19:39:48","date_gmt":"2025-02-08T19:39:48","guid":{"rendered":"https:\/\/concepcion.de\/?post_type=product&#038;p=9513"},"modified":"2025-03-20T10:38:02","modified_gmt":"2025-03-20T10:38:02","slug":"kreuzwortraetsel-lexikon","status":"publish","type":"product","link":"https:\/\/concepcion.de\/index.php\/produkt\/kreuzwortraetsel-lexikon\/","title":{"rendered":"Kreuzwortr\u00e4tsel-Lexikon"},"content":{"rendered":"<p>Schon in jungen Jahren fand der Autor Kreuzwortr\u00e4tsel faszinierend, st\u00f6rend hingegen, dass er &#8211; um die L\u00f6sungen zu erfahren &#8211; immer die folgenden Hefte kaufen musste. Deshalb fing er an, alles aufzuschreiben &#8211; und so kam die Idee des Buches.<br \/>\n&#8222;Das besondere an diesem Lexikon sind die Fragestellungen der einzelnen Begriffe. Die Fragen sind so gestellt, wie sie in allen R\u00e4tselheften, Zeitschriften usw. vorkommen. Das sichert ein leichtes Auffinden der Fragen und Antworten!&#8220;<\/p>\n","protected":false},"excerpt":{"rendered":"<p>Schon in jungen Jahren fand der Autor Kreuzwortr\u00e4tsel faszinierend, st\u00f6rend hingegen, dass er &#8211; um die L\u00f6sungen zu erfahren &#8211; immer die folgenden Hefte kaufen musste. Deshalb fing er an, alles aufzuschreiben &#8211; und so kam die Idee des Buches. &#8222;Das besondere an diesem Lexikon sind die Fragestellungen der einzelnen Begriffe. Die Fragen sind so gestellt, wie sie in allen R\u00e4tselheften, Zeitschriften usw. vorkommen. Das sichert ein leichtes Auffinden der Fragen und Antworten!&#8220;<\/p>\n","protected":false},"featured_media":6639,"template":"","meta":[],"product_brand":[],"product_cat":[42,15],"product_tag":[],"class_list":{"0":"post-9513","1":"product","2":"type-product","3":"status-publish","4":"has-post-thumbnail","6":"product_cat-allgemeines","7":"product_cat-concepcion-seidel-ohg","8":"product_shipping_class-buecher-bis-2kg","10":"first","11":"instock","12":"shipping-taxable","13":"purchasable","14":"product-type-simple"},"acf":[],"_links":{"self":[{"href":"https:\/\/concepcion.de\/index.php\/wp-json\/wp\/v2\/product\/9513","targetHints":{"allow":["GET"]}}],"collection":[{"href":"https:\/\/concepcion.de\/index.php\/wp-json\/wp\/v2\/product"}],"about":[{"href":"https:\/\/concepcion.de\/index.php\/wp-json\/wp\/v2\/types\/product"}],"wp:featuredmedia":[{"embeddable":true,"href":"https:\/\/concepcion.de\/index.php\/wp-json\/wp\/v2\/media\/6639"}],"wp:attachment":[{"href":"https:\/\/concepcion.de\/index.php\/wp-json\/wp\/v2\/media?parent=9513"}],"wp:term":[{"taxonomy":"product_brand","embeddable":true,"href":"https:\/\/concepcion.de\/index.php\/wp-json\/wp\/v2\/product_brand?post=9513"},{"taxonomy":"product_cat","embeddable":true,"href":"https:\/\/concepcion.de\/index.php\/wp-json\/wp\/v2\/product_cat?post=9513"},{"taxonomy":"product_tag","embeddable":true,"href":"https:\/\/concepcion.de\/index.php\/wp-json\/wp\/v2\/product_tag?post=9513"}],"curies":[{"name":"wp","href":"https:\/\/api.w.org\/{rel}","templated":true}]}}