{"id":9503,"date":"2025-02-08T19:39:48","date_gmt":"2025-02-08T19:39:48","guid":{"rendered":"https:\/\/concepcion.de\/?post_type=product&#038;p=9503"},"modified":"2025-03-20T09:55:11","modified_gmt":"2025-03-20T09:55:11","slug":"kinder-koch-und-raetselspass","status":"publish","type":"product","link":"https:\/\/concepcion.de\/index.php\/produkt\/kinder-koch-und-raetselspass\/","title":{"rendered":"Kinder Koch- und R\u00e4tselspa\u00df"},"content":{"rendered":"<p>Kinderleichte Rezepte f\u00fcr das Kochen mit der ganzen Familie. R\u00e4tsel, Spiele und Informationen zu den verwendeten Produkten verk\u00fcrzen auch den Kleinsten die Zeit bis das Essen auf den Tisch kommt. Ein Kochbuch von Eltern f\u00fcr Eltern f\u00fcr eine gemeinsame Zubereitung mit Spa\u00df und guter Laune.<\/p>\n","protected":false},"excerpt":{"rendered":"<p>Kinderleichte Rezepte f\u00fcr das Kochen mit der ganzen Familie. R\u00e4tsel, Spiele und Informationen zu den verwendeten Produkten verk\u00fcrzen auch den Kleinsten die Zeit bis das Essen auf den Tisch kommt. Ein Kochbuch von Eltern f\u00fcr Eltern f\u00fcr eine gemeinsame Zubereitung mit Spa\u00df und guter Laune.<\/p>\n","protected":false},"featured_media":6629,"template":"","meta":[],"product_brand":[],"product_cat":[15,21],"product_tag":[],"class_list":{"0":"post-9503","1":"product","2":"type-product","3":"status-publish","4":"has-post-thumbnail","6":"product_cat-concepcion-seidel-ohg","7":"product_cat-kinderundjuegendliteratur","8":"product_shipping_class-buecher-bis-2kg","10":"first","11":"instock","12":"shipping-taxable","13":"purchasable","14":"product-type-simple"},"acf":[],"_links":{"self":[{"href":"https:\/\/concepcion.de\/index.php\/wp-json\/wp\/v2\/product\/9503","targetHints":{"allow":["GET"]}}],"collection":[{"href":"https:\/\/concepcion.de\/index.php\/wp-json\/wp\/v2\/product"}],"about":[{"href":"https:\/\/concepcion.de\/index.php\/wp-json\/wp\/v2\/types\/product"}],"wp:featuredmedia":[{"embeddable":true,"href":"https:\/\/concepcion.de\/index.php\/wp-json\/wp\/v2\/media\/6629"}],"wp:attachment":[{"href":"https:\/\/concepcion.de\/index.php\/wp-json\/wp\/v2\/media?parent=9503"}],"wp:term":[{"taxonomy":"product_brand","embeddable":true,"href":"https:\/\/concepcion.de\/index.php\/wp-json\/wp\/v2\/product_brand?post=9503"},{"taxonomy":"product_cat","embeddable":true,"href":"https:\/\/concepcion.de\/index.php\/wp-json\/wp\/v2\/product_cat?post=9503"},{"taxonomy":"product_tag","embeddable":true,"href":"https:\/\/concepcion.de\/index.php\/wp-json\/wp\/v2\/product_tag?post=9503"}],"curies":[{"name":"wp","href":"https:\/\/api.w.org\/{rel}","templated":true}]}}