{"id":9479,"date":"2025-02-08T19:39:37","date_gmt":"2025-02-08T19:39:37","guid":{"rendered":"https:\/\/concepcion.de\/?post_type=product&#038;p=9479"},"modified":"2025-03-20T10:53:03","modified_gmt":"2025-03-20T10:53:03","slug":"keine-bleibenden-schaeden","status":"publish","type":"product","link":"https:\/\/concepcion.de\/index.php\/produkt\/keine-bleibenden-schaeden\/","title":{"rendered":"Keine bleibenden Sch\u00e4den"},"content":{"rendered":"<p>Was passiert, wenn man einen Sofakrieger in das westafrikanischste aller L\u00e4nder expediert?<br \/>\nIn eine Gegend fernab von anderen Portos (=Wei\u00dfen), in der sich multimediale Str\u00f6me nur am Fluss finden lassen?<br \/>\nIdeale Voraussetzung, um ausgiebig Kulturschocks zu durchleben. Und anderen zu verpassen.<br \/>\nWarum sollte man niemals einen Brief mit rotem Filzstift schreiben?<br \/>\nWas geschieht, wenn die Moschee um die Ecke einen neuen Verst\u00e4rker einweiht?<br \/>\nWie \u00fcberlebt man als Geisterfahrer bei der Rallye Dakar?<br \/>\nWas bedeutet es, wenn einem ein Fremder eine Dose Kieselsteine schenkt?<br \/>\nDie Antworten zu diesen und anderen Fragen, die niemand jemals stellte, liefern diese Aufzeichnungen eines Kleinglaubenshelden.<\/p>\n","protected":false},"excerpt":{"rendered":"<p>Was passiert, wenn man einen Sofakrieger in das westafrikanischste aller L\u00e4nder expediert? In eine Gegend fernab von anderen Portos (=Wei\u00dfen), in der sich multimediale Str\u00f6me nur am Fluss finden lassen? Ideale Voraussetzung, um ausgiebig Kulturschocks zu durchleben. Und anderen zu verpassen. Warum sollte man niemals einen Brief mit rotem Filzstift schreiben? Was geschieht, wenn die Moschee um die Ecke einen neuen Verst\u00e4rker einweiht? Wie \u00fcberlebt man als Geisterfahrer bei der Rallye Dakar? Was bedeutet es, wenn einem ein Fremder eine Dose Kieselsteine schenkt? Die Antworten zu diesen und anderen Fragen, die niemand jemals stellte, liefern diese Aufzeichnungen eines Kleinglaubenshelden.<\/p>\n","protected":false},"featured_media":6602,"template":"","meta":[],"product_brand":[],"product_cat":[15,25],"product_tag":[],"class_list":{"0":"post-9479","1":"product","2":"type-product","3":"status-publish","4":"has-post-thumbnail","6":"product_cat-concepcion-seidel-ohg","7":"product_cat-individuelles-geschichte-und-gegenwart","8":"product_shipping_class-buecher-bis-2kg","10":"first","11":"instock","12":"shipping-taxable","13":"purchasable","14":"product-type-simple"},"acf":[],"_links":{"self":[{"href":"https:\/\/concepcion.de\/index.php\/wp-json\/wp\/v2\/product\/9479","targetHints":{"allow":["GET"]}}],"collection":[{"href":"https:\/\/concepcion.de\/index.php\/wp-json\/wp\/v2\/product"}],"about":[{"href":"https:\/\/concepcion.de\/index.php\/wp-json\/wp\/v2\/types\/product"}],"wp:featuredmedia":[{"embeddable":true,"href":"https:\/\/concepcion.de\/index.php\/wp-json\/wp\/v2\/media\/6602"}],"wp:attachment":[{"href":"https:\/\/concepcion.de\/index.php\/wp-json\/wp\/v2\/media?parent=9479"}],"wp:term":[{"taxonomy":"product_brand","embeddable":true,"href":"https:\/\/concepcion.de\/index.php\/wp-json\/wp\/v2\/product_brand?post=9479"},{"taxonomy":"product_cat","embeddable":true,"href":"https:\/\/concepcion.de\/index.php\/wp-json\/wp\/v2\/product_cat?post=9479"},{"taxonomy":"product_tag","embeddable":true,"href":"https:\/\/concepcion.de\/index.php\/wp-json\/wp\/v2\/product_tag?post=9479"}],"curies":[{"name":"wp","href":"https:\/\/api.w.org\/{rel}","templated":true}]}}