{"id":9446,"date":"2025-02-08T19:39:25","date_gmt":"2025-02-08T19:39:25","guid":{"rendered":"https:\/\/concepcion.de\/?post_type=product&#038;p=9446"},"modified":"2025-03-20T12:17:05","modified_gmt":"2025-03-20T12:17:05","slug":"gottes-wort-gereimt","status":"publish","type":"product","link":"https:\/\/concepcion.de\/index.php\/produkt\/gottes-wort-gereimt\/","title":{"rendered":"Gottes Wort gereimt"},"content":{"rendered":"<p>Meistens wird bei Bibel\u00fcbersetzungen zwischen Ausgaben f\u00fcr Erwachsene und Kinder unterschieden. Der Text dieses Buches spricht ganz unterschiedliche Altersstufen an. Erwachsene werden Bekanntes nicht vermissen, kurze Zeilen und eine Reimform, die in die biblische Gedankenwelt mitnimmt, erschlie\u00dft den Kindern schwierige Inhalte. Der Grundtext der biblischen Urgeschichte wird ernst genommen und l\u00e4sst die dortige Chronologie unver\u00e4ndert. Dahinter steht die \u00dcberzeugung, dass sich Gott in seinem Wort f\u00fcr alle Menschen klar und verst\u00e4ndlich ge\u00e4u\u00dfert hat. Ein vermeintlicher eigentlicher Gehalt muss hinter dem Bibeltext und in zurechtr\u00fcckenden Erkl\u00e4rungen nicht gesucht werden. Die Autoren erz\u00e4hlen die Urgeschichte als Handeln Gottes in Raum und Zeit, mit dem alles begann. Mit der Reimform schlie\u00dfen sie an die j\u00fcdische Tradition an, n\u00e4mlich Texte so darzubieten, dass sie auch auswendig zu lernen, gut zu behalten und zu \u00fcberliefern sind. Eine Fortsetzung des Projektes mit biblischer Heils- und Endgeschichte ist in Arbeit.<\/p>\n","protected":false},"excerpt":{"rendered":"<p>Meistens wird bei Bibel\u00fcbersetzungen zwischen Ausgaben f\u00fcr Erwachsene und Kinder unterschieden. Der Text dieses Buches spricht ganz unterschiedliche Altersstufen an. Erwachsene werden Bekanntes nicht vermissen, kurze Zeilen und eine Reimform, die in die biblische Gedankenwelt mitnimmt, erschlie\u00dft den Kindern schwierige Inhalte. Der Grundtext der biblischen Urgeschichte wird ernst genommen und l\u00e4sst die dortige Chronologie unver\u00e4ndert. Dahinter steht die \u00dcberzeugung, dass sich Gott in seinem Wort f\u00fcr alle Menschen klar und verst\u00e4ndlich ge\u00e4u\u00dfert hat. Ein vermeintlicher eigentlicher Gehalt muss hinter dem Bibeltext und in zurechtr\u00fcckenden Erkl\u00e4rungen nicht gesucht werden. Die Autoren erz\u00e4hlen die Urgeschichte als Handeln Gottes in Raum und Zeit, mit dem alles begann. Mit der Reimform schlie\u00dfen sie an die j\u00fcdische Tradition an, n\u00e4mlich Texte so darzubieten, dass sie auch auswendig zu lernen, gut zu behalten und zu \u00fcberliefern sind. Eine Fortsetzung des Projektes mit biblischer Heils- und Endgeschichte ist in Arbeit.<\/p>\n","protected":false},"featured_media":6570,"template":"","meta":[],"product_brand":[],"product_cat":[42,15],"product_tag":[],"class_list":{"0":"post-9446","1":"product","2":"type-product","3":"status-publish","4":"has-post-thumbnail","6":"product_cat-allgemeines","7":"product_cat-concepcion-seidel-ohg","8":"product_shipping_class-buecher-bis-2kg","10":"first","11":"instock","12":"shipping-taxable","13":"purchasable","14":"product-type-simple"},"acf":[],"_links":{"self":[{"href":"https:\/\/concepcion.de\/index.php\/wp-json\/wp\/v2\/product\/9446","targetHints":{"allow":["GET"]}}],"collection":[{"href":"https:\/\/concepcion.de\/index.php\/wp-json\/wp\/v2\/product"}],"about":[{"href":"https:\/\/concepcion.de\/index.php\/wp-json\/wp\/v2\/types\/product"}],"wp:featuredmedia":[{"embeddable":true,"href":"https:\/\/concepcion.de\/index.php\/wp-json\/wp\/v2\/media\/6570"}],"wp:attachment":[{"href":"https:\/\/concepcion.de\/index.php\/wp-json\/wp\/v2\/media?parent=9446"}],"wp:term":[{"taxonomy":"product_brand","embeddable":true,"href":"https:\/\/concepcion.de\/index.php\/wp-json\/wp\/v2\/product_brand?post=9446"},{"taxonomy":"product_cat","embeddable":true,"href":"https:\/\/concepcion.de\/index.php\/wp-json\/wp\/v2\/product_cat?post=9446"},{"taxonomy":"product_tag","embeddable":true,"href":"https:\/\/concepcion.de\/index.php\/wp-json\/wp\/v2\/product_tag?post=9446"}],"curies":[{"name":"wp","href":"https:\/\/api.w.org\/{rel}","templated":true}]}}