{"id":9427,"date":"2025-02-08T19:39:24","date_gmt":"2025-02-08T19:39:24","guid":{"rendered":"https:\/\/concepcion.de\/?post_type=product&#038;p=9427"},"modified":"2025-03-20T12:26:28","modified_gmt":"2025-03-20T12:26:28","slug":"uli-in-lebensgefahr","status":"publish","type":"product","link":"https:\/\/concepcion.de\/index.php\/produkt\/uli-in-lebensgefahr\/","title":{"rendered":"Uli in Lebensgefahr"},"content":{"rendered":"<p>In eine Elektrogro\u00dfhandlung wird eingebrochen. Immer wieder. Ein Fall f\u00fcr Uli. Hat der gerissene Einbrecher nicht vielleicht einen Fehler begangen? Zuerst scheint alles schiefzugehen. Doch durch Ulis Sp\u00fcrsinn finden er und seine Freunde eine hei\u00dfe Spur. Dann \u00fcberschlagen sich die Ereignisse: Uli und seine Freunde werden selbst gejagt und sitzen ganz sch\u00f6n in der Patsche &#8230;<\/p>\n","protected":false},"excerpt":{"rendered":"<p>In eine Elektrogro\u00dfhandlung wird eingebrochen. Immer wieder. Ein Fall f\u00fcr Uli. Hat der gerissene Einbrecher nicht vielleicht einen Fehler begangen? Zuerst scheint alles schiefzugehen. Doch durch Ulis Sp\u00fcrsinn finden er und seine Freunde eine hei\u00dfe Spur. Dann \u00fcberschlagen sich die Ereignisse: Uli und seine Freunde werden selbst gejagt und sitzen ganz sch\u00f6n in der Patsche &#8230;<\/p>\n","protected":false},"featured_media":6552,"template":"","meta":[],"product_brand":[],"product_cat":[15,21],"product_tag":[],"class_list":{"0":"post-9427","1":"product","2":"type-product","3":"status-publish","4":"has-post-thumbnail","6":"product_cat-concepcion-seidel-ohg","7":"product_cat-kinderundjuegendliteratur","8":"product_shipping_class-buecher-bis-2kg","10":"first","11":"instock","12":"shipping-taxable","13":"purchasable","14":"product-type-simple"},"acf":[],"_links":{"self":[{"href":"https:\/\/concepcion.de\/index.php\/wp-json\/wp\/v2\/product\/9427","targetHints":{"allow":["GET"]}}],"collection":[{"href":"https:\/\/concepcion.de\/index.php\/wp-json\/wp\/v2\/product"}],"about":[{"href":"https:\/\/concepcion.de\/index.php\/wp-json\/wp\/v2\/types\/product"}],"wp:featuredmedia":[{"embeddable":true,"href":"https:\/\/concepcion.de\/index.php\/wp-json\/wp\/v2\/media\/6552"}],"wp:attachment":[{"href":"https:\/\/concepcion.de\/index.php\/wp-json\/wp\/v2\/media?parent=9427"}],"wp:term":[{"taxonomy":"product_brand","embeddable":true,"href":"https:\/\/concepcion.de\/index.php\/wp-json\/wp\/v2\/product_brand?post=9427"},{"taxonomy":"product_cat","embeddable":true,"href":"https:\/\/concepcion.de\/index.php\/wp-json\/wp\/v2\/product_cat?post=9427"},{"taxonomy":"product_tag","embeddable":true,"href":"https:\/\/concepcion.de\/index.php\/wp-json\/wp\/v2\/product_tag?post=9427"}],"curies":[{"name":"wp","href":"https:\/\/api.w.org\/{rel}","templated":true}]}}