{"id":9420,"date":"2025-02-08T19:39:13","date_gmt":"2025-02-08T19:39:13","guid":{"rendered":"https:\/\/concepcion.de\/?post_type=product&#038;p=9420"},"modified":"2025-03-20T13:16:41","modified_gmt":"2025-03-20T13:16:41","slug":"narzissas-erbe","status":"publish","type":"product","link":"https:\/\/concepcion.de\/index.php\/produkt\/narzissas-erbe\/","title":{"rendered":"Narzissas Erbe"},"content":{"rendered":"<p>Eine Feuerwerksrakete markiert den Anfang der Geschichte, die aus der liebreizenden Prinzessin Narzissa die gef\u00fcrchtete gr\u00fcne Regentin macht. Sie beginnt eine dunkle Herrschaft. Doch Narzissas wirkliches Erbe bedeutet Leben f\u00fcr alle, die sich daf\u00fcr entscheiden.<\/p>\n","protected":false},"excerpt":{"rendered":"<p>Eine Feuerwerksrakete markiert den Anfang der Geschichte, die aus der liebreizenden Prinzessin Narzissa die gef\u00fcrchtete gr\u00fcne Regentin macht. Sie beginnt eine dunkle Herrschaft. Doch Narzissas wirkliches Erbe bedeutet Leben f\u00fcr alle, die sich daf\u00fcr entscheiden.<\/p>\n","protected":false},"featured_media":6546,"template":"","meta":[],"product_brand":[],"product_cat":[15,21],"product_tag":[],"class_list":{"0":"post-9420","1":"product","2":"type-product","3":"status-publish","4":"has-post-thumbnail","6":"product_cat-concepcion-seidel-ohg","7":"product_cat-kinderundjuegendliteratur","8":"product_shipping_class-buecher-bis-2kg","10":"first","11":"instock","12":"shipping-taxable","13":"purchasable","14":"product-type-simple"},"acf":[],"_links":{"self":[{"href":"https:\/\/concepcion.de\/index.php\/wp-json\/wp\/v2\/product\/9420","targetHints":{"allow":["GET"]}}],"collection":[{"href":"https:\/\/concepcion.de\/index.php\/wp-json\/wp\/v2\/product"}],"about":[{"href":"https:\/\/concepcion.de\/index.php\/wp-json\/wp\/v2\/types\/product"}],"wp:featuredmedia":[{"embeddable":true,"href":"https:\/\/concepcion.de\/index.php\/wp-json\/wp\/v2\/media\/6546"}],"wp:attachment":[{"href":"https:\/\/concepcion.de\/index.php\/wp-json\/wp\/v2\/media?parent=9420"}],"wp:term":[{"taxonomy":"product_brand","embeddable":true,"href":"https:\/\/concepcion.de\/index.php\/wp-json\/wp\/v2\/product_brand?post=9420"},{"taxonomy":"product_cat","embeddable":true,"href":"https:\/\/concepcion.de\/index.php\/wp-json\/wp\/v2\/product_cat?post=9420"},{"taxonomy":"product_tag","embeddable":true,"href":"https:\/\/concepcion.de\/index.php\/wp-json\/wp\/v2\/product_tag?post=9420"}],"curies":[{"name":"wp","href":"https:\/\/api.w.org\/{rel}","templated":true}]}}