{"id":9417,"date":"2025-02-08T19:39:13","date_gmt":"2025-02-08T19:39:13","guid":{"rendered":"https:\/\/concepcion.de\/?post_type=product&#038;p=9417"},"modified":"2025-03-20T13:08:33","modified_gmt":"2025-03-20T13:08:33","slug":"reife-routen","status":"publish","type":"product","link":"https:\/\/concepcion.de\/index.php\/produkt\/reife-routen\/","title":{"rendered":"Reife.Routen"},"content":{"rendered":"<p>Auf welchem Gebiet bin ich gut? Das fragt sich Johanna, die nach sehr schlechter Mittlerer Reife ihre Zensuren-Talfahrt in der 11. Klasse fortsetzt. Mit Geron, in den sie sich verliebt, trifft sie sich h\u00e4ufig zum Computerspiel. Jeden Abend sitzt sie vor dem Echtzeit-Strategiespiel.<br \/>\nDie schlechten Klausuren verheimlicht sie ihren Eltern, welche mit dem Umbau des alten Gasthauses zum Landhotel besch\u00e4ftigt sind. Durch Herrn R\u00fcbenhof, Johannas Mathelehrer, erfahren ihre Eltern von den schlechten Klausurergebnissen.<br \/>\nWie soll es f\u00fcr Johanna weitergehen?<br \/>\nVielleicht kann Tante Viktorias Idee einer Auszeit Johanna und sp\u00e4ter auch Danilo weiterhelfen.<br \/>\nWer bin ich? Welcher Weg ist der Richtige? Welches Ziel habe ich? Diese Fragen begegnen Johanna. Auf dem Weg durch die Oberstufe ist sie verwoben mit vielen Menschen.<br \/>\nSie erlebt Mobbing, Streit, Glaube, Zuspruch, Hilfe und Freundschaft.<br \/>\nAuf dem Weg sich selber kennenzulernen, trifft sie Entscheidungen.<\/p>\n","protected":false},"excerpt":{"rendered":"<p>Auf welchem Gebiet bin ich gut? Das fragt sich Johanna, die nach sehr schlechter Mittlerer Reife ihre Zensuren-Talfahrt in der 11. Klasse fortsetzt. Mit Geron, in den sie sich verliebt, trifft sie sich h\u00e4ufig zum Computerspiel. Jeden Abend sitzt sie vor dem Echtzeit-Strategiespiel. Die schlechten Klausuren verheimlicht sie ihren Eltern, welche mit dem Umbau des alten Gasthauses zum Landhotel besch\u00e4ftigt sind. Durch Herrn R\u00fcbenhof, Johannas Mathelehrer, erfahren ihre Eltern von den schlechten Klausurergebnissen. Wie soll es f\u00fcr Johanna weitergehen? Vielleicht kann Tante Viktorias Idee einer Auszeit Johanna und sp\u00e4ter auch Danilo weiterhelfen. Wer bin ich? Welcher Weg ist der Richtige? Welches Ziel habe ich? Diese Fragen begegnen Johanna. Auf dem Weg durch die Oberstufe ist sie verwoben mit vielen Menschen. Sie erlebt Mobbing, Streit, Glaube, Zuspruch, Hilfe und Freundschaft. Auf dem Weg sich selber kennenzulernen, trifft sie Entscheidungen.<\/p>\n","protected":false},"featured_media":6275,"template":"","meta":[],"product_brand":[],"product_cat":[15,21],"product_tag":[],"class_list":{"0":"post-9417","1":"product","2":"type-product","3":"status-publish","4":"has-post-thumbnail","6":"product_cat-concepcion-seidel-ohg","7":"product_cat-kinderundjuegendliteratur","8":"product_shipping_class-buecher-bis-2kg","10":"first","11":"instock","12":"shipping-taxable","13":"purchasable","14":"product-type-simple"},"acf":[],"_links":{"self":[{"href":"https:\/\/concepcion.de\/index.php\/wp-json\/wp\/v2\/product\/9417","targetHints":{"allow":["GET"]}}],"collection":[{"href":"https:\/\/concepcion.de\/index.php\/wp-json\/wp\/v2\/product"}],"about":[{"href":"https:\/\/concepcion.de\/index.php\/wp-json\/wp\/v2\/types\/product"}],"wp:featuredmedia":[{"embeddable":true,"href":"https:\/\/concepcion.de\/index.php\/wp-json\/wp\/v2\/media\/6275"}],"wp:attachment":[{"href":"https:\/\/concepcion.de\/index.php\/wp-json\/wp\/v2\/media?parent=9417"}],"wp:term":[{"taxonomy":"product_brand","embeddable":true,"href":"https:\/\/concepcion.de\/index.php\/wp-json\/wp\/v2\/product_brand?post=9417"},{"taxonomy":"product_cat","embeddable":true,"href":"https:\/\/concepcion.de\/index.php\/wp-json\/wp\/v2\/product_cat?post=9417"},{"taxonomy":"product_tag","embeddable":true,"href":"https:\/\/concepcion.de\/index.php\/wp-json\/wp\/v2\/product_tag?post=9417"}],"curies":[{"name":"wp","href":"https:\/\/api.w.org\/{rel}","templated":true}]}}