{"id":9413,"date":"2025-02-08T19:39:13","date_gmt":"2025-02-08T19:39:13","guid":{"rendered":"https:\/\/concepcion.de\/?post_type=product&#038;p=9413"},"modified":"2025-03-20T13:05:57","modified_gmt":"2025-03-20T13:05:57","slug":"unter-sklavenhaendlern","status":"publish","type":"product","link":"https:\/\/concepcion.de\/index.php\/produkt\/unter-sklavenhaendlern\/","title":{"rendered":"Unter Sklavenh\u00e4ndlern"},"content":{"rendered":"<p>Schreie gellen durch die afrikanische Nacht.<br \/>\nDas Dorf, in dem Kibi lebt, wird von Sklavenh\u00e4ndlern \u00fcberfallen. Bald findet sich der Junge auf einem Sklavenschiff wieder.<br \/>\nDort ist auch der geheimnisvolle Nachbar Kibis aus dem Heimatdorf. Schon lange versuchte Kibi, dessen Geheimnis zu l\u00fcften. Hat Kibis Nachbar wirklich seine Eltern ermordet?<br \/>\nIn Amerika angekommen, geht es Kibi f\u00fcr einen Sklaven sehr gut. Doch da geschieht etwas Unerwartetes, das er nie f\u00fcr m\u00f6glich gehalten h\u00e4tte &#8230;<\/p>\n","protected":false},"excerpt":{"rendered":"<p>Schreie gellen durch die afrikanische Nacht. Das Dorf, in dem Kibi lebt, wird von Sklavenh\u00e4ndlern \u00fcberfallen. Bald findet sich der Junge auf einem Sklavenschiff wieder. Dort ist auch der geheimnisvolle Nachbar Kibis aus dem Heimatdorf. Schon lange versuchte Kibi, dessen Geheimnis zu l\u00fcften. Hat Kibis Nachbar wirklich seine Eltern ermordet? In Amerika angekommen, geht es Kibi f\u00fcr einen Sklaven sehr gut. Doch da geschieht etwas Unerwartetes, das er nie f\u00fcr m\u00f6glich gehalten h\u00e4tte &#8230;<\/p>\n","protected":false},"featured_media":6541,"template":"","meta":[],"product_brand":[],"product_cat":[15,21],"product_tag":[],"class_list":{"0":"post-9413","1":"product","2":"type-product","3":"status-publish","4":"has-post-thumbnail","6":"product_cat-concepcion-seidel-ohg","7":"product_cat-kinderundjuegendliteratur","8":"product_shipping_class-buecher-bis-2kg","10":"first","11":"instock","12":"shipping-taxable","13":"purchasable","14":"product-type-simple"},"acf":[],"_links":{"self":[{"href":"https:\/\/concepcion.de\/index.php\/wp-json\/wp\/v2\/product\/9413","targetHints":{"allow":["GET"]}}],"collection":[{"href":"https:\/\/concepcion.de\/index.php\/wp-json\/wp\/v2\/product"}],"about":[{"href":"https:\/\/concepcion.de\/index.php\/wp-json\/wp\/v2\/types\/product"}],"wp:featuredmedia":[{"embeddable":true,"href":"https:\/\/concepcion.de\/index.php\/wp-json\/wp\/v2\/media\/6541"}],"wp:attachment":[{"href":"https:\/\/concepcion.de\/index.php\/wp-json\/wp\/v2\/media?parent=9413"}],"wp:term":[{"taxonomy":"product_brand","embeddable":true,"href":"https:\/\/concepcion.de\/index.php\/wp-json\/wp\/v2\/product_brand?post=9413"},{"taxonomy":"product_cat","embeddable":true,"href":"https:\/\/concepcion.de\/index.php\/wp-json\/wp\/v2\/product_cat?post=9413"},{"taxonomy":"product_tag","embeddable":true,"href":"https:\/\/concepcion.de\/index.php\/wp-json\/wp\/v2\/product_tag?post=9413"}],"curies":[{"name":"wp","href":"https:\/\/api.w.org\/{rel}","templated":true}]}}