{"id":9412,"date":"2025-02-08T19:39:13","date_gmt":"2025-02-08T19:39:13","guid":{"rendered":"https:\/\/concepcion.de\/?post_type=product&#038;p=9412"},"modified":"2025-03-20T13:05:13","modified_gmt":"2025-03-20T13:05:13","slug":"erich-becher-die-vogtlaendische-transportanstalt-1848-1851","status":"publish","type":"product","link":"https:\/\/concepcion.de\/index.php\/produkt\/erich-becher-die-vogtlaendische-transportanstalt-1848-1851\/","title":{"rendered":"Erich Becher, Die Vogtl\u00e4ndische Transportanstalt 1848 &#8211; 1851"},"content":{"rendered":"<p>Fast 3 Jahre \u201eSchienenersatzverkehr&#8220; zwischen Reichenbach und Plauen bis zur Fertigstellung der G\u00f6ltzschtal- und Elstertalbr\u00fccke waren notwendig, ein Unternehmen mit 120 Pferden wurde gegr\u00fcndet und wieder aufgel\u00f6st, Stra\u00dfen wurden neu gebaut, um dieses Transportproblem zu l\u00f6sen.Nebenbei &#8211; B\u00fcrokratie ist nur dem Namen nach eine Erfindung der heutigen Zeit. Alles dar\u00fcber erfahren Sie in diesem Buch.<\/p>\n","protected":false},"excerpt":{"rendered":"<p>Fast 3 Jahre \u201eSchienenersatzverkehr&#8220; zwischen Reichenbach und Plauen bis zur Fertigstellung der G\u00f6ltzschtal- und Elstertalbr\u00fccke waren notwendig, ein Unternehmen mit 120 Pferden wurde gegr\u00fcndet und wieder aufgel\u00f6st, Stra\u00dfen wurden neu gebaut, um dieses Transportproblem zu l\u00f6sen.Nebenbei &#8211; B\u00fcrokratie ist nur dem Namen nach eine Erfindung der heutigen Zeit. Alles dar\u00fcber erfahren Sie in diesem Buch.<\/p>\n","protected":false},"featured_media":6540,"template":"","meta":[],"product_brand":[],"product_cat":[15,24],"product_tag":[],"class_list":{"0":"post-9412","1":"product","2":"type-product","3":"status-publish","4":"has-post-thumbnail","6":"product_cat-concepcion-seidel-ohg","7":"product_cat-vogtlandverlag","8":"product_shipping_class-buecher-bis-2kg","10":"first","11":"instock","12":"shipping-taxable","13":"purchasable","14":"product-type-simple"},"acf":[],"_links":{"self":[{"href":"https:\/\/concepcion.de\/index.php\/wp-json\/wp\/v2\/product\/9412","targetHints":{"allow":["GET"]}}],"collection":[{"href":"https:\/\/concepcion.de\/index.php\/wp-json\/wp\/v2\/product"}],"about":[{"href":"https:\/\/concepcion.de\/index.php\/wp-json\/wp\/v2\/types\/product"}],"wp:featuredmedia":[{"embeddable":true,"href":"https:\/\/concepcion.de\/index.php\/wp-json\/wp\/v2\/media\/6540"}],"wp:attachment":[{"href":"https:\/\/concepcion.de\/index.php\/wp-json\/wp\/v2\/media?parent=9412"}],"wp:term":[{"taxonomy":"product_brand","embeddable":true,"href":"https:\/\/concepcion.de\/index.php\/wp-json\/wp\/v2\/product_brand?post=9412"},{"taxonomy":"product_cat","embeddable":true,"href":"https:\/\/concepcion.de\/index.php\/wp-json\/wp\/v2\/product_cat?post=9412"},{"taxonomy":"product_tag","embeddable":true,"href":"https:\/\/concepcion.de\/index.php\/wp-json\/wp\/v2\/product_tag?post=9412"}],"curies":[{"name":"wp","href":"https:\/\/api.w.org\/{rel}","templated":true}]}}