{"id":9407,"date":"2025-02-08T19:39:12","date_gmt":"2025-02-08T19:39:12","guid":{"rendered":"https:\/\/concepcion.de\/?post_type=product&#038;p=9407"},"modified":"2025-03-20T13:53:26","modified_gmt":"2025-03-20T13:53:26","slug":"aus-meiner-kreidezeit-bd-2-oberkreide-und-postkreidezeit","status":"publish","type":"product","link":"https:\/\/concepcion.de\/index.php\/produkt\/aus-meiner-kreidezeit-bd-2-oberkreide-und-postkreidezeit\/","title":{"rendered":"Aus meiner Kreidezeit Bd. 2 &#8211; Oberkreide und Postkreidezeit"},"content":{"rendered":"<p>Gerhard Moser (1933 in Annaberg geboren) war von 1956 bis 1990 als Lehrer t\u00e4tig. Dann wurde er als Schulrat berufen. Nach Erreichen des Rentenalters wirkte er noch einige Jahre als Stadtrat in seinem Wohnort Oelsnitz\/Erz. und als Kreisrat des Altkreises Stollberg. Innerhalb der Reihe: \u201eEine unvollendete Trilogie: Gro\u00dfvater &#8211; Vater &#8211; Sohn&#8220; legt er im 2. Buch seine Biographie offen. Aus technischen Gr\u00fcnden liegt das Buch \u201eAus meiner Kreidezeit&#8220; in zwei Teilen vor. W\u00e4hrend er im ersten Teil die H\u00f6hen und Tiefen seines Lehrerberufes unter DDR-Bedingungen beschreibt, erf\u00e4hrt der Leser im Teil \u201eOberkreidezeit&#8220; von den Freuden und Problemen der neuen gesellschaftlichen Verh\u00e4ltnissen. Moser prangert in seinen Memoiren ohne Scheu auch die Ausw\u00fcchse der B\u00fcrokratie in der heutigen Zeit an. In seiner \u201ePostkreidezeit&#8220; erz\u00e4hlt Moser von gesellschaftlichen Verpflichtungen und manchen Reisen als ungebundener Rentner. Gleichzeitig bezweckt der Autor mit dieser Schrift auch eine W\u00fcrdigung seiner Mitstreiter. Das dritte Buch (Sohn Michael) liegt erst teilweise als Manuskript vor, deshalb \u201eEine unvollendete Trilogie&#8220;.<\/p>\n","protected":false},"excerpt":{"rendered":"<p>Gerhard Moser (1933 in Annaberg geboren) war von 1956 bis 1990 als Lehrer t\u00e4tig. Dann wurde er als Schulrat berufen. Nach Erreichen des Rentenalters wirkte er noch einige Jahre als Stadtrat in seinem Wohnort Oelsnitz\/Erz. und als Kreisrat des Altkreises Stollberg. Innerhalb der Reihe: \u201eEine unvollendete Trilogie: Gro\u00dfvater &#8211; Vater &#8211; Sohn&#8220; legt er im 2. Buch seine Biographie offen. Aus technischen Gr\u00fcnden liegt das Buch \u201eAus meiner Kreidezeit&#8220; in zwei Teilen vor. W\u00e4hrend er im ersten Teil die H\u00f6hen und Tiefen seines Lehrerberufes unter DDR-Bedingungen beschreibt, erf\u00e4hrt der Leser im Teil \u201eOberkreidezeit&#8220; von den Freuden und Problemen der neuen gesellschaftlichen Verh\u00e4ltnissen. Moser prangert in seinen Memoiren ohne Scheu auch die Ausw\u00fcchse der B\u00fcrokratie in der heutigen Zeit an. In seiner \u201ePostkreidezeit&#8220; erz\u00e4hlt Moser von gesellschaftlichen Verpflichtungen und manchen Reisen als ungebundener Rentner. Gleichzeitig bezweckt der Autor mit dieser Schrift auch eine W\u00fcrdigung seiner Mitstreiter. Das dritte Buch (Sohn Michael) liegt erst teilweise als Manuskript vor, deshalb \u201eEine unvollendete Trilogie&#8220;.<\/p>\n","protected":false},"featured_media":6535,"template":"","meta":[],"product_brand":[],"product_cat":[15,25],"product_tag":[],"class_list":{"0":"post-9407","1":"product","2":"type-product","3":"status-publish","4":"has-post-thumbnail","6":"product_cat-concepcion-seidel-ohg","7":"product_cat-individuelles-geschichte-und-gegenwart","8":"product_shipping_class-buecher-bis-2kg","10":"first","11":"instock","12":"shipping-taxable","13":"purchasable","14":"product-type-simple"},"acf":[],"_links":{"self":[{"href":"https:\/\/concepcion.de\/index.php\/wp-json\/wp\/v2\/product\/9407","targetHints":{"allow":["GET"]}}],"collection":[{"href":"https:\/\/concepcion.de\/index.php\/wp-json\/wp\/v2\/product"}],"about":[{"href":"https:\/\/concepcion.de\/index.php\/wp-json\/wp\/v2\/types\/product"}],"wp:featuredmedia":[{"embeddable":true,"href":"https:\/\/concepcion.de\/index.php\/wp-json\/wp\/v2\/media\/6535"}],"wp:attachment":[{"href":"https:\/\/concepcion.de\/index.php\/wp-json\/wp\/v2\/media?parent=9407"}],"wp:term":[{"taxonomy":"product_brand","embeddable":true,"href":"https:\/\/concepcion.de\/index.php\/wp-json\/wp\/v2\/product_brand?post=9407"},{"taxonomy":"product_cat","embeddable":true,"href":"https:\/\/concepcion.de\/index.php\/wp-json\/wp\/v2\/product_cat?post=9407"},{"taxonomy":"product_tag","embeddable":true,"href":"https:\/\/concepcion.de\/index.php\/wp-json\/wp\/v2\/product_tag?post=9407"}],"curies":[{"name":"wp","href":"https:\/\/api.w.org\/{rel}","templated":true}]}}