{"id":9406,"date":"2025-02-08T19:39:12","date_gmt":"2025-02-08T19:39:12","guid":{"rendered":"https:\/\/concepcion.de\/?post_type=product&#038;p=9406"},"modified":"2025-03-20T13:52:47","modified_gmt":"2025-03-20T13:52:47","slug":"wann-wenn-nicht-wir","status":"publish","type":"product","link":"https:\/\/concepcion.de\/index.php\/produkt\/wann-wenn-nicht-wir\/","title":{"rendered":"Wann, wenn nicht wir"},"content":{"rendered":"<p>Die Christen haben sich in ihrer Ecke eingerichtet. Dabei w\u00e4re es n\u00f6tig, die Welt als \u201eKampfplatz&#8220; anzunehmen, in ihr den Ort der Bew\u00e4hrung ihres Glaubens zu sehen. Wo stehen wir heute, wenn alles im Flie\u00dfen begriffen ist? Wo gibt es Halt und Zuverl\u00e4ssigkeit?<br \/>\n&#8230; Mir geht es um die Analyse.<br \/>\n&#8230; Ich will zum Nachdenken anregen \u00fcber grunds\u00e4tzliche Fragen.<br \/>\n&#8230; Ich schreibe aus dem eigenen Erleben und Erleiden.<\/p>\n<p>Aus dem Vorwort von Johannes Stockmayer<\/p>\n","protected":false},"excerpt":{"rendered":"<p>Die Christen haben sich in ihrer Ecke eingerichtet. Dabei w\u00e4re es n\u00f6tig, die Welt als \u201eKampfplatz&#8220; anzunehmen, in ihr den Ort der Bew\u00e4hrung ihres Glaubens zu sehen. Wo stehen wir heute, wenn alles im Flie\u00dfen begriffen ist? Wo gibt es Halt und Zuverl\u00e4ssigkeit? &#8230; Mir geht es um die Analyse. &#8230; Ich will zum Nachdenken anregen \u00fcber grunds\u00e4tzliche Fragen. &#8230; Ich schreibe aus dem eigenen Erleben und Erleiden. Aus dem Vorwort von Johannes Stockmayer<\/p>\n","protected":false},"featured_media":6534,"template":"","meta":[],"product_brand":[],"product_cat":[82,15],"product_tag":[],"class_list":{"0":"post-9406","1":"product","2":"type-product","3":"status-publish","4":"has-post-thumbnail","6":"product_cat-bibel-grundsaetzliches","7":"product_cat-concepcion-seidel-ohg","8":"product_shipping_class-buecher-bis-2kg","10":"first","11":"instock","12":"shipping-taxable","13":"purchasable","14":"product-type-simple"},"acf":[],"_links":{"self":[{"href":"https:\/\/concepcion.de\/index.php\/wp-json\/wp\/v2\/product\/9406","targetHints":{"allow":["GET"]}}],"collection":[{"href":"https:\/\/concepcion.de\/index.php\/wp-json\/wp\/v2\/product"}],"about":[{"href":"https:\/\/concepcion.de\/index.php\/wp-json\/wp\/v2\/types\/product"}],"wp:featuredmedia":[{"embeddable":true,"href":"https:\/\/concepcion.de\/index.php\/wp-json\/wp\/v2\/media\/6534"}],"wp:attachment":[{"href":"https:\/\/concepcion.de\/index.php\/wp-json\/wp\/v2\/media?parent=9406"}],"wp:term":[{"taxonomy":"product_brand","embeddable":true,"href":"https:\/\/concepcion.de\/index.php\/wp-json\/wp\/v2\/product_brand?post=9406"},{"taxonomy":"product_cat","embeddable":true,"href":"https:\/\/concepcion.de\/index.php\/wp-json\/wp\/v2\/product_cat?post=9406"},{"taxonomy":"product_tag","embeddable":true,"href":"https:\/\/concepcion.de\/index.php\/wp-json\/wp\/v2\/product_tag?post=9406"}],"curies":[{"name":"wp","href":"https:\/\/api.w.org\/{rel}","templated":true}]}}