{"id":9405,"date":"2025-02-08T19:39:12","date_gmt":"2025-02-08T19:39:12","guid":{"rendered":"https:\/\/concepcion.de\/?post_type=product&#038;p=9405"},"modified":"2025-03-20T13:51:38","modified_gmt":"2025-03-20T13:51:38","slug":"ruhe-fuer-die-seele","status":"publish","type":"product","link":"https:\/\/concepcion.de\/index.php\/produkt\/ruhe-fuer-die-seele\/","title":{"rendered":"Ruhe f\u00fcr die Seele"},"content":{"rendered":"<p>&#8222;Meinen Frieden gebe ich euch&#8220;, verspricht Jesus in Johannes 14,27. Und in meiner Stillen Zeit mit ihm am Morgen sonne ich mich in diesem Frieden. <em>Ist das herrlich!,<\/em> denke ich ganz erf\u00fcllt. Doch dann st\u00fcrmt der Tag auf mich ein und bl\u00e4st allen Seelenfrieden weg wie ein Windsto\u00df, der die Zettel auf meinem Schreibtisch zu Boden wirbelt. An Jesus kann es nicht liegen, das wei\u00df ich. Schlie\u00dflich ist er die Treue in Person. Woher kommt es dann, dass die Ruhe, die ich eben noch empfunden habe, pl\u00f6tzlich wie weggefegt ist? Vielleicht habe ich irgendwo ein Fenster aufgelassen &#8230;<\/p>\n","protected":false},"excerpt":{"rendered":"<p>&#8222;Meinen Frieden gebe ich euch&#8220;, verspricht Jesus in Johannes 14,27. Und in meiner Stillen Zeit mit ihm am Morgen sonne ich mich in diesem Frieden. Ist das herrlich!, denke ich ganz erf\u00fcllt. Doch dann st\u00fcrmt der Tag auf mich ein und bl\u00e4st allen Seelenfrieden weg wie ein Windsto\u00df, der die Zettel auf meinem Schreibtisch zu Boden wirbelt. An Jesus kann es nicht liegen, das wei\u00df ich. Schlie\u00dflich ist er die Treue in Person. Woher kommt es dann, dass die Ruhe, die ich eben noch empfunden habe, pl\u00f6tzlich wie weggefegt ist? Vielleicht habe ich irgendwo ein Fenster aufgelassen &#8230;<\/p>\n","protected":false},"featured_media":6274,"template":"","meta":[],"product_brand":[],"product_cat":[42,15],"product_tag":[],"class_list":{"0":"post-9405","1":"product","2":"type-product","3":"status-publish","4":"has-post-thumbnail","6":"product_cat-allgemeines","7":"product_cat-concepcion-seidel-ohg","8":"product_shipping_class-buecher-bis-2kg","10":"first","11":"instock","12":"shipping-taxable","13":"purchasable","14":"product-type-simple"},"acf":[],"_links":{"self":[{"href":"https:\/\/concepcion.de\/index.php\/wp-json\/wp\/v2\/product\/9405","targetHints":{"allow":["GET"]}}],"collection":[{"href":"https:\/\/concepcion.de\/index.php\/wp-json\/wp\/v2\/product"}],"about":[{"href":"https:\/\/concepcion.de\/index.php\/wp-json\/wp\/v2\/types\/product"}],"wp:featuredmedia":[{"embeddable":true,"href":"https:\/\/concepcion.de\/index.php\/wp-json\/wp\/v2\/media\/6274"}],"wp:attachment":[{"href":"https:\/\/concepcion.de\/index.php\/wp-json\/wp\/v2\/media?parent=9405"}],"wp:term":[{"taxonomy":"product_brand","embeddable":true,"href":"https:\/\/concepcion.de\/index.php\/wp-json\/wp\/v2\/product_brand?post=9405"},{"taxonomy":"product_cat","embeddable":true,"href":"https:\/\/concepcion.de\/index.php\/wp-json\/wp\/v2\/product_cat?post=9405"},{"taxonomy":"product_tag","embeddable":true,"href":"https:\/\/concepcion.de\/index.php\/wp-json\/wp\/v2\/product_tag?post=9405"}],"curies":[{"name":"wp","href":"https:\/\/api.w.org\/{rel}","templated":true}]}}