{"id":9397,"date":"2025-02-08T19:39:12","date_gmt":"2025-02-08T19:39:12","guid":{"rendered":"https:\/\/concepcion.de\/?post_type=product&#038;p=9397"},"modified":"2025-03-20T13:39:20","modified_gmt":"2025-03-20T13:39:20","slug":"konsularischer-alltag-ii","status":"publish","type":"product","link":"https:\/\/concepcion.de\/index.php\/produkt\/konsularischer-alltag-ii\/","title":{"rendered":"Konsularischer Alltag II"},"content":{"rendered":"<p>Kurt Henning:<br \/>\n-1943 auf Grund der Kriegsereignisse nach Th\u00fcringen evakuiert, dort Schulausbildung und Gymnasium<br \/>\n-1952 R\u00fcckkehr nach Kassel, mehrere Jahre Milit\u00e4rzeit bei der Bundeswehr<br \/>\n-1967 Eintritt in den Gehobenen Ausw\u00e4rtigen Dienst des Ausw\u00e4rtigen Amts in Bonn<br \/>\n-Ausbildung in Bonn und Paris mit Abschluss als Diplom- Verwaltungswirt<br \/>\n-anschlie\u00dfend kurze T\u00e4tigkeit im Kulturreferat<br \/>\n-es folgen Auslandsdienstposten in Budapest, Malm\u00f6, Madrid und Montevideo<br \/>\n-nach R\u00fcckversetzung Sachbearbeiter im Referat f\u00fcr besondere Rechtsgebiete in Bonn<br \/>\n-\u00dcbernahme von Aufgaben im Beschaffungsreferat und als Personalratsmitglied<br \/>\n-erneute Auslandsverwendungen in Wilna und als Kanzler 1. Klasse in Luxemburg und Belgrad<br \/>\n-Dienstreisen und Privatreisen in fast alle L\u00e4nder der Erde<br \/>\n-lebt seit seiner Pensionierung im Rheinland, in der N\u00e4he von Bonn<\/p>\n","protected":false},"excerpt":{"rendered":"<p>Kurt Henning: -1943 auf Grund der Kriegsereignisse nach Th\u00fcringen evakuiert, dort Schulausbildung und Gymnasium -1952 R\u00fcckkehr nach Kassel, mehrere Jahre Milit\u00e4rzeit bei der Bundeswehr -1967 Eintritt in den Gehobenen Ausw\u00e4rtigen Dienst des Ausw\u00e4rtigen Amts in Bonn -Ausbildung in Bonn und Paris mit Abschluss als Diplom- Verwaltungswirt -anschlie\u00dfend kurze T\u00e4tigkeit im Kulturreferat -es folgen Auslandsdienstposten in Budapest, Malm\u00f6, Madrid und Montevideo -nach R\u00fcckversetzung Sachbearbeiter im Referat f\u00fcr besondere Rechtsgebiete in Bonn -\u00dcbernahme von Aufgaben im Beschaffungsreferat und als Personalratsmitglied -erneute Auslandsverwendungen in Wilna und als Kanzler 1. Klasse in Luxemburg und Belgrad -Dienstreisen und Privatreisen in fast alle L\u00e4nder der Erde -lebt seit seiner Pensionierung im Rheinland, in der N\u00e4he von Bonn<\/p>\n","protected":false},"featured_media":6526,"template":"","meta":[],"product_brand":[],"product_cat":[15,25],"product_tag":[],"class_list":{"0":"post-9397","1":"product","2":"type-product","3":"status-publish","4":"has-post-thumbnail","6":"product_cat-concepcion-seidel-ohg","7":"product_cat-individuelles-geschichte-und-gegenwart","8":"product_shipping_class-buecher-bis-2kg","10":"first","11":"instock","12":"shipping-taxable","13":"purchasable","14":"product-type-simple"},"acf":[],"_links":{"self":[{"href":"https:\/\/concepcion.de\/index.php\/wp-json\/wp\/v2\/product\/9397","targetHints":{"allow":["GET"]}}],"collection":[{"href":"https:\/\/concepcion.de\/index.php\/wp-json\/wp\/v2\/product"}],"about":[{"href":"https:\/\/concepcion.de\/index.php\/wp-json\/wp\/v2\/types\/product"}],"wp:featuredmedia":[{"embeddable":true,"href":"https:\/\/concepcion.de\/index.php\/wp-json\/wp\/v2\/media\/6526"}],"wp:attachment":[{"href":"https:\/\/concepcion.de\/index.php\/wp-json\/wp\/v2\/media?parent=9397"}],"wp:term":[{"taxonomy":"product_brand","embeddable":true,"href":"https:\/\/concepcion.de\/index.php\/wp-json\/wp\/v2\/product_brand?post=9397"},{"taxonomy":"product_cat","embeddable":true,"href":"https:\/\/concepcion.de\/index.php\/wp-json\/wp\/v2\/product_cat?post=9397"},{"taxonomy":"product_tag","embeddable":true,"href":"https:\/\/concepcion.de\/index.php\/wp-json\/wp\/v2\/product_tag?post=9397"}],"curies":[{"name":"wp","href":"https:\/\/api.w.org\/{rel}","templated":true}]}}